{"id":1477,"date":"2024-06-28T12:52:46","date_gmt":"2024-06-28T12:52:46","guid":{"rendered":"https:\/\/womanature.pl\/?page_id=1477"},"modified":"2024-08-01T10:53:49","modified_gmt":"2024-08-01T10:53:49","slug":"ems-behandlungen","status":"publish","type":"page","link":"https:\/\/womanature.pl\/de\/ems-behandlungen\/","title":{"rendered":"EMS-Behandlungen"},"content":{"rendered":"<div data-elementor-type=\"wp-page\" data-elementor-id=\"1477\" class=\"elementor elementor-1477\" data-elementor-post-type=\"page\">\n\t\t\t\t\t\t<section class=\"elementor-section elementor-top-section elementor-element elementor-element-91e18d4 elementor-section-boxed elementor-section-height-default elementor-section-height-default\" data-id=\"91e18d4\" data-element_type=\"section\">\n\t\t\t\t\t\t<div class=\"elementor-container elementor-column-gap-no\">\n\t\t\t\t\t<div class=\"elementor-column elementor-col-50 elementor-top-column elementor-element elementor-element-d9b69f0\" data-id=\"d9b69f0\" data-element_type=\"column\">\n\t\t\t<div class=\"elementor-widget-wrap elementor-element-populated\">\n\t\t\t\t\t\t<div class=\"elementor-element elementor-element-f5643f7 elementor-widget elementor-widget-text-editor\" data-id=\"f5643f7\" data-element_type=\"widget\" data-widget_type=\"text-editor.default\">\n\t\t\t\t<div class=\"elementor-widget-container\">\n\t\t\t\t\t\t\t\t\tLEHRWERKSTATT - KOSMETISCHE CHEMIE\t\t\t\t\t\t\t\t<\/div>\n\t\t\t\t<\/div>\n\t\t\t\t<div class=\"elementor-element elementor-element-786856a elementor-widget elementor-widget-heading\" data-id=\"786856a\" data-element_type=\"widget\" data-widget_type=\"heading.default\">\n\t\t\t\t<div class=\"elementor-widget-container\">\n\t\t\t\t\t<h1 class=\"elementor-heading-title elementor-size-default\">Behandlung <font color=\"#e2bb53\">EMS<\/font>\n<\/h1>\t\t\t\t<\/div>\n\t\t\t\t<\/div>\n\t\t\t\t<div class=\"elementor-element elementor-element-f20f9ef elementor-widget elementor-widget-text-editor\" data-id=\"f20f9ef\" data-element_type=\"widget\" data-widget_type=\"text-editor.default\">\n\t\t\t\t<div class=\"elementor-widget-container\">\n\t\t\t\t\t\t\t\t\t<p><span style=\"font-weight: 400;\">EMS-Behandlungen sind sicher, solange sie von qualifiziertem Personal durchgef\u00fchrt und wie von Fachleuten empfohlen angewendet werden. Vor Beginn der Behandlungen ist es ratsam, sich von einem Fachmann beraten zu lassen, der die richtige Intensit\u00e4t und das richtige Therapieprogramm f\u00fcr Ihre Bed\u00fcrfnisse und Ziele ausw\u00e4hlt.<\/span><\/p>\t\t\t\t\t\t\t\t<\/div>\n\t\t\t\t<\/div>\n\t\t\t\t<div class=\"elementor-element elementor-element-5304f9b elementor-widget elementor-widget-text-editor\" data-id=\"5304f9b\" data-element_type=\"widget\" data-widget_type=\"text-editor.default\">\n\t\t\t\t<div class=\"elementor-widget-container\">\n\t\t\t\t\t\t\t\t\tDer Test dauert 15 Minuten und die Ergebnisse sind \u00e4u\u00dferst genau und geben vollst\u00e4ndige Informationen \u00fcber die Haut des Kunden, die in Form eines Berichts nach dem Test zur Verf\u00fcgung gestellt werden.\n\n\t\t\t\t\t\t\t\t<\/div>\n\t\t\t\t<\/div>\n\t\t\t\t<div class=\"elementor-element elementor-element-c8759ad elementor-icon-list--layout-traditional elementor-list-item-link-full_width elementor-widget elementor-widget-icon-list\" data-id=\"c8759ad\" data-element_type=\"widget\" data-widget_type=\"icon-list.default\">\n\t\t\t\t<div class=\"elementor-widget-container\">\n\t\t\t\t\t\t\t<ul class=\"elementor-icon-list-items\">\n\t\t\t\t\t\t\t<li class=\"elementor-icon-list-item\">\n\t\t\t\t\t\t\t\t\t\t\t<span class=\"elementor-icon-list-icon\">\n\t\t\t\t\t\t\t<i aria-hidden=\"true\" class=\"fas fa-check\"><\/i>\t\t\t\t\t\t<\/span>\n\t\t\t\t\t\t\t\t\t\t<span class=\"elementor-icon-list-text\">lernen, wie man eine Hautanalyse an einer Person durchf\u00fchrt,<\/span>\n\t\t\t\t\t\t\t\t\t<\/li>\n\t\t\t\t\t\t\t\t<li class=\"elementor-icon-list-item\">\n\t\t\t\t\t\t\t\t\t\t\t<span class=\"elementor-icon-list-icon\">\n\t\t\t\t\t\t\t<i aria-hidden=\"true\" class=\"fas fa-check\"><\/i>\t\t\t\t\t\t<\/span>\n\t\t\t\t\t\t\t\t\t\t<span class=\"elementor-icon-list-text\">pr\u00fcfen, was ihre Haut braucht und woran es ihr mangelt,<\/span>\n\t\t\t\t\t\t\t\t\t<\/li>\n\t\t\t\t\t\t\t\t<li class=\"elementor-icon-list-item\">\n\t\t\t\t\t\t\t\t\t\t\t<span class=\"elementor-icon-list-icon\">\n\t\t\t\t\t\t\t<i aria-hidden=\"true\" class=\"fas fa-check\"><\/i>\t\t\t\t\t\t<\/span>\n\t\t\t\t\t\t\t\t\t\t<span class=\"elementor-icon-list-text\">einen pers\u00f6nlichen Hautscan-Bericht per E-Mail erhalten,<\/span>\n\t\t\t\t\t\t\t\t\t<\/li>\n\t\t\t\t\t\t\t\t<li class=\"elementor-icon-list-item\">\n\t\t\t\t\t\t\t\t\t\t\t<span class=\"elementor-icon-list-icon\">\n\t\t\t\t\t\t\t<i aria-hidden=\"true\" class=\"fas fa-check\"><\/i>\t\t\t\t\t\t<\/span>\n\t\t\t\t\t\t\t\t\t\t<span class=\"elementor-icon-list-text\">die grundlegenden Bestandteile von Kosmetika kennen lernen,<\/span>\n\t\t\t\t\t\t\t\t\t<\/li>\n\t\t\t\t\t\t\t\t<li class=\"elementor-icon-list-item\">\n\t\t\t\t\t\t\t\t\t\t\t<span class=\"elementor-icon-list-icon\">\n\t\t\t\t\t\t\t<i aria-hidden=\"true\" class=\"fas fa-check\"><\/i>\t\t\t\t\t\t<\/span>\n\t\t\t\t\t\t\t\t\t\t<span class=\"elementor-icon-list-text\">lernen, wie sie einen Inhaltsstoff f\u00fcr ihren Hauttyp ausw\u00e4hlen k\u00f6nnen.<\/span>\n\t\t\t\t\t\t\t\t\t<\/li>\n\t\t\t\t\t\t\t\t<li class=\"elementor-icon-list-item\">\n\t\t\t\t\t\t\t\t\t\t\t<span class=\"elementor-icon-list-icon\">\n\t\t\t\t\t\t\t<i aria-hidden=\"true\" class=\"fas fa-check\"><\/i>\t\t\t\t\t\t<\/span>\n\t\t\t\t\t\t\t\t\t\t<span class=\"elementor-icon-list-text\">Untersuchung und Diskussion von 8 Hautparametern: Hautbeschaffenheit, Fettigkeit, Peeling, Poren, Falten, Kapillaren, Verf\u00e4rbungen, Feuchtigkeitsgehalt,<\/span>\n\t\t\t\t\t\t\t\t\t<\/li>\n\t\t\t\t\t\t<\/ul>\n\t\t\t\t\t\t<\/div>\n\t\t\t\t<\/div>\n\t\t\t\t\t<\/div>\n\t\t<\/div>\n\t\t\t\t<div class=\"elementor-column elementor-col-50 elementor-top-column elementor-element elementor-element-e7f9bef\" data-id=\"e7f9bef\" data-element_type=\"column\">\n\t\t\t<div class=\"elementor-widget-wrap elementor-element-populated\">\n\t\t\t\t\t\t<div class=\"elementor-element elementor-element-f451583 elementor-widget elementor-widget-video\" data-id=\"f451583\" data-element_type=\"widget\" data-settings=\"{&quot;video_type&quot;:&quot;hosted&quot;,&quot;loop&quot;:&quot;yes&quot;,&quot;controls&quot;:&quot;yes&quot;}\" data-widget_type=\"video.default\">\n\t\t\t\t<div class=\"elementor-widget-container\">\n\t\t\t\t\t\t\t<div class=\"e-hosted-video elementor-wrapper elementor-open-inline\">\n\t\t\t\t\t<video class=\"elementor-video\" src=\"http:\/\/womanature.pl\/wp-content\/uploads\/2023\/08\/KWADRAT-1X1-DDARIA_1.mp4\" loop=\"\" controls=\"\" preload=\"metadata\"><\/video>\n\t\t\t\t<\/div>\n\t\t\t\t\t\t<\/div>\n\t\t\t\t<\/div>\n\t\t\t\t\t<\/div>\n\t\t<\/div>\n\t\t\t\t\t<\/div>\n\t\t<\/section>\n\t\t\t\t<section class=\"elementor-section elementor-top-section elementor-element elementor-element-7e752ea elementor-section-boxed elementor-section-height-default elementor-section-height-default\" data-id=\"7e752ea\" data-element_type=\"section\" data-settings=\"{&quot;background_background&quot;:&quot;classic&quot;}\">\n\t\t\t\t\t\t<div class=\"elementor-container elementor-column-gap-no\">\n\t\t\t\t\t<div class=\"elementor-column elementor-col-100 elementor-top-column elementor-element elementor-element-54aced8\" data-id=\"54aced8\" data-element_type=\"column\">\n\t\t\t<div class=\"elementor-widget-wrap elementor-element-populated\">\n\t\t\t\t\t\t<div class=\"elementor-element elementor-element-e0aed39 elementor-widget elementor-widget-heading\" data-id=\"e0aed39\" data-element_type=\"widget\" data-widget_type=\"heading.default\">\n\t\t\t\t<div class=\"elementor-widget-container\">\n\t\t\t\t\t<h1 class=\"elementor-heading-title elementor-size-default\">Behandlung <span style=\"color: #E2BB53\">EMS<\/span> Abdeckungen:\n<\/h1>\t\t\t\t<\/div>\n\t\t\t\t<\/div>\n\t\t\t\t<div class=\"elementor-element elementor-element-0ce49f7 elementor-widget elementor-widget-text-editor\" data-id=\"0ce49f7\" data-element_type=\"widget\" data-widget_type=\"text-editor.default\">\n\t\t\t\t<div class=\"elementor-widget-container\">\n\t\t\t\t\t\t\t\t\tDie Ergebnisse aller Messungen erm\u00f6glichen eine ganzheitliche Analyse des Hautzustandes und bieten die M\u00f6glichkeit, geeignete Kosmetika und Behandlungen genau auszuw\u00e4hlen.   In einem Bericht an den Kunden wird der Zustand der Haut beschrieben, zusammen mit detaillierten Hinweisen f\u00fcr die Pflege zu Hause und in der Praxis.\n\t\t\t\t\t\t\t\t<\/div>\n\t\t\t\t<\/div>\n\t\t\t\t<section class=\"elementor-section elementor-inner-section elementor-element elementor-element-5366e77 elementor-section-full_width elementor-section-height-default elementor-section-height-default\" data-id=\"5366e77\" data-element_type=\"section\">\n\t\t\t\t\t\t<div class=\"elementor-container elementor-column-gap-default\">\n\t\t\t\t\t<div class=\"elementor-column elementor-col-33 elementor-inner-column elementor-element elementor-element-f9649b4\" data-id=\"f9649b4\" data-element_type=\"column\">\n\t\t\t<div class=\"elementor-widget-wrap elementor-element-populated\">\n\t\t\t\t\t\t<div class=\"elementor-element elementor-element-96f8a87 elementor-position-top elementor-widget elementor-widget-image-box\" data-id=\"96f8a87\" data-element_type=\"widget\" data-widget_type=\"image-box.default\">\n\t\t\t\t<div class=\"elementor-widget-container\">\n\t\t\t\t\t<div class=\"elementor-image-box-wrapper\"><figure class=\"elementor-image-box-img\"><img decoding=\"async\" width=\"64\" height=\"64\" src=\"https:\/\/womanature.pl\/wp-content\/uploads\/2023\/07\/skin-cell.png\" class=\"attachment-full size-full wp-image-186\" alt=\"\" \/><\/figure><div class=\"elementor-image-box-content\"><h3 class=\"elementor-image-box-title\">Hautbeschaffenheit <\/h3><p class=\"elementor-image-box-description\">Die Messung bestimmt die Textur der Epidermisoberfl\u00e4che, ihr Relief und den Grad der Gl\u00e4tte, die die Dichte, den Tonus und die Festigkeit der Haut widerspiegeln.<\/p><\/div><\/div>\t\t\t\t<\/div>\n\t\t\t\t<\/div>\n\t\t\t\t\t<\/div>\n\t\t<\/div>\n\t\t\t\t<div class=\"elementor-column elementor-col-33 elementor-inner-column elementor-element elementor-element-86196bd\" data-id=\"86196bd\" data-element_type=\"column\">\n\t\t\t<div class=\"elementor-widget-wrap elementor-element-populated\">\n\t\t\t\t\t\t<div class=\"elementor-element elementor-element-1f41761 elementor-position-top elementor-widget elementor-widget-image-box\" data-id=\"1f41761\" data-element_type=\"widget\" data-widget_type=\"image-box.default\">\n\t\t\t\t<div class=\"elementor-widget-container\">\n\t\t\t\t\t<div class=\"elementor-image-box-wrapper\"><figure class=\"elementor-image-box-img\"><img decoding=\"async\" width=\"64\" height=\"64\" src=\"https:\/\/womanature.pl\/wp-content\/uploads\/2023\/07\/skin.png\" class=\"attachment-full size-full wp-image-189\" alt=\"\" \/><\/figure><div class=\"elementor-image-box-content\"><h3 class=\"elementor-image-box-title\">Gr\u00f6\u00dfe der Poren<\/h3><p class=\"elementor-image-box-description\">Durch die Messung der Porengr\u00f6\u00dfe ist es m\u00f6glich, die Gr\u00f6\u00dfe der Poren zu beurteilen und zu pr\u00fcfen, ob sie normal sind und gegebenenfalls Ma\u00dfnahmen zu ihrer Verkleinerung zu ergreifen. \n<\/p><\/div><\/div>\t\t\t\t<\/div>\n\t\t\t\t<\/div>\n\t\t\t\t\t<\/div>\n\t\t<\/div>\n\t\t\t\t<div class=\"elementor-column elementor-col-33 elementor-inner-column elementor-element elementor-element-c93534a\" data-id=\"c93534a\" data-element_type=\"column\">\n\t\t\t<div class=\"elementor-widget-wrap elementor-element-populated\">\n\t\t\t\t\t\t<div class=\"elementor-element elementor-element-ae063af elementor-position-top elementor-widget elementor-widget-image-box\" data-id=\"ae063af\" data-element_type=\"widget\" data-widget_type=\"image-box.default\">\n\t\t\t\t<div class=\"elementor-widget-container\">\n\t\t\t\t\t<div class=\"elementor-image-box-wrapper\"><figure class=\"elementor-image-box-img\"><img decoding=\"async\" width=\"64\" height=\"64\" src=\"https:\/\/womanature.pl\/wp-content\/uploads\/2023\/07\/dry-skin.png\" class=\"attachment-full size-full wp-image-190\" alt=\"\" \/><\/figure><div class=\"elementor-image-box-content\"><h3 class=\"elementor-image-box-title\">Breite und Tiefe der Falten<\/h3><p class=\"elementor-image-box-description\">Durch die Messung der Falten l\u00e4sst sich das Fortschreiten der Hautalterung feststellen und der Verlauf von Verj\u00fcngungsbehandlungen beobachten.\n<\/p><\/div><\/div>\t\t\t\t<\/div>\n\t\t\t\t<\/div>\n\t\t\t\t\t<\/div>\n\t\t<\/div>\n\t\t\t\t\t<\/div>\n\t\t<\/section>\n\t\t\t\t<section class=\"elementor-section elementor-inner-section elementor-element elementor-element-3d3834b elementor-section-full_width elementor-section-height-default elementor-section-height-default\" data-id=\"3d3834b\" data-element_type=\"section\">\n\t\t\t\t\t\t<div class=\"elementor-container elementor-column-gap-default\">\n\t\t\t\t\t<div class=\"elementor-column elementor-col-33 elementor-inner-column elementor-element elementor-element-a9426e7\" data-id=\"a9426e7\" data-element_type=\"column\">\n\t\t\t<div class=\"elementor-widget-wrap elementor-element-populated\">\n\t\t\t\t\t\t<div class=\"elementor-element elementor-element-9510c80 elementor-position-top elementor-widget elementor-widget-image-box\" data-id=\"9510c80\" data-element_type=\"widget\" data-widget_type=\"image-box.default\">\n\t\t\t\t<div class=\"elementor-widget-container\">\n\t\t\t\t\t<div class=\"elementor-image-box-wrapper\"><figure class=\"elementor-image-box-img\"><img loading=\"lazy\" decoding=\"async\" width=\"64\" height=\"64\" src=\"https:\/\/womanature.pl\/wp-content\/uploads\/2023\/07\/skincare.png\" class=\"attachment-full size-full wp-image-187\" alt=\"\" \/><\/figure><div class=\"elementor-image-box-content\"><h3 class=\"elementor-image-box-title\">Grad der Schmierung<\/h3><p class=\"elementor-image-box-description\">Die Messung erm\u00f6glicht die Analyse des Fettgehalts der Haut und die Bestimmung der Qualit\u00e4t des Hydro-Lipid-Mantels der Haut.\n<\/p><\/div><\/div>\t\t\t\t<\/div>\n\t\t\t\t<\/div>\n\t\t\t\t\t<\/div>\n\t\t<\/div>\n\t\t\t\t<div class=\"elementor-column elementor-col-33 elementor-inner-column elementor-element elementor-element-7d5ace8\" data-id=\"7d5ace8\" data-element_type=\"column\">\n\t\t\t<div class=\"elementor-widget-wrap elementor-element-populated\">\n\t\t\t\t\t\t<div class=\"elementor-element elementor-element-1ecb6be elementor-position-top elementor-widget elementor-widget-image-box\" data-id=\"1ecb6be\" data-element_type=\"widget\" data-widget_type=\"image-box.default\">\n\t\t\t\t<div class=\"elementor-widget-container\">\n\t\t\t\t\t<div class=\"elementor-image-box-wrapper\"><figure class=\"elementor-image-box-img\"><img loading=\"lazy\" decoding=\"async\" width=\"64\" height=\"64\" src=\"https:\/\/womanature.pl\/wp-content\/uploads\/2023\/07\/depilation.png\" class=\"attachment-full size-full wp-image-188\" alt=\"\" \/><\/figure><div class=\"elementor-image-box-content\"><h3 class=\"elementor-image-box-title\">Grad des Peelings<\/h3><p class=\"elementor-image-box-description\">Die Bestimmung der Menge der sich absch\u00e4lenden Epidermis im Stratum corneum erm\u00f6glicht die Feststellung von St\u00f6rungen im Verhornungsprozess.\n<\/p><\/div><\/div>\t\t\t\t<\/div>\n\t\t\t\t<\/div>\n\t\t\t\t\t<\/div>\n\t\t<\/div>\n\t\t\t\t<div class=\"elementor-column elementor-col-33 elementor-inner-column elementor-element elementor-element-57f8fe6\" data-id=\"57f8fe6\" data-element_type=\"column\">\n\t\t\t<div class=\"elementor-widget-wrap elementor-element-populated\">\n\t\t\t\t\t\t<div class=\"elementor-element elementor-element-da061f2 elementor-position-top elementor-widget elementor-widget-image-box\" data-id=\"da061f2\" data-element_type=\"widget\" data-widget_type=\"image-box.default\">\n\t\t\t\t<div class=\"elementor-widget-container\">\n\t\t\t\t\t<div class=\"elementor-image-box-wrapper\"><figure class=\"elementor-image-box-img\"><img loading=\"lazy\" decoding=\"async\" width=\"64\" height=\"64\" src=\"https:\/\/womanature.pl\/wp-content\/uploads\/2023\/07\/oily.png\" class=\"attachment-full size-full wp-image-191\" alt=\"\" \/><\/figure><div class=\"elementor-image-box-content\"><h3 class=\"elementor-image-box-title\">Grad der Hydratation<\/h3><p class=\"elementor-image-box-description\">Mit einem Feuchtigkeitsmesssensor kann die Funktion, der Feuchtigkeitsgehalt und die Qualit\u00e4t des NMF beurteilt werden.\n<\/p><\/div><\/div>\t\t\t\t<\/div>\n\t\t\t\t<\/div>\n\t\t\t\t\t<\/div>\n\t\t<\/div>\n\t\t\t\t\t<\/div>\n\t\t<\/section>\n\t\t\t\t\t<\/div>\n\t\t<\/div>\n\t\t\t\t\t<\/div>\n\t\t<\/section>\n\t\t\t\t<\/div>","protected":false},"excerpt":{"rendered":"<p>WARSZTATY EDUKACYJNE &#8211; CHEMIA KOSMETYCZNA Zabieg EMS Zabiegi EMS s\u0105 bezpieczne, o ile s\u0105 przeprowadzane przez wykwalifikowany personel i stosowane zgodnie z zaleceniami specjalist\u00f3w. Przed rozpocz\u0119ciem zabieg\u00f3w zaleca si\u0119 konsultacj\u0119 z profesjonalist\u0105, kt\u00f3ry dobierze odpowiedni\u0105 intensywno\u015b\u0107 i program terapeutyczny dostosowany do Twoich potrzeb i cel\u00f3w. Badanie trwa 15minut, a jego wyniki s\u0105 niezwykle dok\u0142adne i [&hellip;]<\/p>","protected":false},"author":3,"featured_media":0,"parent":0,"menu_order":0,"comment_status":"closed","ping_status":"closed","template":"","meta":{"inline_featured_image":false,"footnotes":""},"class_list":["post-1477","page","type-page","status-publish","hentry"],"aioseo_notices":[],"_links":{"self":[{"href":"https:\/\/womanature.pl\/de\/wp-json\/wp\/v2\/pages\/1477","targetHints":{"allow":["GET"]}}],"collection":[{"href":"https:\/\/womanature.pl\/de\/wp-json\/wp\/v2\/pages"}],"about":[{"href":"https:\/\/womanature.pl\/de\/wp-json\/wp\/v2\/types\/page"}],"author":[{"embeddable":true,"href":"https:\/\/womanature.pl\/de\/wp-json\/wp\/v2\/users\/3"}],"replies":[{"embeddable":true,"href":"https:\/\/womanature.pl\/de\/wp-json\/wp\/v2\/comments?post=1477"}],"version-history":[{"count":0,"href":"https:\/\/womanature.pl\/de\/wp-json\/wp\/v2\/pages\/1477\/revisions"}],"wp:attachment":[{"href":"https:\/\/womanature.pl\/de\/wp-json\/wp\/v2\/media?parent=1477"}],"curies":[{"name":"wp","href":"https:\/\/api.w.org\/{rel}","templated":true}]}}