{"id":1508,"date":"2024-06-28T19:44:00","date_gmt":"2024-06-28T19:44:00","guid":{"rendered":"https:\/\/womanature.pl\/?page_id=1508"},"modified":"2024-08-08T21:11:53","modified_gmt":"2024-08-08T21:11:53","slug":"hammer-hitze-kalte","status":"publish","type":"page","link":"https:\/\/womanature.pl\/de\/hammer-hitze-kalte\/","title":{"rendered":"Analyse Ihrer Haut"},"content":{"rendered":"<div data-elementor-type=\"wp-page\" data-elementor-id=\"1508\" class=\"elementor elementor-1508\" data-elementor-post-type=\"page\">\n\t\t\t\t\t\t<section class=\"elementor-section elementor-top-section elementor-element elementor-element-5a7536f elementor-section-boxed elementor-section-height-default elementor-section-height-default\" data-id=\"5a7536f\" data-element_type=\"section\" data-settings=\"{&quot;background_background&quot;:&quot;classic&quot;}\">\n\t\t\t\t\t\t\t<div class=\"elementor-background-overlay\"><\/div>\n\t\t\t\t\t\t\t<div class=\"elementor-container elementor-column-gap-no\">\n\t\t\t\t\t<div class=\"elementor-column elementor-col-100 elementor-top-column elementor-element elementor-element-86438d3\" data-id=\"86438d3\" data-element_type=\"column\">\n\t\t\t<div class=\"elementor-widget-wrap elementor-element-populated\">\n\t\t\t\t\t\t<div class=\"elementor-element elementor-element-3632ddd elementor-widget elementor-widget-heading\" data-id=\"3632ddd\" data-element_type=\"widget\" data-widget_type=\"heading.default\">\n\t\t\t\t<div class=\"elementor-widget-container\">\n\t\t\t\t\t<h2 class=\"elementor-heading-title elementor-size-default\">Wir bieten pr\u00e4zise Hauttests an,\nbasierend auf bis zu 8 Messungen:<\/h2>\t\t\t\t<\/div>\n\t\t\t\t<\/div>\n\t\t\t\t<div class=\"elementor-element elementor-element-b2c6ea0 elementor-widget elementor-widget-text-editor\" data-id=\"b2c6ea0\" data-element_type=\"widget\" data-widget_type=\"text-editor.default\">\n\t\t\t\t<div class=\"elementor-widget-container\">\n\t\t\t\t\t\t\t\t\t<p><span style=\"font-weight: 400;\">Mit diesen Parametern ist eine umfassende Beurteilung des Hautzustands m\u00f6glich, die eine pr\u00e4zise Auswahl von Hautpflege und therapeutischen Behandlungen erlaubt.<\/span><\/p>\t\t\t\t\t\t\t\t<\/div>\n\t\t\t\t<\/div>\n\t\t\t\t<div class=\"elementor-element elementor-element-657263c elementor-widget elementor-widget-ucaddon_two_column_product_bullets\" data-id=\"657263c\" data-element_type=\"widget\" data-widget_type=\"ucaddon_two_column_product_bullets.default\">\n\t\t\t\t<div class=\"elementor-widget-container\">\n\t\t\t\t\t\n<!-- start Product Highlights -->\n\t\t<link id='font-awesome-css' href='https:\/\/womanature.pl\/wp-content\/plugins\/unlimited-elements-for-elementor-premium\/assets_libraries\/font-awesome6\/fontawesome-all.min.css' type='text\/css' rel='stylesheet' >\n\t\t<link id='font-awesome-4-shim-css' href='https:\/\/womanature.pl\/wp-content\/plugins\/unlimited-elements-for-elementor-premium\/assets_libraries\/font-awesome6\/fontawesome-v4-shims.min.css' type='text\/css' rel='stylesheet' >\n\n<style>\/* widget: Product Highlights *\/\n\n.uc_clean_bullets *{\n\tmargin:0;\n\tpadding:0;\n\tbox-sizing: border-box;\n}\n\n.uc_clean_bullets .uc_clean_bullets_figure img\n{\n\twidth:100%;\n}\n\n#uc_two_column_product_bullets_elementor_657263c .uc_container_holder\n{\n  display:flex;\n  align-items:center;\n}\n\n#uc_two_column_product_bullets_elementor_657263c .uc_container_holder > div\n{\n  flex:1;\n}\n\n#uc_two_column_product_bullets_elementor_657263c small\n{\n  \n  background-color:#E2BB53;\n  display:block;\n  flex: 0 1 auto;\n}\n\n#uc_two_column_product_bullets_elementor_657263c h3\n{\n  display:flex;\n  align-items:center;\n  font-size:18px;\n  color:#275C53;\n}\n\n#uc_two_column_product_bullets_elementor_657263c h3 span\n{\n  flex: 0 1 auto;\n}\n\n#uc_two_column_product_bullets_elementor_657263c h3 div.line\n{\n  background-color:#E2BB53;\n  flex-grow: 1;\n  margin:10px;\n  \n}\n\n#uc_two_column_product_bullets_elementor_657263c .uc_content p\n{\n  color:#565656;\n  line-height:1.5em;\n}\n\n#uc_two_column_product_bullets_elementor_657263c .uc_last_child\n{\n  text-align:right;\n}\n\n#uc_two_column_product_bullets_elementor_657263c .uc_last_child h3\n{\n  flex-direction: row-reverse;\n}\n\n\n\t\n\n@media only screen and (max-width: 800px) {\n  #uc_two_column_product_bullets_elementor_657263c .uc_container_holder\n  {\n    flex-direction: column;\n  }\n  \n  #uc_two_column_product_bullets_elementor_657263c .uc_last_child h3\n{\n  flex-direction: row;\n}\n  \n  #uc_two_column_product_bullets_elementor_657263c .uc_last_child\n{\n  text-align:left;\n}\n  \n  \t\n  \n  \n}\n\n<\/style>\n\n<div class=\"uc_clean_bullets\" id=\"uc_two_column_product_bullets_elementor_657263c\" style=\"direction:ltr;\">   \t\n    \t<div class=\"uc_container_holder\">\n          \t<div class=\"uc_clean_bullets_column\">\n                 <div class=\"uc_content\">\t\n  <h3>\n   <span class=\"two_column_bullet_title\">Hautbeschaffenheit<\/span>\n    <div class=\"line\"><\/div>\n    <em><small><\/small>\n    <\/em> \n  <\/h3>\n  <p class=\"two_column_bullet_description\">Die Messung bestimmt die Textur der Epidermisoberfl\u00e4che, ihr Relief und den Grad der Gl\u00e4tte, die die Dichte, den Tonus und die Festigkeit der Haut widerspiegeln.<\/p>\n<\/div>\n<div class=\"uc_content\">\t\n  <h3>\n   <span class=\"two_column_bullet_title\">Grad der Schmierung<\/span>\n    <div class=\"line\"><\/div>\n    <em><small><\/small>\n    <\/em> \n  <\/h3>\n  <p class=\"two_column_bullet_description\">Die Messung erm\u00f6glicht die Analyse des Fettgehalts der Haut und die Bestimmung der Qualit\u00e4t des Hydrolipidmantels, der die Haut vor Feuchtigkeitsverlust und \u00e4u\u00dferen Einfl\u00fcssen sch\u00fctzt.<\/p>\n<\/div>\n<div class=\"uc_content\">\t\n  <h3>\n   <span class=\"two_column_bullet_title\">Grad des Peelings<\/span>\n    <div class=\"line\"><\/div>\n    <em><small><\/small>\n    <\/em> \n  <\/h3>\n  <p class=\"two_column_bullet_description\">Die Beurteilung des Ausma\u00dfes der Exfoliation im Stratum corneum erm\u00f6glicht die \u00dcberwachung des Keratinisierungsprozesses der Haut und die Erkennung m\u00f6glicher St\u00f6rungen dieses Prozesses.<\/p>\n<\/div>\n<div class=\"uc_content\">\t\n  <h3>\n   <span class=\"two_column_bullet_title\">Gr\u00f6\u00dfe der Poren<\/span>\n    <div class=\"line\"><\/div>\n    <em><small><\/small>\n    <\/em> \n  <\/h3>\n  <p class=\"two_column_bullet_description\">Die Messung der Porengr\u00f6\u00dfe erm\u00f6glicht es, die Gr\u00f6\u00dfe und den Zustand der Poren zu beurteilen, festzustellen, ob sie verstopft sind, und gegebenenfalls Ma\u00dfnahmen zu ergreifen, um sie zu verkleinern.<\/p>\n<\/div>\n \n            <\/div>\n            \n            <div class=\"uc_clean_bullets_figure\">\n                <img decoding=\"async\" src=\"https:\/\/womanature.pl\/wp-content\/uploads\/2024\/03\/4-1.png\" alt=\"\">\n            <\/div>\n          \t<div class=\"uc_clean_bullets_column uc_last_child\">\n              \t<div class=\"uc_content\">\t\n  <h3> \n    <span class=\"two_column_bullet_title\">Breite und Tiefe der Falten<\/span>\n    <div class=\"line\"><\/div>\n    <em><small><\/small><\/em>\t\n  <\/h3>\n  <p class=\"two_column_bullet_description\">Durch die Messung der Breite und Tiefe der Falten kann das Ausma\u00df der Hautalterung bestimmt und der Fortschritt der Verj\u00fcngungsbehandlungen \u00fcberwacht werden.<\/p>\n<\/div>\n<div class=\"uc_content\">\t\n  <h3> \n    <span class=\"two_column_bullet_title\">Vaskularisierung der Haut<\/span>\n    <div class=\"line\"><\/div>\n    <em><small><\/small><\/em>\t\n  <\/h3>\n  <p class=\"two_column_bullet_description\">Bei einer Hautanalyse werden der Zustand der Blutgef\u00e4\u00dfe, ihre Elastizit\u00e4t und eventuelle Probleme im Zusammenhang mit ihrer Sichtbarkeit oder ihrem Platzen beurteilt.<\/p>\n<\/div>\n<div class=\"uc_content\">\t\n  <h3> \n    <span class=\"two_column_bullet_title\">Hautverf\u00e4rbung<\/span>\n    <div class=\"line\"><\/div>\n    <em><small><\/small><\/em>\t\n  <\/h3>\n  <p class=\"two_column_bullet_description\">Die Beurteilung der Hyperpigmentierung erm\u00f6glicht es, eine uneinheitliche Hautf\u00e4rbung zu erkennen und Ma\u00dfnahmen zu ihrer Beseitigung oder Reduzierung zu ergreifen.<\/p>\n<\/div>\n<div class=\"uc_content\">\t\n  <h3> \n    <span class=\"two_column_bullet_title\">Grad der Hydratation<\/span>\n    <div class=\"line\"><\/div>\n    <em><small><\/small><\/em>\t\n  <\/h3>\n  <p class=\"two_column_bullet_description\">Die Messung des Feuchtigkeitsgehalts der Haut und die Bewertung der Funktion des nat\u00fcrlichen Feuchtigkeitsfaktors (NMF) helfen dabei, die Bed\u00fcrfnisse der Haut zu verstehen und eine angemessene Pflege zu entwickeln.<\/p>\n<\/div>\n\n          \t<\/div>\n        <\/div>\n    <\/div>\n<!-- end Product Highlights -->\t\t\t\t<\/div>\n\t\t\t\t<\/div>\n\t\t\t\t\t<\/div>\n\t\t<\/div>\n\t\t\t\t\t<\/div>\n\t\t<\/section>\n\t\t\t\t<section class=\"elementor-section elementor-top-section elementor-element elementor-element-24389c7 elementor-section-boxed elementor-section-height-default elementor-section-height-default\" data-id=\"24389c7\" data-element_type=\"section\" data-settings=\"{&quot;background_background&quot;:&quot;classic&quot;}\">\n\t\t\t\t\t\t<div class=\"elementor-container elementor-column-gap-no\">\n\t\t\t\t\t<div class=\"elementor-column elementor-col-50 elementor-top-column elementor-element elementor-element-729fa04\" data-id=\"729fa04\" data-element_type=\"column\">\n\t\t\t<div class=\"elementor-widget-wrap elementor-element-populated\">\n\t\t\t\t\t\t<div class=\"elementor-element elementor-element-f9be035 elementor-widget elementor-widget-text-editor\" data-id=\"f9be035\" data-element_type=\"widget\" data-widget_type=\"text-editor.default\">\n\t\t\t\t<div class=\"elementor-widget-container\">\n\t\t\t\t\t\t\t\t\t<p>PERSONALISIERUNG - DAS SCHL\u00dcSSELWORT DES 21. JAHRHUNDERTS<\/p>\t\t\t\t\t\t\t\t<\/div>\n\t\t\t\t<\/div>\n\t\t\t\t<div class=\"elementor-element elementor-element-2ab5534 elementor-widget elementor-widget-heading\" data-id=\"2ab5534\" data-element_type=\"widget\" data-widget_type=\"heading.default\">\n\t\t\t\t<div class=\"elementor-widget-container\">\n\t\t\t\t\t<h1 class=\"elementor-heading-title elementor-size-default\"><span style=\"color: #E2BB53\">Analyse<\/span> H\u00e4ute<\/h1>\t\t\t\t<\/div>\n\t\t\t\t<\/div>\n\t\t\t\t<div class=\"elementor-element elementor-element-828c96a elementor-widget elementor-widget-image\" data-id=\"828c96a\" data-element_type=\"widget\" data-widget_type=\"image.default\">\n\t\t\t\t<div class=\"elementor-widget-container\">\n\t\t\t\t\t\t\t\t\t\t\t\t\t\t\t<img fetchpriority=\"high\" decoding=\"async\" width=\"800\" height=\"800\" src=\"https:\/\/womanature.pl\/wp-content\/uploads\/2024\/03\/szkolenie-analiza-skory-e1710185004628-1024x1024.png\" class=\"attachment-large size-large wp-image-1289\" alt=\"\" srcset=\"https:\/\/womanature.pl\/wp-content\/uploads\/2024\/03\/szkolenie-analiza-skory-e1710185004628-1024x1024.png 1024w, https:\/\/womanature.pl\/wp-content\/uploads\/2024\/03\/szkolenie-analiza-skory-e1710185004628-300x300.png 300w, https:\/\/womanature.pl\/wp-content\/uploads\/2024\/03\/szkolenie-analiza-skory-e1710185004628-150x150.png 150w, https:\/\/womanature.pl\/wp-content\/uploads\/2024\/03\/szkolenie-analiza-skory-e1710185004628-768x768.png 768w, https:\/\/womanature.pl\/wp-content\/uploads\/2024\/03\/szkolenie-analiza-skory-e1710185004628-1536x1536.png 1536w, https:\/\/womanature.pl\/wp-content\/uploads\/2024\/03\/szkolenie-analiza-skory-e1710185004628-2048x2048.png 2048w, https:\/\/womanature.pl\/wp-content\/uploads\/2024\/03\/szkolenie-analiza-skory-e1710185004628-12x12.png 12w, https:\/\/womanature.pl\/wp-content\/uploads\/2024\/03\/szkolenie-analiza-skory-e1710185004628-600x600.png 600w, https:\/\/womanature.pl\/wp-content\/uploads\/2024\/03\/szkolenie-analiza-skory-e1710185004628-100x100.png 100w\" sizes=\"(max-width: 800px) 100vw, 800px\" \/>\t\t\t\t\t\t\t\t\t\t\t\t\t\t\t<\/div>\n\t\t\t\t<\/div>\n\t\t\t\t\t<\/div>\n\t\t<\/div>\n\t\t\t\t<div class=\"elementor-column elementor-col-50 elementor-top-column elementor-element elementor-element-c6a62ed\" data-id=\"c6a62ed\" data-element_type=\"column\">\n\t\t\t<div class=\"elementor-widget-wrap elementor-element-populated\">\n\t\t\t\t\t\t<div class=\"elementor-element elementor-element-c628590 elementor-widget elementor-widget-text-editor\" data-id=\"c628590\" data-element_type=\"widget\" data-widget_type=\"text-editor.default\">\n\t\t\t\t<div class=\"elementor-widget-container\">\n\t\t\t\t\t\t\t\t\t<p><span style=\"font-weight: 400;\">Das Ger\u00e4t erm\u00f6glicht eine umfassende Hautanalyse und liefert detaillierte Informationen, um Behandlungen und Hautpflege zu personalisieren.<\/span><\/p>\t\t\t\t\t\t\t\t<\/div>\n\t\t\t\t<\/div>\n\t\t\t\t<div class=\"elementor-element elementor-element-99bd6b3 elementor-widget elementor-widget-text-editor\" data-id=\"99bd6b3\" data-element_type=\"widget\" data-widget_type=\"text-editor.default\">\n\t\t\t\t<div class=\"elementor-widget-container\">\n\t\t\t\t\t\t\t\t\t<p><span style=\"font-weight: 400;\">Bedienung: Das Analyseger\u00e4t ist mit fortschrittlichen Bildgebungssystemen ausgestattet, die eine genaue Untersuchung der Haut aus verschiedenen Blickwinkeln und in verschiedenen Lichtbereichen (z. B. sichtbares Licht, UV) erm\u00f6glichen. Dies erm\u00f6glicht die Beurteilung von Hautzust\u00e4nden wie Falten, Verf\u00e4rbungen, Unebenheiten oder Feuchtigkeitsgehalt.<\/span><\/p>\t\t\t\t\t\t\t\t<\/div>\n\t\t\t\t<\/div>\n\t\t\t\t<div class=\"elementor-element elementor-element-b02d59d elementor-widget elementor-widget-text-editor\" data-id=\"b02d59d\" data-element_type=\"widget\" data-widget_type=\"text-editor.default\">\n\t\t\t\t<div class=\"elementor-widget-container\">\n\t\t\t\t\t\t\t\t\t<p><span style=\"font-weight: 400;\">Zweck: Das Ger\u00e4t wird verwendet, um verschiedene Hautparameter wie Feuchtigkeitsgehalt, Elastizit\u00e4t, Textur und das Vorhandensein von pathologischen Ver\u00e4nderungen zu beurteilen. Es hilft auch bei der \u00dcberwachung der Auswirkungen von kosmetischen und dermatologischen Behandlungen.<\/span><\/p>\t\t\t\t\t\t\t\t<\/div>\n\t\t\t\t<\/div>\n\t\t\t\t<div class=\"elementor-element elementor-element-dd33d7e elementor-widget elementor-widget-text-editor\" data-id=\"dd33d7e\" data-element_type=\"widget\" data-widget_type=\"text-editor.default\">\n\t\t\t\t<div class=\"elementor-widget-container\">\n\t\t\t\t\t\t\t\t\t<p><span style=\"font-weight: 400;\">Vorteile: Die Analyse liefert pr\u00e4zise Daten zur Unterst\u00fctzung der Auswahl geeigneter Hautpflegeprodukte und der Behandlungsplanung. Sie ist ein \u00e4u\u00dferst n\u00fctzliches Instrument zur Diagnose vor \u00e4sthetischen Behandlungen und zur \u00dcberwachung des Behandlungsfortschritts.<\/span><\/p>\t\t\t\t\t\t\t\t<\/div>\n\t\t\t\t<\/div>\n\t\t\t\t\t<\/div>\n\t\t<\/div>\n\t\t\t\t\t<\/div>\n\t\t<\/section>\n\t\t\t\t<section class=\"elementor-section elementor-top-section elementor-element elementor-element-7e752ea elementor-section-boxed elementor-section-height-default elementor-section-height-default\" data-id=\"7e752ea\" data-element_type=\"section\" data-settings=\"{&quot;background_background&quot;:&quot;classic&quot;}\">\n\t\t\t\t\t\t\t<div class=\"elementor-background-overlay\"><\/div>\n\t\t\t\t\t\t\t<div class=\"elementor-container elementor-column-gap-no\">\n\t\t\t\t\t<div class=\"elementor-column elementor-col-100 elementor-top-column elementor-element elementor-element-54aced8\" data-id=\"54aced8\" data-element_type=\"column\">\n\t\t\t<div class=\"elementor-widget-wrap elementor-element-populated\">\n\t\t\t\t\t\t<div class=\"elementor-element elementor-element-e0aed39 elementor-widget elementor-widget-heading\" data-id=\"e0aed39\" data-element_type=\"widget\" data-widget_type=\"heading.default\">\n\t\t\t\t<div class=\"elementor-widget-container\">\n\t\t\t\t\t<h1 class=\"elementor-heading-title elementor-size-default\">Pr\u00fcfen Sie Ihr <span style=\"color: #E2BB53\">Haut<\/span>die richtige Pflege zu w\u00e4hlen<\/h1>\t\t\t\t<\/div>\n\t\t\t\t<\/div>\n\t\t\t\t<div class=\"elementor-element elementor-element-0ce49f7 elementor-widget elementor-widget-text-editor\" data-id=\"0ce49f7\" data-element_type=\"widget\" data-widget_type=\"text-editor.default\">\n\t\t\t\t<div class=\"elementor-widget-container\">\n\t\t\t\t\t\t\t\t\tDie Ergebnisse aller Messungen erm\u00f6glichen eine ganzheitliche Analyse des Hautzustandes und bieten die M\u00f6glichkeit, geeignete Kosmetika und Behandlungen genau auszuw\u00e4hlen.   In einem Bericht an den Kunden wird der Zustand der Haut beschrieben, zusammen mit detaillierten Hinweisen f\u00fcr die Pflege zu Hause und in der Praxis.\n\t\t\t\t\t\t\t\t<\/div>\n\t\t\t\t<\/div>\n\t\t\t\t<section class=\"elementor-section elementor-inner-section elementor-element elementor-element-5366e77 elementor-section-full_width elementor-section-height-default elementor-section-height-default\" data-id=\"5366e77\" data-element_type=\"section\">\n\t\t\t\t\t\t<div class=\"elementor-container elementor-column-gap-default\">\n\t\t\t\t\t<div class=\"elementor-column elementor-col-33 elementor-inner-column elementor-element elementor-element-f9649b4\" data-id=\"f9649b4\" data-element_type=\"column\">\n\t\t\t<div class=\"elementor-widget-wrap elementor-element-populated\">\n\t\t\t\t\t\t<div class=\"elementor-element elementor-element-96f8a87 elementor-position-top elementor-widget elementor-widget-image-box\" data-id=\"96f8a87\" data-element_type=\"widget\" data-widget_type=\"image-box.default\">\n\t\t\t\t<div class=\"elementor-widget-container\">\n\t\t\t\t\t<div class=\"elementor-image-box-wrapper\"><figure class=\"elementor-image-box-img\"><img decoding=\"async\" width=\"64\" height=\"64\" src=\"https:\/\/womanature.pl\/wp-content\/uploads\/2023\/07\/skin-cell.png\" class=\"attachment-full size-full wp-image-186\" alt=\"\" \/><\/figure><div class=\"elementor-image-box-content\"><h3 class=\"elementor-image-box-title\">Hautbeschaffenheit <\/h3><p class=\"elementor-image-box-description\">Die Messung bestimmt die Textur der Epidermisoberfl\u00e4che, ihr Relief und den Grad der Gl\u00e4tte, die die Dichte, den Tonus und die Festigkeit der Haut widerspiegeln.<\/p><\/div><\/div>\t\t\t\t<\/div>\n\t\t\t\t<\/div>\n\t\t\t\t\t<\/div>\n\t\t<\/div>\n\t\t\t\t<div class=\"elementor-column elementor-col-33 elementor-inner-column elementor-element elementor-element-86196bd\" data-id=\"86196bd\" data-element_type=\"column\">\n\t\t\t<div class=\"elementor-widget-wrap elementor-element-populated\">\n\t\t\t\t\t\t<div class=\"elementor-element elementor-element-1f41761 elementor-position-top elementor-widget elementor-widget-image-box\" data-id=\"1f41761\" data-element_type=\"widget\" data-widget_type=\"image-box.default\">\n\t\t\t\t<div class=\"elementor-widget-container\">\n\t\t\t\t\t<div class=\"elementor-image-box-wrapper\"><figure class=\"elementor-image-box-img\"><img decoding=\"async\" width=\"64\" height=\"64\" src=\"https:\/\/womanature.pl\/wp-content\/uploads\/2023\/07\/skin.png\" class=\"attachment-full size-full wp-image-189\" alt=\"\" \/><\/figure><div class=\"elementor-image-box-content\"><h3 class=\"elementor-image-box-title\">Gr\u00f6\u00dfe der Poren<\/h3><p class=\"elementor-image-box-description\">Durch die Messung der Porengr\u00f6\u00dfe ist es m\u00f6glich, die Gr\u00f6\u00dfe der Poren zu beurteilen und zu pr\u00fcfen, ob sie normal sind und gegebenenfalls Ma\u00dfnahmen zu ihrer Verkleinerung zu ergreifen. \n<\/p><\/div><\/div>\t\t\t\t<\/div>\n\t\t\t\t<\/div>\n\t\t\t\t\t<\/div>\n\t\t<\/div>\n\t\t\t\t<div class=\"elementor-column elementor-col-33 elementor-inner-column elementor-element elementor-element-c93534a\" data-id=\"c93534a\" data-element_type=\"column\">\n\t\t\t<div class=\"elementor-widget-wrap elementor-element-populated\">\n\t\t\t\t\t\t<div class=\"elementor-element elementor-element-ae063af elementor-position-top elementor-widget elementor-widget-image-box\" data-id=\"ae063af\" data-element_type=\"widget\" data-widget_type=\"image-box.default\">\n\t\t\t\t<div class=\"elementor-widget-container\">\n\t\t\t\t\t<div class=\"elementor-image-box-wrapper\"><figure class=\"elementor-image-box-img\"><img loading=\"lazy\" decoding=\"async\" width=\"64\" height=\"64\" src=\"https:\/\/womanature.pl\/wp-content\/uploads\/2023\/07\/dry-skin.png\" class=\"attachment-full size-full wp-image-190\" alt=\"\" \/><\/figure><div class=\"elementor-image-box-content\"><h3 class=\"elementor-image-box-title\">Breite und Tiefe der Falten<\/h3><p class=\"elementor-image-box-description\">Durch die Messung der Falten l\u00e4sst sich das Fortschreiten der Hautalterung feststellen und der Verlauf von Verj\u00fcngungsbehandlungen beobachten.\n<\/p><\/div><\/div>\t\t\t\t<\/div>\n\t\t\t\t<\/div>\n\t\t\t\t\t<\/div>\n\t\t<\/div>\n\t\t\t\t\t<\/div>\n\t\t<\/section>\n\t\t\t\t<section class=\"elementor-section elementor-inner-section elementor-element elementor-element-3d3834b elementor-section-full_width elementor-section-height-default elementor-section-height-default\" data-id=\"3d3834b\" data-element_type=\"section\">\n\t\t\t\t\t\t<div class=\"elementor-container elementor-column-gap-default\">\n\t\t\t\t\t<div class=\"elementor-column elementor-col-33 elementor-inner-column elementor-element elementor-element-a9426e7\" data-id=\"a9426e7\" data-element_type=\"column\">\n\t\t\t<div class=\"elementor-widget-wrap elementor-element-populated\">\n\t\t\t\t\t\t<div class=\"elementor-element elementor-element-9510c80 elementor-position-top elementor-widget elementor-widget-image-box\" data-id=\"9510c80\" data-element_type=\"widget\" data-widget_type=\"image-box.default\">\n\t\t\t\t<div class=\"elementor-widget-container\">\n\t\t\t\t\t<div class=\"elementor-image-box-wrapper\"><figure class=\"elementor-image-box-img\"><img loading=\"lazy\" decoding=\"async\" width=\"64\" height=\"64\" src=\"https:\/\/womanature.pl\/wp-content\/uploads\/2023\/07\/skincare.png\" class=\"attachment-full size-full wp-image-187\" alt=\"\" \/><\/figure><div class=\"elementor-image-box-content\"><h3 class=\"elementor-image-box-title\">Grad der Schmierung<\/h3><p class=\"elementor-image-box-description\">Die Messung erm\u00f6glicht die Analyse des Fettgehalts der Haut und die Bestimmung der Qualit\u00e4t des Hydro-Lipid-Mantels der Haut.\n<\/p><\/div><\/div>\t\t\t\t<\/div>\n\t\t\t\t<\/div>\n\t\t\t\t\t<\/div>\n\t\t<\/div>\n\t\t\t\t<div class=\"elementor-column elementor-col-33 elementor-inner-column elementor-element elementor-element-7d5ace8\" data-id=\"7d5ace8\" data-element_type=\"column\">\n\t\t\t<div class=\"elementor-widget-wrap elementor-element-populated\">\n\t\t\t\t\t\t<div class=\"elementor-element elementor-element-1ecb6be elementor-position-top elementor-widget elementor-widget-image-box\" data-id=\"1ecb6be\" data-element_type=\"widget\" data-widget_type=\"image-box.default\">\n\t\t\t\t<div class=\"elementor-widget-container\">\n\t\t\t\t\t<div class=\"elementor-image-box-wrapper\"><figure class=\"elementor-image-box-img\"><img loading=\"lazy\" decoding=\"async\" width=\"64\" height=\"64\" src=\"https:\/\/womanature.pl\/wp-content\/uploads\/2023\/07\/depilation.png\" class=\"attachment-full size-full wp-image-188\" alt=\"\" \/><\/figure><div class=\"elementor-image-box-content\"><h3 class=\"elementor-image-box-title\">Grad des Peelings<\/h3><p class=\"elementor-image-box-description\">Die Bestimmung der Menge der sich absch\u00e4lenden Epidermis im Stratum corneum erm\u00f6glicht die Feststellung von St\u00f6rungen im Verhornungsprozess.\n<\/p><\/div><\/div>\t\t\t\t<\/div>\n\t\t\t\t<\/div>\n\t\t\t\t\t<\/div>\n\t\t<\/div>\n\t\t\t\t<div class=\"elementor-column elementor-col-33 elementor-inner-column elementor-element elementor-element-57f8fe6\" data-id=\"57f8fe6\" data-element_type=\"column\">\n\t\t\t<div class=\"elementor-widget-wrap elementor-element-populated\">\n\t\t\t\t\t\t<div class=\"elementor-element elementor-element-da061f2 elementor-position-top elementor-widget elementor-widget-image-box\" data-id=\"da061f2\" data-element_type=\"widget\" data-widget_type=\"image-box.default\">\n\t\t\t\t<div class=\"elementor-widget-container\">\n\t\t\t\t\t<div class=\"elementor-image-box-wrapper\"><figure class=\"elementor-image-box-img\"><img loading=\"lazy\" decoding=\"async\" width=\"64\" height=\"64\" src=\"https:\/\/womanature.pl\/wp-content\/uploads\/2023\/07\/oily.png\" class=\"attachment-full size-full wp-image-191\" alt=\"\" \/><\/figure><div class=\"elementor-image-box-content\"><h3 class=\"elementor-image-box-title\">Grad der Hydratation<\/h3><p class=\"elementor-image-box-description\">Mit einem Feuchtigkeitsmesssensor kann die Funktion, der Feuchtigkeitsgehalt und die Qualit\u00e4t des NMF beurteilt werden.\n<\/p><\/div><\/div>\t\t\t\t<\/div>\n\t\t\t\t<\/div>\n\t\t\t\t\t<\/div>\n\t\t<\/div>\n\t\t\t\t\t<\/div>\n\t\t<\/section>\n\t\t\t\t\t<\/div>\n\t\t<\/div>\n\t\t\t\t\t<\/div>\n\t\t<\/section>\n\t\t\t\t<\/div>","protected":false},"excerpt":{"rendered":"<p>Oferujemy precyzyjne badania sk\u00f3ry, opieraj\u0105ce si\u0119 a\u017c na 8 pomiarach: Dzi\u0119ki tym parametrom mo\u017cliwa jest kompleksowa ocena stanu sk\u00f3ry, co umo\u017cliwia precyzyjne dobranie zabieg\u00f3w piel\u0119gnacyjnych i terapeutycznych. Struktur\u0119 sk\u00f3ry Pomiar okre\u015bla struktur\u0119 powierzchni nask\u00f3rka, jej rze\u017ab\u0119 i poziom g\u0142adko\u015bci, kt\u00f3re odzwierciedlaj\u0105 g\u0119sto\u015b\u0107 sk\u00f3ry, napi\u0119cie i j\u0119drno\u015b\u0107. Stopie\u0144 nat\u0142uszczenia Pomiar pozwala na analiz\u0119 nat\u0142uszczenia sk\u00f3ry oraz [&hellip;]<\/p>","protected":false},"author":3,"featured_media":0,"parent":0,"menu_order":0,"comment_status":"closed","ping_status":"closed","template":"","meta":{"inline_featured_image":false,"footnotes":""},"class_list":["post-1508","page","type-page","status-publish","hentry"],"aioseo_notices":[],"_links":{"self":[{"href":"https:\/\/womanature.pl\/de\/wp-json\/wp\/v2\/pages\/1508","targetHints":{"allow":["GET"]}}],"collection":[{"href":"https:\/\/womanature.pl\/de\/wp-json\/wp\/v2\/pages"}],"about":[{"href":"https:\/\/womanature.pl\/de\/wp-json\/wp\/v2\/types\/page"}],"author":[{"embeddable":true,"href":"https:\/\/womanature.pl\/de\/wp-json\/wp\/v2\/users\/3"}],"replies":[{"embeddable":true,"href":"https:\/\/womanature.pl\/de\/wp-json\/wp\/v2\/comments?post=1508"}],"version-history":[{"count":0,"href":"https:\/\/womanature.pl\/de\/wp-json\/wp\/v2\/pages\/1508\/revisions"}],"wp:attachment":[{"href":"https:\/\/womanature.pl\/de\/wp-json\/wp\/v2\/media?parent=1508"}],"curies":[{"name":"wp","href":"https:\/\/api.w.org\/{rel}","templated":true}]}}