{"id":198,"date":"2023-07-10T14:06:31","date_gmt":"2023-07-10T14:06:31","guid":{"rendered":"https:\/\/womanature.leldntvipd.cfolks.pl\/?page_id=198"},"modified":"2024-08-17T15:38:35","modified_gmt":"2024-08-17T15:38:35","slug":"osrodek-forschung","status":"publish","type":"page","link":"https:\/\/womanature.pl\/de\/osrodek-forschung\/","title":{"rendered":"Forschungszentrum"},"content":{"rendered":"<div data-elementor-type=\"wp-page\" data-elementor-id=\"198\" class=\"elementor elementor-198\" data-elementor-post-type=\"page\">\n\t\t\t\t\t\t<section class=\"elementor-section elementor-top-section elementor-element elementor-element-5ba23169 elementor-section-boxed elementor-section-height-default elementor-section-height-default\" data-id=\"5ba23169\" data-element_type=\"section\">\n\t\t\t\t\t\t<div class=\"elementor-container elementor-column-gap-no\">\n\t\t\t\t\t<div class=\"elementor-column elementor-col-50 elementor-top-column elementor-element elementor-element-1b389960\" data-id=\"1b389960\" data-element_type=\"column\">\n\t\t\t<div class=\"elementor-widget-wrap elementor-element-populated\">\n\t\t\t\t\t\t<div class=\"elementor-element elementor-element-fbe57d0 elementor-widget elementor-widget-text-editor\" data-id=\"fbe57d0\" data-element_type=\"widget\" data-widget_type=\"text-editor.default\">\n\t\t\t\t<div class=\"elementor-widget-container\">\n\t\t\t\t\t\t\t\t\tSTUDIENANGEBOT\t\t\t\t\t\t\t\t<\/div>\n\t\t\t\t<\/div>\n\t\t\t\t<div class=\"elementor-element elementor-element-135af170 elementor-widget elementor-widget-heading\" data-id=\"135af170\" data-element_type=\"widget\" data-widget_type=\"heading.default\">\n\t\t\t\t<div class=\"elementor-widget-container\">\n\t\t\t\t\t<h1 class=\"elementor-heading-title elementor-size-default\">Forschung <span style=\"color: #E2BB53\"> Anmeldung<\/span> Kosmetik\n<\/h1>\t\t\t\t<\/div>\n\t\t\t\t<\/div>\n\t\t\t\t<div class=\"elementor-element elementor-element-e07f991 elementor-widget elementor-widget-text-editor\" data-id=\"e07f991\" data-element_type=\"widget\" data-widget_type=\"text-editor.default\">\n\t\t\t\t<div class=\"elementor-widget-container\">\n\t\t\t\t\t\t\t\t\t<p>Sie werden an einer angemessen ausgew\u00e4hlten Gruppe von Probanden durchgef\u00fchrt, die von einem Dermatologen betreut werden.<\/p><p>Falls erforderlich, werden auch andere Fachleute in die Forschung einbezogen. Auf diese Weise ist es m\u00f6glich, eine Vielzahl von Eigenschaften eines Produkts zu testen. Die Versuchspersonen, die an der Studie teilnehmen, m\u00fcssen sich wiederum keine Sorgen um ihre Gesundheit machen.<\/p><p>Die weitreichenden M\u00f6glichkeiten erlauben auch die Durchf\u00fchrung von Forschungsarbeiten unter Aufsicht anderer \u00c4rzte.<br \/>Anwendungstests (In-Use-Tests) dienen der Best\u00e4tigung der funktionellen Eigenschaften der Testzubereitung.<\/p><p>Wir haben eine breite Basis zuverl\u00e4ssiger Probanden beiderlei Geschlechts und unterschiedlichen Alters in unserer Datenbank.<br \/>Dank dieser umfangreichen Einrichtungen k\u00f6nnen wir die Anforderungen aller Kunden erf\u00fcllen.<\/p>\t\t\t\t\t\t\t\t<\/div>\n\t\t\t\t<\/div>\n\t\t\t\t\t<\/div>\n\t\t<\/div>\n\t\t\t\t<div class=\"elementor-column elementor-col-50 elementor-top-column elementor-element elementor-element-4fbd706a\" data-id=\"4fbd706a\" data-element_type=\"column\">\n\t\t\t<div class=\"elementor-widget-wrap elementor-element-populated\">\n\t\t\t\t\t\t<div class=\"elementor-element elementor-element-172c1222 elementor-widget elementor-widget-image\" data-id=\"172c1222\" data-element_type=\"widget\" data-widget_type=\"image.default\">\n\t\t\t\t<div class=\"elementor-widget-container\">\n\t\t\t\t\t\t\t\t\t\t\t\t\t\t\t<img decoding=\"async\" src=\"https:\/\/womanature.pl\/wp-content\/uploads\/elementor\/thumbs\/woman-holding-pipette-with-moisturizer-q98bb5a177qo077tpnnnskkn8e0gj2eyhhbf74km7k.jpg\" title=\"Frau-h\u00e4lt-Pipette-mit-Feuchtigkeitsspender\" alt=\"Frau-h\u00e4lt-Pipette-mit-Feuchtigkeitsspender\" loading=\"lazy\" \/>\t\t\t\t\t\t\t\t\t\t\t\t\t\t\t<\/div>\n\t\t\t\t<\/div>\n\t\t\t\t\t<\/div>\n\t\t<\/div>\n\t\t\t\t\t<\/div>\n\t\t<\/section>\n\t\t\t\t<section class=\"elementor-section elementor-top-section elementor-element elementor-element-c0383a2 elementor-section-boxed elementor-section-height-default elementor-section-height-default\" data-id=\"c0383a2\" data-element_type=\"section\">\n\t\t\t\t\t\t<div class=\"elementor-container elementor-column-gap-no\">\n\t\t\t\t\t<div class=\"elementor-column elementor-col-50 elementor-top-column elementor-element elementor-element-47040e7\" data-id=\"47040e7\" data-element_type=\"column\">\n\t\t\t<div class=\"elementor-widget-wrap elementor-element-populated\">\n\t\t\t\t\t\t<div class=\"elementor-element elementor-element-6dfdcdd elementor-widget elementor-widget-image\" data-id=\"6dfdcdd\" data-element_type=\"widget\" data-widget_type=\"image.default\">\n\t\t\t\t<div class=\"elementor-widget-container\">\n\t\t\t\t\t\t\t\t\t\t\t\t\t\t\t<img decoding=\"async\" src=\"https:\/\/womanature.pl\/wp-content\/uploads\/elementor\/thumbs\/portrait-artistic-girl-q98b04m534nnwr801w73kco4jsbkaso8ay0iocwr5c.jpg\" title=\"portrait-artistic-girl\" alt=\"portrait-artistic-girl\" loading=\"lazy\" \/>\t\t\t\t\t\t\t\t\t\t\t\t\t\t\t<\/div>\n\t\t\t\t<\/div>\n\t\t\t\t\t<\/div>\n\t\t<\/div>\n\t\t\t\t<div class=\"elementor-column elementor-col-50 elementor-top-column elementor-element elementor-element-41c96cd\" data-id=\"41c96cd\" data-element_type=\"column\">\n\t\t\t<div class=\"elementor-widget-wrap elementor-element-populated\">\n\t\t\t\t\t\t<div class=\"elementor-element elementor-element-f6841dc elementor-widget elementor-widget-text-editor\" data-id=\"f6841dc\" data-element_type=\"widget\" data-widget_type=\"text-editor.default\">\n\t\t\t\t<div class=\"elementor-widget-container\">\n\t\t\t\t\t\t\t\t\t<p><strong>Prozess der Anwendungsforschung:<\/strong><\/p><p>\u2705 Rekrutierung von Probanden: Die Teilnehmer werden entsprechend den Anforderungen der Studie ausgew\u00e4hlt, wobei die Besonderheiten des Produkts und die Zielgruppe der Nutzer ber\u00fccksichtigt werden.<\/p><p>\u2705 \u00dcberwachung durch Fachleute: Die Forschung wird unter enger Aufsicht von erfahrenen Dermatologen und anderen Fachleuten durchgef\u00fchrt, die jeden Schritt des Prozesses \u00fcberwachen.<\/p><p>\u2705 Bewertung der Wirkung: Jede Testerin bewertet das Produkt hinsichtlich seiner Wirkung, der Hautvertr\u00e4glichkeit und des subjektiven Empfindens, so dass sich ein umfassendes Bild von der Wirksamkeit und Eignung des Kosmetikprodukts ergibt.<\/p><p><strong>Vorteile:<\/strong><\/p><p>\u2705 Zuverl\u00e4ssigkeit: Wir garantieren genaue und zuverl\u00e4ssige Ergebnisse, die die hohe Qualit\u00e4t und Sicherheit der gepr\u00fcften Produkte best\u00e4tigen.<\/p><p>\u2705 M\u00f6glichkeit der Etikettierung: Bei positiven Testergebnissen kann das Produkt mit dem Hinweis \"unter dermatologischer Aufsicht getestet\" gekennzeichnet werden, was das Vertrauen erh\u00f6ht.<br \/>Verbraucher.<\/p>\t\t\t\t\t\t\t\t<\/div>\n\t\t\t\t<\/div>\n\t\t\t\t\t<\/div>\n\t\t<\/div>\n\t\t\t\t\t<\/div>\n\t\t<\/section>\n\t\t\t\t<section class=\"elementor-section elementor-top-section elementor-element elementor-element-5c47375 elementor-section-boxed elementor-section-height-default elementor-section-height-default\" data-id=\"5c47375\" data-element_type=\"section\">\n\t\t\t\t\t\t<div class=\"elementor-container elementor-column-gap-default\">\n\t\t\t\t\t<div class=\"elementor-column elementor-col-100 elementor-top-column elementor-element elementor-element-e0124b3\" data-id=\"e0124b3\" data-element_type=\"column\">\n\t\t\t<div class=\"elementor-widget-wrap elementor-element-populated\">\n\t\t\t\t\t\t<div class=\"elementor-element elementor-element-115ce31 elementor-widget elementor-widget-spacer\" data-id=\"115ce31\" data-element_type=\"widget\" data-widget_type=\"spacer.default\">\n\t\t\t\t<div class=\"elementor-widget-container\">\n\t\t\t\t\t\t\t<div class=\"elementor-spacer\">\n\t\t\t<div class=\"elementor-spacer-inner\"><\/div>\n\t\t<\/div>\n\t\t\t\t\t\t<\/div>\n\t\t\t\t<\/div>\n\t\t\t\t\t<\/div>\n\t\t<\/div>\n\t\t\t\t\t<\/div>\n\t\t<\/section>\n\t\t\t\t<section class=\"elementor-section elementor-top-section elementor-element elementor-element-f7a5be2 elementor-section-height-min-height elementor-section-boxed elementor-section-height-default elementor-section-items-middle\" data-id=\"f7a5be2\" data-element_type=\"section\">\n\t\t\t\t\t\t<div class=\"elementor-container elementor-column-gap-no\">\n\t\t\t\t\t<div class=\"elementor-column elementor-col-33 elementor-top-column elementor-element elementor-element-bce48fe\" data-id=\"bce48fe\" data-element_type=\"column\">\n\t\t\t<div class=\"elementor-widget-wrap elementor-element-populated\">\n\t\t\t\t\t\t<div class=\"elementor-element elementor-element-5634468 elementor-widget elementor-widget-heading\" data-id=\"5634468\" data-element_type=\"widget\" data-widget_type=\"heading.default\">\n\t\t\t\t<div class=\"elementor-widget-container\">\n\t\t\t\t\t<h1 class=\"elementor-heading-title elementor-size-default\">individuelle Auswahl der Probanden auf der Grundlage des Zwecks des Produkts<\/h1>\t\t\t\t<\/div>\n\t\t\t\t<\/div>\n\t\t\t\t<div class=\"elementor-element elementor-element-5478fbc elementor-widget__width-auto elementor-absolute elementor-widget-mobile__width-inherit elementor-widget elementor-widget-heading\" data-id=\"5478fbc\" data-element_type=\"widget\" data-settings=\"{&quot;_position&quot;:&quot;absolute&quot;}\" data-widget_type=\"heading.default\">\n\t\t\t\t<div class=\"elementor-widget-container\">\n\t\t\t\t\t<h2 class=\"elementor-heading-title elementor-size-default\">1<\/h2>\t\t\t\t<\/div>\n\t\t\t\t<\/div>\n\t\t\t\t\t<\/div>\n\t\t<\/div>\n\t\t\t\t<div class=\"elementor-column elementor-col-33 elementor-top-column elementor-element elementor-element-aad0a88\" data-id=\"aad0a88\" data-element_type=\"column\">\n\t\t\t<div class=\"elementor-widget-wrap elementor-element-populated\">\n\t\t\t\t\t\t<div class=\"elementor-element elementor-element-1cb728f elementor-widget elementor-widget-heading\" data-id=\"1cb728f\" data-element_type=\"widget\" data-widget_type=\"heading.default\">\n\t\t\t\t<div class=\"elementor-widget-container\">\n\t\t\t\t\t<h1 class=\"elementor-heading-title elementor-size-default\">die M\u00f6glichkeit, auf dem Etikett eine Beschreibung wie \"unter Aufsicht getestet ...\" anzubringen.\n<\/h1>\t\t\t\t<\/div>\n\t\t\t\t<\/div>\n\t\t\t\t<div class=\"elementor-element elementor-element-66ffffa elementor-widget__width-auto elementor-absolute elementor-widget-mobile__width-inherit elementor-widget elementor-widget-heading\" data-id=\"66ffffa\" data-element_type=\"widget\" data-settings=\"{&quot;_position&quot;:&quot;absolute&quot;}\" data-widget_type=\"heading.default\">\n\t\t\t\t<div class=\"elementor-widget-container\">\n\t\t\t\t\t<h2 class=\"elementor-heading-title elementor-size-default\">2<\/h2>\t\t\t\t<\/div>\n\t\t\t\t<\/div>\n\t\t\t\t\t<\/div>\n\t\t<\/div>\n\t\t\t\t<div class=\"elementor-column elementor-col-33 elementor-top-column elementor-element elementor-element-720e948\" data-id=\"720e948\" data-element_type=\"column\">\n\t\t\t<div class=\"elementor-widget-wrap elementor-element-populated\">\n\t\t\t\t\t\t<div class=\"elementor-element elementor-element-43fe74c elementor-widget elementor-widget-heading\" data-id=\"43fe74c\" data-element_type=\"widget\" data-widget_type=\"heading.default\">\n\t\t\t\t<div class=\"elementor-widget-container\">\n\t\t\t\t\t<h1 class=\"elementor-heading-title elementor-size-default\">Bewertung der Hautvertr\u00e4glichkeit von Produkten an den Anwendungsstellen \n<\/h1>\t\t\t\t<\/div>\n\t\t\t\t<\/div>\n\t\t\t\t<div class=\"elementor-element elementor-element-f1e6df8 elementor-widget__width-auto elementor-absolute elementor-widget-mobile__width-inherit elementor-widget elementor-widget-heading\" data-id=\"f1e6df8\" data-element_type=\"widget\" data-settings=\"{&quot;_position&quot;:&quot;absolute&quot;}\" data-widget_type=\"heading.default\">\n\t\t\t\t<div class=\"elementor-widget-container\">\n\t\t\t\t\t<h2 class=\"elementor-heading-title elementor-size-default\">3<\/h2>\t\t\t\t<\/div>\n\t\t\t\t<\/div>\n\t\t\t\t\t<\/div>\n\t\t<\/div>\n\t\t\t\t\t<\/div>\n\t\t<\/section>\n\t\t\t\t<section class=\"elementor-section elementor-top-section elementor-element elementor-element-118bbff elementor-section-height-min-height elementor-section-content-middle elementor-section-boxed elementor-section-height-default elementor-section-items-middle\" data-id=\"118bbff\" data-element_type=\"section\">\n\t\t\t\t\t\t<div class=\"elementor-container elementor-column-gap-no\">\n\t\t\t\t\t<div class=\"elementor-column elementor-col-33 elementor-top-column elementor-element elementor-element-6f34ecc\" data-id=\"6f34ecc\" data-element_type=\"column\">\n\t\t\t<div class=\"elementor-widget-wrap elementor-element-populated\">\n\t\t\t\t\t\t<div class=\"elementor-element elementor-element-080cace elementor-widget elementor-widget-heading\" data-id=\"080cace\" data-element_type=\"widget\" data-widget_type=\"heading.default\">\n\t\t\t\t<div class=\"elementor-widget-container\">\n\t\t\t\t\t<h1 class=\"elementor-heading-title elementor-size-default\">die individuelle, subjektive Einsch\u00e4tzung jedes Studienteilnehmers\n<\/h1>\t\t\t\t<\/div>\n\t\t\t\t<\/div>\n\t\t\t\t<div class=\"elementor-element elementor-element-accdb59 elementor-widget__width-auto elementor-absolute elementor-widget-mobile__width-inherit elementor-widget elementor-widget-heading\" data-id=\"accdb59\" data-element_type=\"widget\" data-settings=\"{&quot;_position&quot;:&quot;absolute&quot;}\" data-widget_type=\"heading.default\">\n\t\t\t\t<div class=\"elementor-widget-container\">\n\t\t\t\t\t<h2 class=\"elementor-heading-title elementor-size-default\">4<\/h2>\t\t\t\t<\/div>\n\t\t\t\t<\/div>\n\t\t\t\t\t<\/div>\n\t\t<\/div>\n\t\t\t\t<div class=\"elementor-column elementor-col-33 elementor-top-column elementor-element elementor-element-1972777\" data-id=\"1972777\" data-element_type=\"column\">\n\t\t\t<div class=\"elementor-widget-wrap elementor-element-populated\">\n\t\t\t\t\t\t<div class=\"elementor-element elementor-element-4b54a1f elementor-widget elementor-widget-heading\" data-id=\"4b54a1f\" data-element_type=\"widget\" data-widget_type=\"heading.default\">\n\t\t\t\t<div class=\"elementor-widget-container\">\n\t\t\t\t\t<h1 class=\"elementor-heading-title elementor-size-default\">Forschung unter der Aufsicht von Spezialisten\n <br><\/br><\/h1>\t\t\t\t<\/div>\n\t\t\t\t<\/div>\n\t\t\t\t<div class=\"elementor-element elementor-element-ac710ff elementor-widget__width-auto elementor-absolute elementor-widget-mobile__width-inherit elementor-widget elementor-widget-heading\" data-id=\"ac710ff\" data-element_type=\"widget\" data-settings=\"{&quot;_position&quot;:&quot;absolute&quot;}\" data-widget_type=\"heading.default\">\n\t\t\t\t<div class=\"elementor-widget-container\">\n\t\t\t\t\t<h2 class=\"elementor-heading-title elementor-size-default\">5<\/h2>\t\t\t\t<\/div>\n\t\t\t\t<\/div>\n\t\t\t\t\t<\/div>\n\t\t<\/div>\n\t\t\t\t<div class=\"elementor-column elementor-col-33 elementor-top-column elementor-element elementor-element-0c741bd\" data-id=\"0c741bd\" data-element_type=\"column\">\n\t\t\t<div class=\"elementor-widget-wrap elementor-element-populated\">\n\t\t\t\t\t\t<div class=\"elementor-element elementor-element-7417fba elementor-widget elementor-widget-heading\" data-id=\"7417fba\" data-element_type=\"widget\" data-widget_type=\"heading.default\">\n\t\t\t\t<div class=\"elementor-widget-container\">\n\t\t\t\t\t<h1 class=\"elementor-heading-title elementor-size-default\">Anwendungstests an professionellen Produkten\n<\/h1>\t\t\t\t<\/div>\n\t\t\t\t<\/div>\n\t\t\t\t<div class=\"elementor-element elementor-element-50acce5 elementor-widget__width-auto elementor-absolute elementor-widget-mobile__width-inherit elementor-widget elementor-widget-heading\" data-id=\"50acce5\" data-element_type=\"widget\" data-settings=\"{&quot;_position&quot;:&quot;absolute&quot;}\" data-widget_type=\"heading.default\">\n\t\t\t\t<div class=\"elementor-widget-container\">\n\t\t\t\t\t<h2 class=\"elementor-heading-title elementor-size-default\">6<\/h2>\t\t\t\t<\/div>\n\t\t\t\t<\/div>\n\t\t\t\t\t<\/div>\n\t\t<\/div>\n\t\t\t\t\t<\/div>\n\t\t<\/section>\n\t\t\t\t<section class=\"elementor-section elementor-top-section elementor-element elementor-element-df7c0be elementor-section-boxed elementor-section-height-default elementor-section-height-default\" data-id=\"df7c0be\" data-element_type=\"section\">\n\t\t\t\t\t\t<div class=\"elementor-container elementor-column-gap-default\">\n\t\t\t\t\t<div class=\"elementor-column elementor-col-100 elementor-top-column elementor-element elementor-element-920e802\" data-id=\"920e802\" data-element_type=\"column\">\n\t\t\t<div class=\"elementor-widget-wrap elementor-element-populated\">\n\t\t\t\t\t\t<div class=\"elementor-element elementor-element-2611e2c elementor-widget elementor-widget-spacer\" data-id=\"2611e2c\" data-element_type=\"widget\" data-widget_type=\"spacer.default\">\n\t\t\t\t<div class=\"elementor-widget-container\">\n\t\t\t\t\t\t\t<div class=\"elementor-spacer\">\n\t\t\t<div class=\"elementor-spacer-inner\"><\/div>\n\t\t<\/div>\n\t\t\t\t\t\t<\/div>\n\t\t\t\t<\/div>\n\t\t\t\t\t<\/div>\n\t\t<\/div>\n\t\t\t\t\t<\/div>\n\t\t<\/section>\n\t\t\t\t<section class=\"elementor-section elementor-top-section elementor-element elementor-element-768fa1c elementor-section-boxed elementor-section-height-default elementor-section-height-default\" data-id=\"768fa1c\" data-element_type=\"section\">\n\t\t\t\t\t\t<div class=\"elementor-container elementor-column-gap-default\">\n\t\t\t\t\t<div class=\"elementor-column elementor-col-100 elementor-top-column elementor-element elementor-element-76797f2\" data-id=\"76797f2\" data-element_type=\"column\">\n\t\t\t<div class=\"elementor-widget-wrap elementor-element-populated\">\n\t\t\t\t\t\t<div class=\"elementor-element elementor-element-799d50ef elementor-widget elementor-widget-heading\" data-id=\"799d50ef\" data-element_type=\"widget\" data-widget_type=\"heading.default\">\n\t\t\t\t<div class=\"elementor-widget-container\">\n\t\t\t\t\t<h1 class=\"elementor-heading-title elementor-size-default\">Forschung <span style=\"color: #E2BB53\"> Ger\u00e4t <\/span>  H\u00e4ute\n<\/h1>\t\t\t\t<\/div>\n\t\t\t\t<\/div>\n\t\t\t\t<div class=\"elementor-element elementor-element-21c61ba5 elementor-widget elementor-widget-text-editor\" data-id=\"21c61ba5\" data-element_type=\"widget\" data-widget_type=\"text-editor.default\">\n\t\t\t\t<div class=\"elementor-widget-container\">\n\t\t\t\t\t\t\t\t\t<p style=\"text-align: center;\">Um objektive Ergebnisse von Gebrauchstauglichkeitstests zu erhalten, werden Ger\u00e4tetests auf der Haut durchgef\u00fchrt, <br \/>die die Wirksamkeit der getesteten Pr\u00e4parate best\u00e4tigen.<\/p><p style=\"text-align: center;\">Im Rahmen dieser Studien beurteilt eine Gruppe ausgew\u00e4hlter Personen das betreffende Pr\u00e4parat, was eine subjektive Bewertung erm\u00f6glicht, aber die Ergebnisse der instrumentellen Analyse sind ebenso wichtig. Die nicht-invasiven Methoden der instrumentellen Analyse erm\u00f6glichen eine objektive Bewertung der Leistung der getesteten Pr\u00e4parate.<\/p><p style=\"text-align: center;\"><strong>Die instrumentelle Analyse liefert \u00e4u\u00dferst wertvolle Informationen \u00fcber das untersuchte Produkt, <br \/>auf der Grundlage der Messung verschiedener Hautparameter, wie z. B.: <\/strong><\/p><p style=\"text-align: center;\"><strong>Messung der Luftfeuchtigkeit:<\/strong> Wir beurteilen die F\u00e4higkeit der Haut, Feuchtigkeit zu speichern, was f\u00fcr ihre Gesundheit und ihr Aussehen entscheidend ist.<\/p><p style=\"text-align: center;\"><strong>Sebum-Analyse:<\/strong> Wir messen den Fettgehalt der Haut, um Produkte f\u00fcr fettige Haut und Mischhaut bewerten zu k\u00f6nnen.<\/p><p style=\"text-align: center;\"><strong>Porenmerkmale:<\/strong> Wir untersuchen die Gr\u00f6\u00dfe und den Zustand der Poren und k\u00f6nnen so die Wirksamkeit von Produkten zur Reinigung und Straffung der Poren beurteilen.<\/p><p style=\"text-align: center;\"><strong>Flexibilit\u00e4t und Festigkeit:<\/strong> Wir beurteilen, wie sich die Produkte auf die Elastizit\u00e4t und den Tonus der Haut auswirken, was besonders bei Anti-Aging-Kosmetika wichtig ist.<\/p><p style=\"text-align: center;\"><strong>Entf\u00e4rbung:<\/strong> Wir analysieren die Melanin- und Erythhemwerte (R\u00f6tungen), um die Wirksamkeit von aufhellenden und verf\u00e4rbungsreduzierenden Produkten zu beurteilen.<\/p><p style=\"text-align: center;\"><strong>TEWL (transepidermaler Wasserverlust):<\/strong> Wir messen den transepidermalen Wasserverlust, der ein Indikator f\u00fcr die Hautbarriere ist.<\/p><p style=\"text-align: center;\"><strong>Falten:<\/strong> Wir f\u00fchren eine 3D-Visualisierung von Falten durch, die es uns erm\u00f6glicht, die Wirkung von Anti-Falten-Kosmetika genau zu beurteilen.<\/p>\t\t\t\t\t\t\t\t<\/div>\n\t\t\t\t<\/div>\n\t\t\t\t\t<\/div>\n\t\t<\/div>\n\t\t\t\t\t<\/div>\n\t\t<\/section>\n\t\t\t\t<section class=\"elementor-section elementor-top-section elementor-element elementor-element-58f4106 elementor-section-boxed elementor-section-height-default elementor-section-height-default\" data-id=\"58f4106\" data-element_type=\"section\">\n\t\t\t\t\t\t<div class=\"elementor-container elementor-column-gap-default\">\n\t\t\t\t\t<div class=\"elementor-column elementor-col-100 elementor-top-column elementor-element elementor-element-11a39ab\" data-id=\"11a39ab\" data-element_type=\"column\">\n\t\t\t<div class=\"elementor-widget-wrap elementor-element-populated\">\n\t\t\t\t\t\t<div class=\"elementor-element elementor-element-e8fae42 elementor-widget elementor-widget-spacer\" data-id=\"e8fae42\" data-element_type=\"widget\" data-widget_type=\"spacer.default\">\n\t\t\t\t<div class=\"elementor-widget-container\">\n\t\t\t\t\t\t\t<div class=\"elementor-spacer\">\n\t\t\t<div class=\"elementor-spacer-inner\"><\/div>\n\t\t<\/div>\n\t\t\t\t\t\t<\/div>\n\t\t\t\t<\/div>\n\t\t\t\t\t<\/div>\n\t\t<\/div>\n\t\t\t\t\t<\/div>\n\t\t<\/section>\n\t\t\t\t<section class=\"elementor-section elementor-top-section elementor-element elementor-element-d4e563a elementor-section-boxed elementor-section-height-default elementor-section-height-default\" data-id=\"d4e563a\" data-element_type=\"section\">\n\t\t\t\t\t\t<div class=\"elementor-container elementor-column-gap-no\">\n\t\t\t\t\t<div class=\"elementor-column elementor-col-50 elementor-top-column elementor-element elementor-element-c11b79a\" data-id=\"c11b79a\" data-element_type=\"column\">\n\t\t\t<div class=\"elementor-widget-wrap elementor-element-populated\">\n\t\t\t\t\t\t<div class=\"elementor-element elementor-element-8afb32c elementor-widget elementor-widget-text-editor\" data-id=\"8afb32c\" data-element_type=\"widget\" data-widget_type=\"text-editor.default\">\n\t\t\t\t<div class=\"elementor-widget-container\">\n\t\t\t\t\t\t\t\t\t<p><strong>Vorteile:<\/strong><\/p><p>\u2705 Objektivit\u00e4t: Instrumentenstudien liefern pr\u00e4zise, objektive Daten, die die Wirksamkeit von Kosmetika best\u00e4tigen.<br \/>\u2705 Unterst\u00fctzung des Marketings: Die Ergebnisse dieser Forschung k\u00f6nnen in Marketingmaterialien verwendet werden, um die Glaubw\u00fcrdigkeit und Attraktivit\u00e4t der Produkte zu erh\u00f6hen.<br \/>\u2705 Umfassende Beurteilung: Dank einer vielschichtigen Analyse k\u00f6nnen wir die Produkte genau auf die Bed\u00fcrfnisse der verschiedenen Hauttypen und dermatologischen Probleme abstimmen.<\/p><p><strong>Wir laden Sie ein, unsere fortschrittlichen Forschungsdienste in Anspruch zu nehmen, um Ihnen dabei zu helfen, die qualitativ hochwertigsten Produkte auf den Markt zu bringen, die auf zuverl\u00e4ssiger Forschung beruhen.<\/strong><\/p>\t\t\t\t\t\t\t\t<\/div>\n\t\t\t\t<\/div>\n\t\t\t\t\t<\/div>\n\t\t<\/div>\n\t\t\t\t<div class=\"elementor-column elementor-col-50 elementor-top-column elementor-element elementor-element-3e61fbd\" data-id=\"3e61fbd\" data-element_type=\"column\">\n\t\t\t<div class=\"elementor-widget-wrap elementor-element-populated\">\n\t\t\t\t\t\t<div class=\"elementor-element elementor-element-2b54fb8 elementor-widget elementor-widget-image\" data-id=\"2b54fb8\" data-element_type=\"widget\" data-widget_type=\"image.default\">\n\t\t\t\t<div class=\"elementor-widget-container\">\n\t\t\t\t\t\t\t\t\t\t\t\t\t\t\t<img decoding=\"async\" src=\"https:\/\/womanature.pl\/wp-content\/uploads\/elementor\/thumbs\/1-1-ql2sg3w7a6480ssw7visadpliu6dm0k64n7v43jzhs.png\" title=\"1\" alt=\"1\" loading=\"lazy\" \/>\t\t\t\t\t\t\t\t\t\t\t\t\t\t\t<\/div>\n\t\t\t\t<\/div>\n\t\t\t\t\t<\/div>\n\t\t<\/div>\n\t\t\t\t\t<\/div>\n\t\t<\/section>\n\t\t\t\t<section class=\"elementor-section elementor-top-section elementor-element elementor-element-2dff56a elementor-section-boxed elementor-section-height-default elementor-section-height-default\" data-id=\"2dff56a\" data-element_type=\"section\">\n\t\t\t\t\t\t<div class=\"elementor-container elementor-column-gap-default\">\n\t\t\t\t\t<div class=\"elementor-column elementor-col-100 elementor-top-column elementor-element elementor-element-9144d49\" data-id=\"9144d49\" data-element_type=\"column\">\n\t\t\t<div class=\"elementor-widget-wrap elementor-element-populated\">\n\t\t\t\t\t\t<div class=\"elementor-element elementor-element-4ee1cd4 elementor-widget elementor-widget-spacer\" data-id=\"4ee1cd4\" data-element_type=\"widget\" data-widget_type=\"spacer.default\">\n\t\t\t\t<div class=\"elementor-widget-container\">\n\t\t\t\t\t\t\t<div class=\"elementor-spacer\">\n\t\t\t<div class=\"elementor-spacer-inner\"><\/div>\n\t\t<\/div>\n\t\t\t\t\t\t<\/div>\n\t\t\t\t<\/div>\n\t\t\t\t\t<\/div>\n\t\t<\/div>\n\t\t\t\t\t<\/div>\n\t\t<\/section>\n\t\t\t\t<\/div>","protected":false},"excerpt":{"rendered":"<p>FORSCHUNGSANGEBOT Kosmetische Anwendungstests werden an einer entsprechend ausgew\u00e4hlten Gruppe von Probanden nach den Vorgaben\/unter der Aufsicht eines Dermatologen durchgef\u00fchrt. Falls erforderlich, werden auch andere Fachleute in die Tests einbezogen. Auf diese Weise ist es m\u00f6glich, eine Vielzahl von Produkteigenschaften zu testen. Die Probanden, die an der Studie teilnehmen, m\u00fcssen sich ihrerseits keine Sorgen um ihre Gesundheit machen. Das breite Spektrum der M\u00f6glichkeiten erlaubt [...]<\/p>","protected":false},"author":3,"featured_media":0,"parent":0,"menu_order":0,"comment_status":"closed","ping_status":"closed","template":"","meta":{"inline_featured_image":false,"footnotes":""},"class_list":["post-198","page","type-page","status-publish","hentry"],"aioseo_notices":[],"_links":{"self":[{"href":"https:\/\/womanature.pl\/de\/wp-json\/wp\/v2\/pages\/198","targetHints":{"allow":["GET"]}}],"collection":[{"href":"https:\/\/womanature.pl\/de\/wp-json\/wp\/v2\/pages"}],"about":[{"href":"https:\/\/womanature.pl\/de\/wp-json\/wp\/v2\/types\/page"}],"author":[{"embeddable":true,"href":"https:\/\/womanature.pl\/de\/wp-json\/wp\/v2\/users\/3"}],"replies":[{"embeddable":true,"href":"https:\/\/womanature.pl\/de\/wp-json\/wp\/v2\/comments?post=198"}],"version-history":[{"count":0,"href":"https:\/\/womanature.pl\/de\/wp-json\/wp\/v2\/pages\/198\/revisions"}],"wp:attachment":[{"href":"https:\/\/womanature.pl\/de\/wp-json\/wp\/v2\/media?parent=198"}],"curies":[{"name":"wp","href":"https:\/\/api.w.org\/{rel}","templated":true}]}}