{"id":1993,"date":"2024-08-16T15:47:17","date_gmt":"2024-08-16T15:47:17","guid":{"rendered":"https:\/\/womanature.pl\/?page_id=1993"},"modified":"2025-04-16T10:12:27","modified_gmt":"2025-04-16T10:12:27","slug":"ladenordnung","status":"publish","type":"page","link":"https:\/\/womanature.pl\/de\/ladenordnung\/","title":{"rendered":"Shop-Regeln"},"content":{"rendered":"<p><\/p>\n\n\n\n<p><\/p>\n\n\n\n<p>Allgemeine Gesch\u00e4ftsbedingungen des Online-Shops<\/p>\n\n\n\n<p>www.namoi.pl<\/p>\n\n\n\n<p>\u00a7 1<\/p>\n\n\n\n<p>ALLGEMEINE BESTIMMUNGEN<\/p>\n\n\n\n<ol class=\"wp-block-list\">\n<li>Der Shop www.namoi.pl wird zu den in diesen Allgemeinen Gesch\u00e4ftsbedingungen dargelegten Bedingungen betrieben.<\/li>\n\n\n\n<li>Die Verordnungen regeln die Bedingungen f\u00fcr den Abschluss und die Beendigung von Produktverkaufsvertr\u00e4gen und das Beschwerdeverfahren sowie die Art und den Umfang der vom Shop www.namoi.pl elektronisch erbrachten Dienstleistungen, die Regeln f\u00fcr die Erbringung dieser Dienstleistungen und die Bedingungen f\u00fcr den Abschluss und die Beendigung von Vertr\u00e4gen \u00fcber die Erbringung von Dienstleistungen auf elektronischem Wege.<\/li>\n\n\n\n<li>Jeder Kunde ist verpflichtet, die Bestimmungen der vorliegenden Gesch\u00e4ftsordnung einzuhalten, sobald er die elektronischen Dienstleistungen des Shops www.namoi.pl nutzt.<\/li>\n\n\n\n<li>In Angelegenheiten, die nicht in diesem Reglement geregelt sind, gelten die Bestimmungen:\n<ol class=\"wp-block-list\">\n<li>das Gesetz \u00fcber die Erbringung von elektronischen Dienstleistungen vom 18. Juli 2002,<\/li>\n\n\n\n<li>Gesetz \u00fcber die Rechte der Verbraucher vom 30. Mai 2014,<\/li>\n\n\n\n<li>Gesetz zur au\u00dfergerichtlichen Beilegung von Verbraucherrechtsstreitigkeiten vom 23. September 2016,<\/li>\n\n\n\n<li>Gesetz \u00fcber das Zivilgesetzbuch vom 23. April 1964 und andere einschl\u00e4gige Bestimmungen des polnischen Rechts.<\/li>\n<\/ol>\n<\/li>\n<\/ol>\n\n\n\n<p>\u00a7 2<\/p>\n\n\n\n<p>DIE IN DER GESCH\u00c4FTSORDNUNG ENTHALTENEN DEFINITIONEN<\/p>\n\n\n\n<ol class=\"wp-block-list\">\n<li>BESTELLFORMULAR - ein Formular auf der Website www.namoi.pl, mit dem Sie eine Bestellung aufgeben k\u00f6nnen.<\/li>\n\n\n\n<li>KUNDE - ein Kunde, der beabsichtigt, einen Kaufvertrag mit dem Verk\u00e4ufer abzuschlie\u00dfen oder einen solchen abgeschlossen hat.<\/li>\n\n\n\n<li>VERBRAUCHER - eine nat\u00fcrliche Person, die ein Rechtsgesch\u00e4ft mit einem Gewerbetreibenden t\u00e4tigt, das nicht unmittelbar mit ihrer gewerblichen oder beruflichen T\u00e4tigkeit zusammenh\u00e4ngt.<\/li>\n\n\n\n<li>UNTERNEHMEN - eine nat\u00fcrliche Person, eine juristische Person und eine organisatorische Einheit, die keine juristische Person ist und der das Gesetz Rechtsf\u00e4higkeit verleiht, die eine gesch\u00e4ftliche oder berufliche T\u00e4tigkeit in eigenem Namen aus\u00fcbt.<\/li>\n\n\n\n<li>PRODUKT - ein im Gesch\u00e4ft erh\u00e4ltlicher beweglicher Artikel, der Gegenstand eines Kaufvertrags zwischen dem Kunden und dem Verk\u00e4ufer ist.<\/li>\n\n\n\n<li>REGELN - diese Regeln des Ladens.<\/li>\n\n\n\n<li>SHOP - der Online-Shop des Dienstanbieters, der unter www.namoi.pl betrieben wird.<\/li>\n\n\n\n<li>VERK\u00c4UFER, DIENSTLEISTER - Womanature Sp. z o.o. 56A Nowogrodzka St., 00-695 Warschau, NIP: 7011053110.<\/li>\n\n\n\n<li>VERKAUFSVERTRAG - ein Kaufvertrag \u00fcber ein Produkt, der zwischen dem Kunden und dem Verk\u00e4ufer \u00fcber den Shop abgeschlossen wird.<\/li>\n\n\n\n<li>BESTELLUNG - die Willenserkl\u00e4rung des Kunden, die ein Angebot zum Abschluss eines Produktkaufvertrags mit dem Verk\u00e4ufer darstellt.<\/li>\n\n\n\n<li>PREIS - der in Geldeinheiten ausgedr\u00fcckte Wert, den der Kunde verpflichtet ist, dem Verk\u00e4ufer f\u00fcr das Produkt zu zahlen.<\/li>\n<\/ol>\n\n\n\n<p>\u00a7 3<\/p>\n\n\n\n<p>INFORMATIONEN \u00dcBER PRODUKTE UND DEREN BESTELLUNG<\/p>\n\n\n\n<ol class=\"wp-block-list\">\n<li>Der Shop www. namoi.pl vertreibt Produkte \u00fcber das Internet.<\/li>\n\n\n\n<li>Die im Shop angebotenen Produkte sind neu, vertragskonform und wurden legal auf dem polnischen Markt eingef\u00fchrt.<\/li>\n\n\n\n<li>Die Informationen auf der Website des Shops stellen kein Angebot im Sinne des Gesetzes dar. Wenn der Kunde eine Bestellung aufgibt, gibt er ein Angebot zum Kauf eines bestimmten Produkts zu den in seiner Beschreibung angegebenen Bedingungen ab.<\/li>\n\n\n\n<li>Der Preis des Produkts, der auf der Website des Shops angegeben ist, ist in Polnischen Zloty (PLN) angegeben und umfasst alle Komponenten. Die Kosten f\u00fcr die Lieferung gehen zu Lasten des Verk\u00e4ufers.<\/li>\n\n\n\n<li>Bestellungen k\u00f6nnen \u00fcber die Website mit dem Bestellformular (Shop www. namoi.pl) aufgegeben werden - 24 Stunden am Tag, das ganze Jahr \u00fcber.<\/li>\n\n\n\n<li>Voraussetzung f\u00fcr die Aufgabe einer Bestellung im Shop ist, dass der Kunde die Allgemeinen Gesch\u00e4ftsbedingungen liest und sie zum Zeitpunkt der Bestellung akzeptiert.&nbsp;<\/li>\n<\/ol>\n\n\n\n<p>\u00a7 4<\/p>\n\n\n\n<p>ABSCHLUSS DES KAUFVERTRAGS<\/p>\n\n\n\n<ol class=\"wp-block-list\">\n<li>Um einen Kaufvertrag abzuschlie\u00dfen, ist es erforderlich, dass der Kunde eine Bestellung \u00fcber die vom Verk\u00e4ufer zur Verf\u00fcgung gestellte Methode gem\u00e4\u00df \u00a7 3 Ziffern 5 und 6 der Allgemeinen Gesch\u00e4ftsbedingungen aufgibt.<\/li>\n\n\n\n<li>Sobald eine Bestellung aufgegeben wurde, best\u00e4tigt der Verk\u00e4ufer unverz\u00fcglich den Eingang der Bestellung.<\/li>\n\n\n\n<li>Die in Punkt 2 dieses Absatzes genannte Best\u00e4tigung des Eingangs der Bestellung bindet den Kunden an seine Bestellung. Die Best\u00e4tigung des Eingangs der Bestellung erfolgt durch \u00dcbermittlung einer E-Mail-Nachricht.<\/li>\n\n\n\n<li>Die Best\u00e4tigung des Eingangs der Bestellung umfasst:\n<ol class=\"wp-block-list\">\n<li>die Best\u00e4tigung aller wesentlichen Elemente des Ordens,<\/li>\n\n\n\n<li>Widerrufsformular,<\/li>\n\n\n\n<li>diese Allgemeinen Gesch\u00e4ftsbedingungen, einschlie\u00dflich der Belehrung \u00fcber das Widerrufsrecht.<\/li>\n<\/ol>\n<\/li>\n\n\n\n<li>Sobald der Kunde die in Punkt 4 dieses Absatzes genannte E-Mail-Nachricht erh\u00e4lt, kommt ein Kaufvertrag zwischen dem Kunden und dem Verk\u00e4ufer zustande.<\/li>\n\n\n\n<li>Jeder Kaufvertrag wird durch einen Kaufnachweis best\u00e4tigt, der dem Produkt beigef\u00fcgt wird.<\/li>\n<\/ol>\n\n\n\n<p>\u00a7 5<\/p>\n\n\n\n<p>PAYMENTS<\/p>\n\n\n\n<ol class=\"wp-block-list\">\n<li>Die Bezahlung einer Bestellung kann mit den vom Shop zur Verf\u00fcgung gestellten Zahlungsmitteln erfolgen, die der Kunde ausw\u00e4hlt:\n<ul class=\"wp-block-list\">\n<li>durch traditionelle Bank\u00fcberweisung auf das Bankkonto des Shops <br>\u00fcber <strong>18 1600 1462 1733 8678 5000 0001 <\/strong>(<strong>BNP Paribas Bank Polska S.A.<\/strong>) - Vorauszahlung;<\/li>\n\n\n\n<li>mit dem mobilen Zahlungssystem BLIK, das auf der Website des Shops \u00fcber die Krajowy Integrator P\u0142atno\u015bci Sp\u00f3\u0142ka Akcyjna (im Folgenden: KIP SA) mit Sitz in Pozna\u0144, Plac Andersa 3, 17. Stock, 61-894 Pozna\u0144 - dem Betreiber des elektronischen Zahlungsgateways Tpay - verf\u00fcgbar ist;<\/li>\n\n\n\n<li>mit Hilfe der schnellen Internet\u00fcberweisungen, die auf der Website des Shops \u00fcber die Firma KIP SA, Plac Andersa 3, 61-894 Pozna\u0144 - Betreiber des elektronischen Zahlungsportals Tpay - verf\u00fcgbar sind;<\/li>\n\n\n\n<li>in bar an die Person, die die Sendung mit den bestellten Produkten bei Abholung zustellt (Nachnahme);<\/li>\n\n\n\n<li>mit Visa, Visa Electron, Mastercard, MasterCard Electronic, Maestro. Der Online-Zahlungsdienstleister f\u00fcr Kartenzahlungen ist Tpay, KIP SA, Plac Andersa 3, 61-894 Pozna\u0144.<br>Die Zahlung wird eingezogen, wenn Sie unmittelbar nach der Best\u00e4tigung der Bestellung der ausgew\u00e4hlten Produkte und der Erteilung einer positiven Zahlungsgenehmigung auf die Website des Betreibers weitergeleitet werden.<\/li>\n<\/ul>\n<\/li>\n\n\n\n<li>Der Kunde ist verpflichtet, die Zahlung innerhalb von 7 Werktagen nach Aufgabe der Bestellung zu leisten. Wird die Bestellung nicht innerhalb dieser Frist bezahlt, wird die Bestellung storniert.<\/li>\n\n\n\n<li>Wird die Nachnahme gew\u00e4hlt, ist der Kunde verpflichtet, die Zahlung bei Lieferung zu leisten.<\/li>\n\n\n\n<li>Falls eine R\u00fcckerstattung f\u00fcr eine vom Kunden get\u00e4tigte Transaktion erforderlich ist, wird der Shop die R\u00fcckerstattung vornehmen:\n<ul class=\"wp-block-list\">\n<li>auf ein Bankkonto - bei Bezahlung der Bestellung per \u00dcberweisung und bei Barzahlung der Bestellung, sofern der Kunde dem Verk\u00e4ufer die Kontonummer angibt, auf die die R\u00fcckzahlung erfolgen soll;<\/li>\n\n\n\n<li>in Form einer R\u00fcckerstattung auf die zur Bezahlung der Bestellung verwendete Zahlungskarte, wenn die Bestellung mit einer Zahlungskarte bezahlt wurde;<\/li>\n\n\n\n<li>per Postanweisung - wenn die Bestellung in bar bezahlt wurde und der Kunde dem Verk\u00e4ufer nicht die Nummer des Bankkontos angibt, auf das die R\u00fcckzahlung erfolgen soll;<\/li>\n\n\n\n<li>in Form einer R\u00fcckerstattung auf das mit der BLIK-Anwendung verbundene Konto, wenn die Bestellung \u00fcber diese Anwendung bezahlt wurde.<\/li>\n<\/ul>\n<\/li>\n\n\n\n<li>F\u00fcr den Kauf des Produkts wird dem Kunden eine Rechnung mit ausgewiesener Mehrwertsteuer ausgestellt und zugesandt. Die Rechnung wird als elektronische Rechnung ausgestellt und im PDF-Format an die w\u00e4hrend des Bestellvorgangs angegebene E-Mail-Adresse gesendet oder als Link zur Verf\u00fcgung gestellt, den der Kunde in einer separaten E-Mail erh\u00e4lt. Berichtigungsrechnungen werden in \u00e4hnlicher Weise ausgestellt und versandt.<\/li>\n\n\n\n<li>Einzelheiten zu den akzeptierten Zahlungsarten finden Sie auf den Shop-Seiten.<\/li>\n<\/ol>\n\n\n\n<p>\u00a7 6<\/p>\n\n\n\n<p>KOSTEN, ZEITPLAN UND ART DER LIEFERUNG DES PRODUKTS<\/p>\n\n\n\n<ol class=\"wp-block-list\">\n<li>Die Lieferkosten f\u00fcr das Produkt, die vom Kunden zu tragen sind, werden w\u00e4hrend des Bestellvorgangs festgelegt.<\/li>\n\n\n\n<li>Die Lieferzeit f\u00fcr das Produkt setzt sich zusammen aus der Zeit, die f\u00fcr die Fertigstellung des Produkts ben\u00f6tigt wird, und der Zeit, die f\u00fcr die Lieferung des Produkts durch den Spediteur ben\u00f6tigt wird:\n<ol class=\"wp-block-list\">\n<li>Die Bearbeitungszeit f\u00fcr die Produkte betr\u00e4gt zwischen 1 und 14 Arbeitstagen,<\/li>\n\n\n\n<li>Die Zustellung der beweglichen G\u00fcter durch den Spediteur erfolgt innerhalb der vom Spediteur angegebenen Frist (die Zustellung erfolgt nur an Werktagen mit Ausnahme von Samstagen, Sonntagen und Feiertagen).<\/li>\n<\/ol>\n<\/li>\n\n\n\n<li>Der Versand der im Shop gekauften Produkte erfolgt ausschlie\u00dflich innerhalb Polens \u00fcber Kurierdienste: UPS Healtcare temperaturgesteuert oder InPost.<\/li>\n<\/ol>\n\n\n\n<p>\u00a7 7<\/p>\n\n\n\n<p>PRODUKTREKLAMATION<\/p>\n\n\n\n<ol class=\"wp-block-list\">\n<li>Reklamation wegen Nicht\u00fcbereinstimmung des Produkts mit dem Vertrag.\n<ol class=\"wp-block-list\">\n<li>Grundlage und Umfang der Haftung des Verk\u00e4ufers gegen\u00fcber dem Kunden, der Verbraucher ist, f\u00fcr die Vertragswidrigkeit des Produkts sind im Gesetz \u00fcber Verbraucherrechte vom 30. Mai 2014 festgelegt,<\/li>\n\n\n\n<li>Grundlage und Umfang der Gew\u00e4hrleistungshaftung des Verk\u00e4ufers gegen\u00fcber dem Kunden, der Unternehmer ist, sind im Gesetz \u00fcber das B\u00fcrgerliche Gesetzbuch vom 23. April 1964 festgelegt,<\/li>\n\n\n\n<li>Der Verk\u00e4ufer haftet gegen\u00fcber dem Kunden, der ein Verbraucher ist, f\u00fcr jede Vertragswidrigkeit des Produkts, die zum Zeitpunkt der Lieferung des Produkts besteht und innerhalb von 2 Jahren nach diesem Zeitpunkt festgestellt wird, es sei denn, das vom Verk\u00e4ufer oder von den im Namen des Verk\u00e4ufers handelnden Personen angegebene Verfallsdatum des Produkts ist l\u00e4nger,<\/li>\n\n\n\n<li>Die Benachrichtigung \u00fcber die Nicht\u00fcbereinstimmung des Produkts mit dem Vertrag und die entsprechende Anfrage k\u00f6nnen per E-Mail an: kontakt@womanature.pl oder schriftlich an die folgende Adresse erfolgen: Womanature Sp. z o.o. 56A Nowogrodzka Stra\u00dfe, 00-695 Warschau, NIP: 7011053110.\u00a0<\/li>\n\n\n\n<li>Bitte geben Sie in der oben genannten schriftlichen oder elektronischen Nachricht so viele Informationen und Umst\u00e4nde zum Gegenstand der Beschwerde an wie m\u00f6glich, insbesondere die Art und das Datum der Unregelm\u00e4\u00dfigkeit sowie Ihre Kontaktangaben. Diese Angaben werden die Bearbeitung der Beschwerde durch den Verk\u00e4ufer erheblich erleichtern und beschleunigen,<\/li>\n\n\n\n<li>Zur Feststellung von Unregelm\u00e4\u00dfigkeiten und der Nichteinhaltung des Vertrags ist der Verbraucher verpflichtet, dem Verk\u00e4ufer das Produkt zur Verf\u00fcgung zu stellen, und der Verk\u00e4ufer ist verpflichtet, es auf eigene Kosten abzuholen,<\/li>\n\n\n\n<li>Der Verk\u00e4ufer muss auf die Anfrage des Kunden unverz\u00fcglich, sp\u00e4testens jedoch innerhalb von 14 Tagen nach der Beschwerde reagieren,<\/li>\n\n\n\n<li>Im Falle einer Beschwerde eines Kunden, der Verbraucher ist, gilt die Nichtbearbeitung der Beschwerde innerhalb von 14 Tagen nach ihrer Mitteilung als Annahme der Beschwerde,<\/li>\n\n\n\n<li>im Zusammenhang mit einer berechtigten Reklamation eines Kunden, der ein Verbraucher ist, der Verk\u00e4ufer entsprechend:<\/li>\n<\/ol>\n<\/li>\n<\/ol>\n\n\n\n<ol class=\"wp-block-list\">\n<li>deckt die Kosten der Reparatur oder des Ersatzes und der erneuten Lieferung des Produkts an den Kunden,<\/li>\n\n\n\n<li>den Preis des Produkts herabzusetzen (der herabgesetzte Preis muss im Verh\u00e4ltnis des Preises der vertragsgem\u00e4\u00dfen Ware zu dem der nicht vertragsgem\u00e4\u00dfen Ware stehen) und dem Verbraucher den Wert des herabgesetzten Preises sp\u00e4testens innerhalb von 14 Tagen nach Eingang der Erkl\u00e4rung des Verbrauchers \u00fcber die Preiserm\u00e4\u00dfigung zu erstatten,<\/li>\n\n\n\n<li>im Falle des R\u00fccktritts vom Vertrag durch den Verbraucher - hat der Verk\u00e4ufer dem Verbraucher den Preis des Produkts sp\u00e4testens innerhalb von 14 Tagen ab dem Datum des Eingangs der zur\u00fcckgesandten Ware oder des Nachweises ihrer R\u00fccksendung zu erstatten. Im Falle des R\u00fccktritts vom Vertrag ist der Verbraucher verpflichtet, die Ware unverz\u00fcglich auf Kosten des Verk\u00e4ufers an diesen zur\u00fcckzusenden,<\/li>\n\n\n\n<li>die Antwort auf die Beschwerde wird auf Papier oder einem anderen dauerhaften Datentr\u00e4ger, z. B. per E-Mail oder SMS, erteilt.<\/li>\n<\/ol>\n\n\n\n<p>\u00a7 8<\/p>\n\n\n\n<p>R\u00dcCKTRITTSRECHT<\/p>\n\n\n\n<ol class=\"wp-block-list\">\n<li>Vorbehaltlich des Punktes 10 dieses Absatzes kann ein Kunde, der gleichzeitig Verbraucher ist und einen Fernabsatzvertrag abgeschlossen hat, den Vertrag ohne Angabe von Gr\u00fcnden widerrufen, indem er innerhalb von 14 Tagen eine entsprechende Erkl\u00e4rung abgibt.<\/li>\n\n\n\n<li>Im Falle des R\u00fccktritts vom Vertrag gilt der Kaufvertrag als nicht geschlossen und der Verbraucher ist verpflichtet, das Produkt unverz\u00fcglich, sp\u00e4testens jedoch innerhalb von 14 Tagen ab dem Tag des R\u00fccktritts vom Vertrag, an den Verk\u00e4ufer zur\u00fcckzusenden oder einer vom Verk\u00e4ufer zur Entgegennahme des Produkts bevollm\u00e4chtigten Person zu \u00fcbergeben, es sei denn, der Verk\u00e4ufer hat angeboten, das Produkt selbst abzuholen. Es gen\u00fcgt, wenn Sie das Produkt vor Ablauf der Frist zur\u00fccksenden.<\/li>\n\n\n\n<li>Im Falle des R\u00fccktritts vom Kaufvertrag ist das Produkt an die folgende Adresse zur\u00fcckzusenden: Womanature Sp. z o. o. ul. Nowogrodzka 56A, 00-695 Warszaw, NIP: 7011053110.\u00a0<\/li>\n\n\n\n<li>Der Verbraucher haftet f\u00fcr jede Wertminderung des Produkts, die sich aus der Nutzung des Produkts ergibt und \u00fcber das hinausgeht, was zur Feststellung der Art, der Eigenschaften und der Funktionsweise des Produkts erforderlich ist, es sei denn, der Verk\u00e4ufer hat es vers\u00e4umt, den Verbraucher oder die in \u00a7 10 genannte Stelle \u00fcber die Art und Weise und den Zeitpunkt der Aus\u00fcbung des Widerrufsrechts zu informieren und dem Verbraucher kein Muster-Widerrufsformular zur Verf\u00fcgung gestellt. Um sich von der Beschaffenheit, den Eigenschaften und der Funktionsweise der Produkte zu \u00fcberzeugen, darf der Verbraucher die Produkte nur so behandeln und pr\u00fcfen, wie er dies in einem station\u00e4ren Gesch\u00e4ft tun k\u00f6nnte.<\/li>\n\n\n\n<li>Vorbehaltlich der Punkte 6 und 8 dieses Absatzes erstattet der Verk\u00e4ufer den Wert des Produkts zusammen mit den Lieferkosten unter Verwendung desselben Zahlungsmittels, das der Verbraucher verwendet hat, es sei denn, der Verbraucher hat ausdr\u00fccklich einer anderen Art der R\u00fcckerstattung zugestimmt, die f\u00fcr den Verbraucher mit keinerlei Kosten verbunden ist. Vorbehaltlich Punkt 7 dieses Absatzes erfolgt die Erstattung unverz\u00fcglich, sp\u00e4testens jedoch innerhalb von 14 Tagen nach Eingang der Mitteilung des Verk\u00e4ufers \u00fcber den R\u00fccktritt vom Kaufvertrag beim Verk\u00e4ufer.<\/li>\n\n\n\n<li>Wenn der Verbraucher f\u00fcr das Produkt eine andere Versandart als die vom Shop angebotene g\u00fcnstigste normale Versandart gew\u00e4hlt hat, ist der Verk\u00e4ufer nicht verpflichtet, dem Verbraucher die ihm entstandenen Mehrkosten zu erstatten.<\/li>\n\n\n\n<li>Wenn der Verk\u00e4ufer dem Verbraucher nicht angeboten hat, das Produkt selbst abzuholen, kann der Verk\u00e4ufer die R\u00fcckzahlung der vom Verbraucher erhaltenen Zahlung so lange zur\u00fcckhalten, bis er den Artikel zur\u00fcckerhalten oder den Nachweis der R\u00fcckgabe erbracht hat, je nachdem, welches Ereignis zuerst eintritt.<\/li>\n\n\n\n<li>Ein Verbraucher, der gem\u00e4\u00df Punkt 1 dieses Absatzes von einem Kaufvertrag zur\u00fccktritt, tr\u00e4gt nur die Kosten f\u00fcr die R\u00fccksendung des Produkts an den Verk\u00e4ufer.<\/li>\n\n\n\n<li>Die Frist von vierzehn Tagen, innerhalb derer der Verbraucher den Vertrag widerrufen kann, wird f\u00fcr den Vertrag, in dessen Rahmen der Verk\u00e4ufer das Produkt liefert und zur \u00dcbereignung verpflichtet ist, ab dem Tag gerechnet, an dem der Verbraucher (oder eine von ihm benannte dritte Person, die nicht der Bef\u00f6rderer ist) das Produkt in Besitz genommen hat.<\/li>\n\n\n\n<li>Das R\u00fccktrittsrecht von einem Fernabsatzvertrag gilt f\u00fcr den Verbraucher unter anderem dann nicht, wenn es sich bei dem Leistungsgegenstand um ein nicht vorgefertigtes Produkt handelt, das nach den Spezifikationen des Verbrauchers angefertigt wurde oder das seinen individuellen Bed\u00fcrfnissen entspricht.<\/li>\n\n\n\n<li>Sowohl der Verk\u00e4ufer als auch der Kunde haben das Recht, vom Kaufvertrag zur\u00fcckzutreten, wenn die andere Vertragspartei ihre Verpflichtung nicht innerhalb einer genau festgelegten Frist erf\u00fcllt.<\/li>\n<\/ol>\n\n\n\n<p>\u00a7 9<\/p>\n\n\n\n<p>ART UND UMFANG DER ELEKTRONISCHEN DIENSTLEISTUNGEN<\/p>\n\n\n\n<ol class=\"wp-block-list\">\n<li>Der Dienstleister erm\u00f6glicht \u00fcber den Shop die Inanspruchnahme einer elektronischen Dienstleistung wie den Abschluss von Produktkaufvertr\u00e4gen.<\/li>\n\n\n\n<li>Die Erbringung der elektronischen Dienstleistung f\u00fcr Dienstleistungsempf\u00e4nger im Gesch\u00e4ft erfolgt zu den in den Allgemeinen Gesch\u00e4ftsbedingungen festgelegten Bedingungen.<\/li>\n\n\n\n<li>Der Dienstleister hat das Recht, Werbeinhalte auf der Website des Shops zu platzieren. Solche Inhalte sind ein integraler Bestandteil des Shops und der darin pr\u00e4sentierten Materialien.<\/li>\n<\/ol>\n\n\n\n<p>\u00a7 10<\/p>\n\n\n\n<p>BEDINGUNGEN F\u00dcR DIE BEREITSTELLUNG UND DEN ABSCHLUSS VON VERTR\u00c4GEN \u00dcBER ELEKTRONISCHE DIENSTE<\/p>\n\n\n\n<ol class=\"wp-block-list\">\n<li>Die Erbringung der in \u00a7 9.1 des Reglements genannten elektronischen Dienstleistung durch den Dienstanbieter ist unentgeltlich.<\/li>\n\n\n\n<li>Der Vertrag \u00fcber die Erbringung elektronischer Dienstleistungen, der darin besteht, dass eine Bestellung im Shop aufgegeben werden kann, wird f\u00fcr einen bestimmten Zeitraum geschlossen und endet, sobald die Bestellung aufgegeben wird oder der Kunde sie nicht mehr aufgibt.<\/li>\n\n\n\n<li>Technische Anforderungen, die f\u00fcr die Arbeit mit dem vom Diensteanbieter verwendeten IKT-System erforderlich sind:\n<ol class=\"wp-block-list\">\n<li>einen Computer (oder ein mobiles Ger\u00e4t) mit Internetzugang,<\/li>\n\n\n\n<li>Zugang zur E-Mail,<\/li>\n\n\n\n<li>Web-Browser,<\/li>\n\n\n\n<li>aktivieren Sie Cookies und Javascript in Ihrem Webbrowser.<\/li>\n<\/ol>\n<\/li>\n\n\n\n<li>Der Kunde ist verpflichtet, den Shop im Einklang mit dem Gesetz und den guten Sitten zu nutzen und dabei die Pers\u00f6nlichkeitsrechte und die Rechte am geistigen Eigentum Dritter zu beachten.<\/li>\n\n\n\n<li>Der Kunde ist verpflichtet, sachlich richtige Daten einzugeben.<\/li>\n\n\n\n<li>Dem Empf\u00e4nger ist es untersagt, rechtswidrige Inhalte bereitzustellen.<\/li>\n<\/ol>\n\n\n\n<p>\u00a7 11<\/p>\n\n\n\n<p>BESCHWERDEN IM ZUSAMMENHANG MIT DER ERBRINGUNG VON ELEKTRONISCHEN DIENSTLEISTUNGEN<\/p>\n\n\n\n<ol class=\"wp-block-list\">\n<li>Reklamationen im Zusammenhang mit der Erbringung von elektronischen Dienstleistungen \u00fcber den Shop kann der Kunde per E-Mail an folgende Adresse richten: kontakt@womanature.pl.<\/li>\n\n\n\n<li>Bitte geben Sie in der oben genannten E-Mail-Nachricht so viele Informationen und Umst\u00e4nde wie m\u00f6glich \u00fcber den Gegenstand der Beschwerde an, insbesondere die Art und das Datum der Unregelm\u00e4\u00dfigkeit und Ihre Kontaktdaten. Diese Angaben erleichtern und beschleunigen die Bearbeitung der Beschwerde durch den Diensteanbieter erheblich.<\/li>\n\n\n\n<li>Der Diensteanbieter bearbeitet die Beschwerde unverz\u00fcglich, sp\u00e4testens jedoch innerhalb von 14 Tagen nach der Beschwerde.<\/li>\n\n\n\n<li>Die Antwort des Dienstleisters auf eine Beschwerde wird an die in der Beschwerdemeldung angegebene E-Mail-Adresse des Kunden oder auf eine andere vom Kunden angegebene Weise gesendet<\/li>\n<\/ol>\n\n\n\n<p>\u00a7 12<\/p>\n\n\n\n<p>SCHLUSSBESTIMMUNGEN<\/p>\n\n\n\n<ol class=\"wp-block-list\">\n<li>Die \u00fcber den Shop abgeschlossenen Vertr\u00e4ge werden nach polnischem Recht abgeschlossen.<\/li>\n\n\n\n<li>Sollte ein Teil dieser Bedingungen mit dem geltenden Recht unvereinbar sein, gelten die entsprechenden Bestimmungen des polnischen Rechts anstelle der angefochtenen Bestimmung.<\/li>\n\n\n\n<li>Alle Streitigkeiten, die sich aus den Kaufvertr\u00e4gen zwischen dem Shop und den Verbrauchern ergeben, werden in erster Instanz auf dem Verhandlungsweg gel\u00f6st, mit dem Ziel, die Streitigkeit g\u00fctlich beizulegen, wobei das Gesetz \u00fcber die au\u00dfergerichtliche Beilegung von Verbraucherstreitigkeiten ber\u00fccksichtigt wird. Sollte dies jedoch nicht m\u00f6glich oder f\u00fcr eine der Parteien unbefriedigend sein, werden die Streitigkeiten gem\u00e4\u00df Punkt 4 dieses Absatzes durch das zust\u00e4ndige ordentliche Gericht beigelegt.<\/li>\n\n\n\n<li>F\u00fcr alle Streitigkeiten zwischen dem Dienstleister und dem Kunden (Auftraggeber), der auch Verbraucher ist, sind die zust\u00e4ndigen Gerichte gem\u00e4\u00df den Bestimmungen der Zivilprozessordnung vom 17. November 1964 zust\u00e4ndig.<\/li>\n\n\n\n<li>Ein Kunde, der Verbraucher ist, hat auch das Recht, au\u00dfergerichtliche Streitbeilegungsmethoden in Anspruch zu nehmen, insbesondere indem er nach Abschluss des Beschwerdeverfahrens einen Antrag auf Schlichtung oder einen Antrag auf \u00dcberpr\u00fcfung des Falles durch ein Schiedsgericht stellt (der Antrag kann heruntergeladen werden unter <a href=\"http:\/\/www.uokik.gov.pl\/download.php?plik=6223)\">http:\/\/www.uokik.gov.pl\/download.php?plik=6223)<\/a>. Die Liste der st\u00e4ndigen Verbraucherschiedsgerichte, die bei den Woiwodschaftsinspektionen f\u00fcr Gewerbeaufsicht t\u00e4tig sind, finden Sie unter: http:\/\/www.uokik.gov.pl\/wazne_adresy.php#faq596. Ein Verbraucher kann auch die kostenlose Hilfe eines (kommunalen) Verbraucher-Ombudsmanns oder einer sozialen Organisation in Anspruch nehmen, zu deren satzungsm\u00e4\u00dfigen Aufgaben der Verbraucherschutz geh\u00f6rt. Die au\u00dfergerichtliche Beilegung von Anspr\u00fcchen nach dem Beschwerdeverfahren ist kostenlos.<\/li>\n\n\n\n<li>Um den Streitfall g\u00fctlich beizulegen, kann der Verbraucher insbesondere eine Beschwerde \u00fcber die Plattform ODR (Online Dispute Resolution) einreichen, die unter folgender Adresse zu finden ist <a href=\"http:\/\/ec.europa.eu\/consumers\/odr\">http:\/\/ec.europa.eu\/consumers\/odr<\/a>\/.<\/li>\n\n\n\n<li>Das Dokument wurde mit dem automatischen Generator erstellt, der unter <a href=\"https:\/\/www.lexlab.pl\/generator-regulaminu\">www.lexlab.pl\/generator-regulaminu<\/a><\/li>\n<\/ol>\n\n\n\n<p><\/p>\n\n\n\n<p><\/p>","protected":false},"excerpt":{"rendered":"<p>Gesch\u00e4ftsordnung des Internetshops www.namoi.pl \u00a7 1 ALLGEMEINE BESTIMMUNGEN \u00a7 2 BEGRIFFSBESTIMMUNGEN IN DER GESCH\u00c4FTSORDNUNG \u00a7 3 INFORMATIONEN ZU PRODUKTEN UND ZUR BESTELLUNG VON PRODUKTEN \u00a7 4 EINGANG IN EINEN KAUFVERTRAG \u00a7 5 ZAHLUNGEN \u00a7 6 KOSTEN, ZEIT UND ART DER LIEFERUNG \u00a7 7 REKLAMATION VON PRODUKTEN \u00a7 8 R\u00dcCKTRITTSRECHT \u00a7 9 ART UND UMFANG DER ELEKTRONISCHEN DIENSTE [...].<\/p>","protected":false},"author":3,"featured_media":0,"parent":0,"menu_order":0,"comment_status":"closed","ping_status":"closed","template":"","meta":{"inline_featured_image":false,"footnotes":""},"class_list":["post-1993","page","type-page","status-publish","hentry"],"aioseo_notices":[],"_links":{"self":[{"href":"https:\/\/womanature.pl\/de\/wp-json\/wp\/v2\/pages\/1993","targetHints":{"allow":["GET"]}}],"collection":[{"href":"https:\/\/womanature.pl\/de\/wp-json\/wp\/v2\/pages"}],"about":[{"href":"https:\/\/womanature.pl\/de\/wp-json\/wp\/v2\/types\/page"}],"author":[{"embeddable":true,"href":"https:\/\/womanature.pl\/de\/wp-json\/wp\/v2\/users\/3"}],"replies":[{"embeddable":true,"href":"https:\/\/womanature.pl\/de\/wp-json\/wp\/v2\/comments?post=1993"}],"version-history":[{"count":3,"href":"https:\/\/womanature.pl\/de\/wp-json\/wp\/v2\/pages\/1993\/revisions"}],"predecessor-version":[{"id":2219,"href":"https:\/\/womanature.pl\/de\/wp-json\/wp\/v2\/pages\/1993\/revisions\/2219"}],"wp:attachment":[{"href":"https:\/\/womanature.pl\/de\/wp-json\/wp\/v2\/media?parent=1993"}],"curies":[{"name":"wp","href":"https:\/\/api.w.org\/{rel}","templated":true}]}}