{"id":2006,"date":"2024-08-16T16:00:07","date_gmt":"2024-08-16T16:00:07","guid":{"rendered":"https:\/\/womanature.pl\/?page_id=2006"},"modified":"2025-04-16T10:13:17","modified_gmt":"2025-04-16T10:13:17","slug":"rucksendungen-und-beschwerden","status":"publish","type":"page","link":"https:\/\/womanature.pl\/de\/rucksendungen-und-beschwerden\/","title":{"rendered":"R\u00fccksendungen und Beschwerden"},"content":{"rendered":"<p><\/p>\n\n\n\n<p>R\u00dcCKTRITTSRECHT<\/p>\n\n\n\n<ol class=\"wp-block-list\">\n<li>Ein Kunde, der gleichzeitig Verbraucher ist und einen Fernabsatzvertrag abgeschlossen hat, kann den Vertrag ohne Angabe von Gr\u00fcnden widerrufen, indem er innerhalb von 14 Tagen eine entsprechende Erkl\u00e4rung abgibt.<\/li>\n\n\n\n<li>Im Falle des R\u00fccktritts vom Vertrag gilt der Kaufvertrag als nicht geschlossen und der Verbraucher ist verpflichtet, das Produkt unverz\u00fcglich, sp\u00e4testens jedoch innerhalb von 14 Tagen ab dem Tag des R\u00fccktritts vom Vertrag, an den Verk\u00e4ufer zur\u00fcckzusenden oder einer vom Verk\u00e4ufer zur Entgegennahme des Produkts bevollm\u00e4chtigten Person zu \u00fcbergeben, es sei denn, der Verk\u00e4ufer hat angeboten, das Produkt selbst abzuholen. Es gen\u00fcgt, wenn Sie das Produkt vor Ablauf der Frist zur\u00fccksenden.<\/li>\n\n\n\n<li>Im Falle des R\u00fccktritts vom Kaufvertrag ist das Produkt an die folgende Adresse zur\u00fcckzusenden: Womanature Sp. z o. o. ul. Nowogrodzka 56A, 00-695 Warschau, NIP: 7011053110.\u00a0<\/li>\n\n\n\n<li>Der Verbraucher haftet f\u00fcr jede Wertminderung des Produkts, die sich aus der Nutzung des Produkts ergibt und \u00fcber das hinausgeht, was zur Feststellung der Art, der Eigenschaften und der Funktionsweise des Produkts erforderlich ist, es sei denn, der Verk\u00e4ufer hat es vers\u00e4umt, den Verbraucher oder die in \u00a7 10 genannte Stelle \u00fcber die Art und Weise und den Zeitpunkt der Aus\u00fcbung des Widerrufsrechts zu informieren und dem Verbraucher kein Muster-Widerrufsformular zur Verf\u00fcgung gestellt. Um sich von der Beschaffenheit, den Eigenschaften und der Funktionsweise der Produkte zu \u00fcberzeugen, darf der Verbraucher die Produkte nur so behandeln und pr\u00fcfen, wie er dies in einem station\u00e4ren Gesch\u00e4ft tun k\u00f6nnte.<\/li>\n\n\n\n<li>Der Verk\u00e4ufer hat den Wert des Produkts zusammen mit den Lieferkosten unter Verwendung desselben Zahlungsmittels, das der Verbraucher verwendet hat, zur\u00fcckzuerstatten, es sei denn, der Verbraucher hat ausdr\u00fccklich einer anderen Art der R\u00fcckerstattung zugestimmt, die f\u00fcr den Verbraucher keine Kosten verursacht. Vorbehaltlich Punkt 7 dieses Absatzes erfolgt die Erstattung unverz\u00fcglich, sp\u00e4testens jedoch innerhalb von 14 Tagen nach Eingang der Mitteilung \u00fcber den R\u00fccktritt vom Kaufvertrag beim Verk\u00e4ufer.<\/li>\n\n\n\n<li>Wenn der Verbraucher f\u00fcr das Produkt eine andere Versandart als die vom Shop angebotene g\u00fcnstigste normale Versandart gew\u00e4hlt hat, ist der Verk\u00e4ufer nicht verpflichtet, dem Verbraucher die ihm entstandenen Mehrkosten zu erstatten.<\/li>\n\n\n\n<li>Wenn der Verk\u00e4ufer dem Verbraucher nicht angeboten hat, das Produkt selbst abzuholen, kann der Verk\u00e4ufer die R\u00fcckzahlung der vom Verbraucher erhaltenen Zahlung so lange zur\u00fcckhalten, bis er den Artikel zur\u00fcckerhalten oder den Nachweis der R\u00fcckgabe erbracht hat, je nachdem, welches Ereignis zuerst eintritt.<\/li>\n\n\n\n<li>Ein Verbraucher, der gem\u00e4\u00df Punkt 1 dieses Absatzes von einem Kaufvertrag zur\u00fccktritt, tr\u00e4gt nur die Kosten f\u00fcr die R\u00fccksendung des Produkts an den Verk\u00e4ufer.<\/li>\n\n\n\n<li>Die Frist von vierzehn Tagen, innerhalb derer der Verbraucher den Vertrag widerrufen kann, wird f\u00fcr den Vertrag, in dessen Rahmen der Verk\u00e4ufer das Produkt liefert und zur \u00dcbereignung verpflichtet ist, ab dem Tag gerechnet, an dem der Verbraucher (oder eine von ihm benannte dritte Person, die nicht der Bef\u00f6rderer ist) das Produkt in Besitz genommen hat.<\/li>\n\n\n\n<li>Das R\u00fccktrittsrecht von einem Fernabsatzvertrag gilt f\u00fcr den Verbraucher unter anderem dann nicht, wenn es sich bei dem Leistungsgegenstand um ein nicht vorgefertigtes Produkt handelt, das nach den Spezifikationen des Verbrauchers angefertigt wurde oder das seinen individuellen Bed\u00fcrfnissen entspricht.<\/li>\n\n\n\n<li>Sowohl der Verk\u00e4ufer als auch der Kunde haben das Recht, vom Kaufvertrag zur\u00fcckzutreten, wenn die andere Vertragspartei ihre Verpflichtung nicht innerhalb einer genau festgelegten Frist erf\u00fcllt.<\/li>\n<\/ol>\n\n\n\n<p><\/p>","protected":false},"excerpt":{"rendered":"<p>R\u00dcCKTRITTSRECHT<\/p>","protected":false},"author":3,"featured_media":0,"parent":0,"menu_order":0,"comment_status":"closed","ping_status":"closed","template":"","meta":{"inline_featured_image":false,"footnotes":""},"class_list":["post-2006","page","type-page","status-publish","hentry"],"aioseo_notices":[],"_links":{"self":[{"href":"https:\/\/womanature.pl\/de\/wp-json\/wp\/v2\/pages\/2006","targetHints":{"allow":["GET"]}}],"collection":[{"href":"https:\/\/womanature.pl\/de\/wp-json\/wp\/v2\/pages"}],"about":[{"href":"https:\/\/womanature.pl\/de\/wp-json\/wp\/v2\/types\/page"}],"author":[{"embeddable":true,"href":"https:\/\/womanature.pl\/de\/wp-json\/wp\/v2\/users\/3"}],"replies":[{"embeddable":true,"href":"https:\/\/womanature.pl\/de\/wp-json\/wp\/v2\/comments?post=2006"}],"version-history":[{"count":1,"href":"https:\/\/womanature.pl\/de\/wp-json\/wp\/v2\/pages\/2006\/revisions"}],"predecessor-version":[{"id":2220,"href":"https:\/\/womanature.pl\/de\/wp-json\/wp\/v2\/pages\/2006\/revisions\/2220"}],"wp:attachment":[{"href":"https:\/\/womanature.pl\/de\/wp-json\/wp\/v2\/media?parent=2006"}],"curies":[{"name":"wp","href":"https:\/\/api.w.org\/{rel}","templated":true}]}}