{"id":372,"date":"2023-07-11T04:58:37","date_gmt":"2023-07-11T04:58:37","guid":{"rendered":"https:\/\/womanature.leldntvipd.cfolks.pl\/?page_id=372"},"modified":"2023-08-09T15:36:31","modified_gmt":"2023-08-09T15:36:31","slug":"blog","status":"publish","type":"page","link":"https:\/\/womanature.pl\/de\/blog\/","title":{"rendered":"Blog"},"content":{"rendered":"<div data-elementor-type=\"wp-page\" data-elementor-id=\"372\" class=\"elementor elementor-372\" data-elementor-post-type=\"page\">\n\t\t\t\t\t\t<section class=\"elementor-section elementor-top-section elementor-element elementor-element-82b7b66 elementor-section-boxed elementor-section-height-default elementor-section-height-default\" data-id=\"82b7b66\" data-element_type=\"section\">\n\t\t\t\t\t\t<div class=\"elementor-container elementor-column-gap-no\">\n\t\t\t\t\t<div class=\"elementor-column elementor-col-100 elementor-top-column elementor-element elementor-element-3e0fa1b\" data-id=\"3e0fa1b\" data-element_type=\"column\">\n\t\t\t<div class=\"elementor-widget-wrap elementor-element-populated\">\n\t\t\t\t\t\t<div class=\"elementor-element elementor-element-903319e elementor-grid-3 elementor-grid-tablet-2 elementor-grid-mobile-1 elementor-posts--thumbnail-top elementor-posts--show-avatar elementor-posts__hover-gradient elementor-widget elementor-widget-posts\" data-id=\"903319e\" data-element_type=\"widget\" data-settings=\"{&quot;cards_columns&quot;:&quot;3&quot;,&quot;cards_columns_tablet&quot;:&quot;2&quot;,&quot;cards_columns_mobile&quot;:&quot;1&quot;,&quot;cards_row_gap&quot;:{&quot;unit&quot;:&quot;px&quot;,&quot;size&quot;:35,&quot;sizes&quot;:[]},&quot;cards_row_gap_tablet&quot;:{&quot;unit&quot;:&quot;px&quot;,&quot;size&quot;:&quot;&quot;,&quot;sizes&quot;:[]},&quot;cards_row_gap_mobile&quot;:{&quot;unit&quot;:&quot;px&quot;,&quot;size&quot;:&quot;&quot;,&quot;sizes&quot;:[]}}\" data-widget_type=\"posts.cards\">\n\t\t\t\t<div class=\"elementor-widget-container\">\n\t\t\t\t\t\t\t<div class=\"elementor-posts-container elementor-posts elementor-posts--skin-cards elementor-grid\" role=\"list\">\n\t\t\t\t<article class=\"elementor-post elementor-grid-item post-2038 post type-post status-publish format-standard has-post-thumbnail hentry category-uncategorized\" role=\"listitem\">\n\t\t\t<div class=\"elementor-post__card\">\n\t\t\t\t<a class=\"elementor-post__thumbnail__link\" href=\"https:\/\/womanature.pl\/de\/hyaluronsaure-das-elixier-der-jugend-oder-eine-grose-tauschung\/\" tabindex=\"-1\" ><div class=\"elementor-post__thumbnail\"><img fetchpriority=\"high\" decoding=\"async\" width=\"800\" height=\"815\" src=\"https:\/\/womanature.pl\/wp-content\/uploads\/2024\/08\/unnamed-2.jpg\" class=\"attachment-large size-large wp-image-2040\" alt=\"\" srcset=\"https:\/\/womanature.pl\/wp-content\/uploads\/2024\/08\/unnamed-2.jpg 1005w, https:\/\/womanature.pl\/wp-content\/uploads\/2024\/08\/unnamed-2-294x300.jpg 294w, https:\/\/womanature.pl\/wp-content\/uploads\/2024\/08\/unnamed-2-768x783.jpg 768w, https:\/\/womanature.pl\/wp-content\/uploads\/2024\/08\/unnamed-2-12x12.jpg 12w, https:\/\/womanature.pl\/wp-content\/uploads\/2024\/08\/unnamed-2-600x611.jpg 600w\" sizes=\"(max-width: 800px) 100vw, 800px\" \/><\/div><\/a>\n\t\t\t\t<div class=\"elementor-post__badge\">Uncategorized<\/div>\n\t\t\t\t<div class=\"elementor-post__avatar\">\n\t\t\t<img alt='Unterst\u00fctzung' src='https:\/\/secure.gravatar.com\/avatar\/c778131ed1280fb932be72b6f57b4aaaf96677bc4ca4963fdda7258422f8ed98?s=128&#038;d=mm&#038;r=g' srcset='https:\/\/secure.gravatar.com\/avatar\/c778131ed1280fb932be72b6f57b4aaaf96677bc4ca4963fdda7258422f8ed98?s=256&#038;d=mm&#038;r=g 2x' class='avatar avatar-128 photo' height='128' width='128' \/>\t\t<\/div>\n\t\t\t\t<div class=\"elementor-post__text\">\n\t\t\t\t<h3 class=\"elementor-post__title\">\n\t\t\t<a href=\"https:\/\/womanature.pl\/de\/hyaluronsaure-das-elixier-der-jugend-oder-eine-grose-tauschung\/\" >\n\t\t\t\tHyalurons\u00e4ure - Elixier der Jugend oder die gro\u00dfe T\u00e4uschung?\t\t\t<\/a>\n\t\t<\/h3>\n\t\t\t\t<div class=\"elementor-post__excerpt\">\n\t\t\t<p>Hyalurons\u00e4ure (HA) - Wunderwirkstoff oder ein weiterer Marketingtrick? Wenn Sie glauben, dass Hyalurons\u00e4ure Ihre Haut verj\u00fcngt und makellos macht, sind Sie vielleicht das Opfer einer<\/p>\n\t\t<\/div>\n\t\t\n\t\t<a class=\"elementor-post__read-more\" href=\"https:\/\/womanature.pl\/de\/hyaluronsaure-das-elixier-der-jugend-oder-eine-grose-tauschung\/\" aria-label=\"Lesen Sie mehr \u00fcber Hyalurons\u00e4ure - Elixier der Jugend oder die gro\u00dfe T\u00e4uschung?\" tabindex=\"-1\" >\n\t\t\tLesen Sie mehr...\t\t<\/a>\n\n\t\t\t\t<\/div>\n\t\t\t\t<div class=\"elementor-post__meta-data\">\n\t\t\t\t\t<span class=\"elementor-post-date\">\n\t\t\t2024-08-17\t\t<\/span>\n\t\t\t\t<\/div>\n\t\t\t\t\t<\/div>\n\t\t<\/article>\n\t\t\t\t<article class=\"elementor-post elementor-grid-item post-2014 post type-post status-publish format-standard has-post-thumbnail hentry category-uncategorized\" role=\"listitem\">\n\t\t\t<div class=\"elementor-post__card\">\n\t\t\t\t<a class=\"elementor-post__thumbnail__link\" href=\"https:\/\/womanature.pl\/de\/fischkollagen-durchbruch-oder-werbegag\/\" tabindex=\"-1\" ><div class=\"elementor-post__thumbnail\"><img decoding=\"async\" width=\"800\" height=\"800\" src=\"https:\/\/womanature.pl\/wp-content\/uploads\/2024\/08\/kolagen-rybi.jpg\" class=\"attachment-large size-large wp-image-2019\" alt=\"\" srcset=\"https:\/\/womanature.pl\/wp-content\/uploads\/2024\/08\/kolagen-rybi.jpg 1000w, https:\/\/womanature.pl\/wp-content\/uploads\/2024\/08\/kolagen-rybi-300x300.jpg 300w, https:\/\/womanature.pl\/wp-content\/uploads\/2024\/08\/kolagen-rybi-150x150.jpg 150w, https:\/\/womanature.pl\/wp-content\/uploads\/2024\/08\/kolagen-rybi-768x768.jpg 768w, https:\/\/womanature.pl\/wp-content\/uploads\/2024\/08\/kolagen-rybi-12x12.jpg 12w, https:\/\/womanature.pl\/wp-content\/uploads\/2024\/08\/kolagen-rybi-600x600.jpg 600w, https:\/\/womanature.pl\/wp-content\/uploads\/2024\/08\/kolagen-rybi-100x100.jpg 100w\" sizes=\"(max-width: 800px) 100vw, 800px\" \/><\/div><\/a>\n\t\t\t\t<div class=\"elementor-post__badge\">Uncategorized<\/div>\n\t\t\t\t<div class=\"elementor-post__avatar\">\n\t\t\t<img alt='Unterst\u00fctzung' src='https:\/\/secure.gravatar.com\/avatar\/c778131ed1280fb932be72b6f57b4aaaf96677bc4ca4963fdda7258422f8ed98?s=128&#038;d=mm&#038;r=g' srcset='https:\/\/secure.gravatar.com\/avatar\/c778131ed1280fb932be72b6f57b4aaaf96677bc4ca4963fdda7258422f8ed98?s=256&#038;d=mm&#038;r=g 2x' class='avatar avatar-128 photo' height='128' width='128' \/>\t\t<\/div>\n\t\t\t\t<div class=\"elementor-post__text\">\n\t\t\t\t<h3 class=\"elementor-post__title\">\n\t\t\t<a href=\"https:\/\/womanature.pl\/de\/fischkollagen-durchbruch-oder-werbegag\/\" >\n\t\t\t\tFischkollagen - bahnbrechender Hit oder Marketing-Kit?\t\t\t<\/a>\n\t\t<\/h3>\n\t\t\t\t<div class=\"elementor-post__excerpt\">\n\t\t\t<p>Fischkollagen ist zu einem der umstrittensten Themen in der Kosmetologie geworden. Viele Experten behaupten, dass Kollagen ein zu gro\u00dfes Molek\u00fcl ist, um die Hornschicht der Haut zu durchdringen.<\/p>\n\t\t<\/div>\n\t\t\n\t\t<a class=\"elementor-post__read-more\" href=\"https:\/\/womanature.pl\/de\/fischkollagen-durchbruch-oder-werbegag\/\" aria-label=\"Lesen Sie mehr \u00fcber Fischkollagen - bahnbrechender Hit oder Marketing-Kit?\" tabindex=\"-1\" >\n\t\t\tLesen Sie mehr...\t\t<\/a>\n\n\t\t\t\t<\/div>\n\t\t\t\t<div class=\"elementor-post__meta-data\">\n\t\t\t\t\t<span class=\"elementor-post-date\">\n\t\t\t2024-08-16\t\t<\/span>\n\t\t\t\t<\/div>\n\t\t\t\t\t<\/div>\n\t\t<\/article>\n\t\t\t\t<article class=\"elementor-post elementor-grid-item post-1 post type-post status-publish format-standard has-post-thumbnail hentry category-ems\" role=\"listitem\">\n\t\t\t<div class=\"elementor-post__card\">\n\t\t\t\t<a class=\"elementor-post__thumbnail__link\" href=\"https:\/\/womanature.pl\/de\/hello-world\/\" tabindex=\"-1\" ><div class=\"elementor-post__thumbnail\"><img decoding=\"async\" width=\"800\" height=\"534\" src=\"https:\/\/womanature.pl\/wp-content\/uploads\/2023\/08\/2023.07-womanature-082-1024x683.jpg\" class=\"attachment-large size-large wp-image-607\" alt=\"\" srcset=\"https:\/\/womanature.pl\/wp-content\/uploads\/2023\/08\/2023.07-womanature-082-1024x683.jpg 1024w, https:\/\/womanature.pl\/wp-content\/uploads\/2023\/08\/2023.07-womanature-082-300x200.jpg 300w, https:\/\/womanature.pl\/wp-content\/uploads\/2023\/08\/2023.07-womanature-082-768x512.jpg 768w, https:\/\/womanature.pl\/wp-content\/uploads\/2023\/08\/2023.07-womanature-082-600x400.jpg 600w, https:\/\/womanature.pl\/wp-content\/uploads\/2023\/08\/2023.07-womanature-082.jpg 1500w\" sizes=\"(max-width: 800px) 100vw, 800px\" \/><\/div><\/a>\n\t\t\t\t<div class=\"elementor-post__badge\">EMS<\/div>\n\t\t\t\t<div class=\"elementor-post__avatar\">\n\t\t\t<img alt='Unterst\u00fctzung' src='https:\/\/secure.gravatar.com\/avatar\/c778131ed1280fb932be72b6f57b4aaaf96677bc4ca4963fdda7258422f8ed98?s=128&#038;d=mm&#038;r=g' srcset='https:\/\/secure.gravatar.com\/avatar\/c778131ed1280fb932be72b6f57b4aaaf96677bc4ca4963fdda7258422f8ed98?s=256&#038;d=mm&#038;r=g 2x' class='avatar avatar-128 photo' height='128' width='128' \/>\t\t<\/div>\n\t\t\t\t<div class=\"elementor-post__text\">\n\t\t\t\t<h3 class=\"elementor-post__title\">\n\t\t\t<a href=\"https:\/\/womanature.pl\/de\/hello-world\/\" >\n\t\t\t\tEMS - Elektrostimulation\t\t\t<\/a>\n\t\t<\/h3>\n\t\t\t\t<div class=\"elementor-post__excerpt\">\n\t\t\t<p>Die Behandlung besteht aus einem intensiven Muskeltraining, das das Ger\u00e4t f\u00fcr den Patienten durchf\u00fchrt, der sich w\u00e4hrenddessen auf der Behandlungsliege entspannt. W\u00e4hrend der Arbeit kann man ein leichtes Vibrieren oder Kribbeln sp\u00fcren - die Behandlung selbst ist schmerzfrei....<\/p>\n\t\t<\/div>\n\t\t\n\t\t<a class=\"elementor-post__read-more\" href=\"https:\/\/womanature.pl\/de\/hello-world\/\" aria-label=\"Lesen Sie mehr \u00fcber EMS - Elektrostimulation\" tabindex=\"-1\" >\n\t\t\tLesen Sie mehr...\t\t<\/a>\n\n\t\t\t\t<\/div>\n\t\t\t\t<div class=\"elementor-post__meta-data\">\n\t\t\t\t\t<span class=\"elementor-post-date\">\n\t\t\t2023-07-09\t\t<\/span>\n\t\t\t\t<\/div>\n\t\t\t\t\t<\/div>\n\t\t<\/article>\n\t\t\t\t<\/div>\n\t\t\n\t\t\t\t\t\t<\/div>\n\t\t\t\t<\/div>\n\t\t\t\t\t<\/div>\n\t\t<\/div>\n\t\t\t\t\t<\/div>\n\t\t<\/section>\n\t\t\t\t<\/div>","protected":false},"excerpt":{"rendered":"","protected":false},"author":3,"featured_media":0,"parent":0,"menu_order":0,"comment_status":"closed","ping_status":"closed","template":"","meta":{"inline_featured_image":false,"footnotes":""},"class_list":["post-372","page","type-page","status-publish","hentry"],"aioseo_notices":[],"_links":{"self":[{"href":"https:\/\/womanature.pl\/de\/wp-json\/wp\/v2\/pages\/372","targetHints":{"allow":["GET"]}}],"collection":[{"href":"https:\/\/womanature.pl\/de\/wp-json\/wp\/v2\/pages"}],"about":[{"href":"https:\/\/womanature.pl\/de\/wp-json\/wp\/v2\/types\/page"}],"author":[{"embeddable":true,"href":"https:\/\/womanature.pl\/de\/wp-json\/wp\/v2\/users\/3"}],"replies":[{"embeddable":true,"href":"https:\/\/womanature.pl\/de\/wp-json\/wp\/v2\/comments?post=372"}],"version-history":[{"count":0,"href":"https:\/\/womanature.pl\/de\/wp-json\/wp\/v2\/pages\/372\/revisions"}],"wp:attachment":[{"href":"https:\/\/womanature.pl\/de\/wp-json\/wp\/v2\/media?parent=372"}],"curies":[{"name":"wp","href":"https:\/\/api.w.org\/{rel}","templated":true}]}}