{"id":81,"date":"2023-07-10T05:52:07","date_gmt":"2023-07-10T05:52:07","guid":{"rendered":"https:\/\/womanature.leldntvipd.cfolks.pl\/?page_id=81"},"modified":"2025-04-16T10:06:37","modified_gmt":"2025-04-16T10:06:37","slug":"contact","status":"publish","type":"page","link":"https:\/\/womanature.pl\/en\/contact\/","title":{"rendered":"Contact"},"content":{"rendered":"<div data-elementor-type=\"wp-page\" data-elementor-id=\"81\" class=\"elementor elementor-81\" data-elementor-post-type=\"page\">\n\t\t\t\t\t\t<section class=\"elementor-section elementor-top-section elementor-element elementor-element-4c61c6e elementor-section-boxed elementor-section-height-default elementor-section-height-default\" data-id=\"4c61c6e\" data-element_type=\"section\">\n\t\t\t\t\t\t\t<div class=\"elementor-background-overlay\"><\/div>\n\t\t\t\t\t\t\t<div class=\"elementor-container elementor-column-gap-no\">\n\t\t\t\t\t<div class=\"elementor-column elementor-col-50 elementor-top-column elementor-element elementor-element-920fdca\" data-id=\"920fdca\" data-element_type=\"column\">\n\t\t\t<div class=\"elementor-widget-wrap elementor-element-populated\">\n\t\t\t\t\t\t<div class=\"elementor-element elementor-element-fbbaccd elementor-widget elementor-widget-heading\" data-id=\"fbbaccd\" data-element_type=\"widget\" data-widget_type=\"heading.default\">\n\t\t\t\t<div class=\"elementor-widget-container\">\n\t\t\t\t\t<h1 class=\"elementor-heading-title elementor-size-default\">Contact <span style=\"color: #E2BB53\">us<\/span><\/h1>\t\t\t\t<\/div>\n\t\t\t\t<\/div>\n\t\t\t\t<div class=\"elementor-element elementor-element-997ea4c elementor-widget elementor-widget-text-editor\" data-id=\"997ea4c\" data-element_type=\"widget\" data-widget_type=\"text-editor.default\">\n\t\t\t\t<div class=\"elementor-widget-container\">\n\t\t\t\t\t\t\t\t\t<p style=\"text-align: left;\">We are happy to answer all your questions and help you find the best solutions for your needs. Contact us to find out more about our services and products.<\/p><p style=\"text-align: left;\">\ud83d\udceb <strong>Address: <a href=\"https:\/\/www.google.com\/maps\/place\/Nowogrodzka+56A,+00-695+Warszawa\/@52.2280888,21.0040951,17z\/data=!3m1!4b1!4m6!3m5!1s0x471eccf2b33e478f:0x4d12187b55b535f0!8m2!3d52.2280888!4d21.00667!16s%2Fg%2F11c0yff917?entry=ttu&amp;g_ep=EgoyMDI1MDQxMy4wIKXMDSoASAFQAw%3D%3D\"><span style=\"color: #008000;\">Nowogrodzka 56A, 00-695 Warsaw <\/span><\/a><\/strong><\/p><p style=\"text-align: left;\">\ud83d\udcde <strong>Phone: <span style=\"color: #008000;\"><a style=\"color: #008000;\" href=\"tel:+48667712372\">+48 667 712 372<\/a><\/span><\/strong><\/p><p style=\"text-align: left;\">\ud83d\udc8c <strong>Email: <span style=\"color: #008000;\"><a style=\"color: #008000;\" href=\"mailto:kontakt@womanature.pl\">kontakt@womanature.pl<\/a><\/span><\/strong><\/p><p style=\"text-align: left;\">Do you want to keep up to date with the latest trends in cosmetics, learn the secrets of cosmetic chemistry and discover effective skin care? Join us and be part of an exciting journey in the world of cosmetics and science! We invite you to join our community to grow together and take care of the beauty of your skin every day.<\/p>\t\t\t\t\t\t\t\t<\/div>\n\t\t\t\t<\/div>\n\t\t\t\t\t<\/div>\n\t\t<\/div>\n\t\t\t\t<div class=\"elementor-column elementor-col-50 elementor-top-column elementor-element elementor-element-b8019f6\" data-id=\"b8019f6\" data-element_type=\"column\">\n\t\t\t<div class=\"elementor-widget-wrap elementor-element-populated\">\n\t\t\t\t\t\t<div class=\"elementor-element elementor-element-b9e0312 elementor-widget elementor-widget-image\" data-id=\"b9e0312\" data-element_type=\"widget\" data-widget_type=\"image.default\">\n\t\t\t\t<div class=\"elementor-widget-container\">\n\t\t\t\t\t\t\t\t\t\t\t\t\t\t\t<img fetchpriority=\"high\" decoding=\"async\" width=\"800\" height=\"800\" src=\"https:\/\/womanature.pl\/wp-content\/uploads\/2024\/03\/1-1024x1024.png\" class=\"attachment-large size-large wp-image-1307\" alt=\"\" srcset=\"https:\/\/womanature.pl\/wp-content\/uploads\/2024\/03\/1-1024x1024.png 1024w, https:\/\/womanature.pl\/wp-content\/uploads\/2024\/03\/1-300x300.png 300w, https:\/\/womanature.pl\/wp-content\/uploads\/2024\/03\/1-150x150.png 150w, https:\/\/womanature.pl\/wp-content\/uploads\/2024\/03\/1-768x768.png 768w, https:\/\/womanature.pl\/wp-content\/uploads\/2024\/03\/1-12x12.png 12w, https:\/\/womanature.pl\/wp-content\/uploads\/2024\/03\/1-600x600.png 600w, https:\/\/womanature.pl\/wp-content\/uploads\/2024\/03\/1-100x100.png 100w, https:\/\/womanature.pl\/wp-content\/uploads\/2024\/03\/1.png 1080w\" sizes=\"(max-width: 800px) 100vw, 800px\" \/>\t\t\t\t\t\t\t\t\t\t\t\t\t\t\t<\/div>\n\t\t\t\t<\/div>\n\t\t\t\t\t<\/div>\n\t\t<\/div>\n\t\t\t\t\t<\/div>\n\t\t<\/section>\n\t\t\t\t<section class=\"elementor-section elementor-top-section elementor-element elementor-element-adcb32e elementor-section-boxed elementor-section-height-default elementor-section-height-default\" data-id=\"adcb32e\" data-element_type=\"section\">\n\t\t\t\t\t\t<div class=\"elementor-container elementor-column-gap-no\">\n\t\t\t\t\t<div class=\"elementor-column elementor-col-33 elementor-top-column elementor-element elementor-element-7f0e8b8\" data-id=\"7f0e8b8\" data-element_type=\"column\">\n\t\t\t<div class=\"elementor-widget-wrap elementor-element-populated\">\n\t\t\t\t\t\t<div class=\"elementor-element elementor-element-34261d5 elementor-widget__width-inherit elementor-widget elementor-widget-html\" data-id=\"34261d5\" data-element_type=\"widget\" data-widget_type=\"html.default\">\n\t\t\t\t<div class=\"elementor-widget-container\">\n\t\t\t\t\t<div style=\"display: flex; justify-content: center; align-items: center; align-content; background: #F5F0EA; width: 70px; height: 70px; padding: 10px; border-radius: 50%; margin: 0 auto;\">\n    <img decoding=\"async\" style=\"width: 70%\" src=\"\/wp-content\/uploads\/2023\/07\/placeholder.png\"\/>\n<\/div>\t\t\t\t<\/div>\n\t\t\t\t<\/div>\n\t\t\t\t<div class=\"elementor-element elementor-element-934641b elementor-widget elementor-widget-heading\" data-id=\"934641b\" data-element_type=\"widget\" data-widget_type=\"heading.default\">\n\t\t\t\t<div class=\"elementor-widget-container\">\n\t\t\t\t\t<p class=\"elementor-heading-title elementor-size-default\">Location<\/p>\t\t\t\t<\/div>\n\t\t\t\t<\/div>\n\t\t\t\t<div class=\"elementor-element elementor-element-b11b522 elementor-widget elementor-widget-text-editor\" data-id=\"b11b522\" data-element_type=\"widget\" data-widget_type=\"text-editor.default\">\n\t\t\t\t<div class=\"elementor-widget-container\">\n\t\t\t\t\t\t\t\t\t<p><a href=\"https:\/\/www.google.com\/maps\/place\/Nowogrodzka+56A,+00-695+Warszawa\/@52.2280888,21.0040951,17z\/data=!3m1!4b1!4m6!3m5!1s0x471eccf2b33e478f:0x4d12187b55b535f0!8m2!3d52.2280888!4d21.00667!16s%2Fg%2F11c0yff917?entry=ttu&amp;g_ep=EgoyMDI1MDQxMy4wIKXMDSoASAFQAw%3D%3D\"><span style=\"color: #008000;\">Nowogrodzka 56A, 00-695 Warsaw<\/span><\/a><\/p>\t\t\t\t\t\t\t\t<\/div>\n\t\t\t\t<\/div>\n\t\t\t\t\t<\/div>\n\t\t<\/div>\n\t\t\t\t<div class=\"elementor-column elementor-col-33 elementor-top-column elementor-element elementor-element-c583d17\" data-id=\"c583d17\" data-element_type=\"column\">\n\t\t\t<div class=\"elementor-widget-wrap elementor-element-populated\">\n\t\t\t\t\t\t<div class=\"elementor-element elementor-element-2200959 elementor-widget__width-inherit elementor-widget elementor-widget-html\" data-id=\"2200959\" data-element_type=\"widget\" data-widget_type=\"html.default\">\n\t\t\t\t<div class=\"elementor-widget-container\">\n\t\t\t\t\t<div style=\"display: flex; justify-content: center; align-items: center; align-content; background: #F5F0EA; width: 70px; height: 70px; padding: 10px; border-radius: 50%; margin: 0 auto;\">\n    <img decoding=\"async\" style=\"width: 70%\" src=\"\/wp-content\/uploads\/2023\/07\/phone-call-1.png\"\/>\n<\/div>\t\t\t\t<\/div>\n\t\t\t\t<\/div>\n\t\t\t\t<div class=\"elementor-element elementor-element-351e1f6 elementor-widget elementor-widget-heading\" data-id=\"351e1f6\" data-element_type=\"widget\" data-widget_type=\"heading.default\">\n\t\t\t\t<div class=\"elementor-widget-container\">\n\t\t\t\t\t<p class=\"elementor-heading-title elementor-size-default\">Contact telephone<\/p>\t\t\t\t<\/div>\n\t\t\t\t<\/div>\n\t\t\t\t<div class=\"elementor-element elementor-element-2145729 elementor-widget elementor-widget-text-editor\" data-id=\"2145729\" data-element_type=\"widget\" data-widget_type=\"text-editor.default\">\n\t\t\t\t<div class=\"elementor-widget-container\">\n\t\t\t\t\t\t\t\t\t<p><span style=\"color: #008000;\"><a style=\"color: #008000;\" href=\"http:\/\/tel:+48667712372\">+48 667 712 372<\/a><\/span><\/p>\t\t\t\t\t\t\t\t<\/div>\n\t\t\t\t<\/div>\n\t\t\t\t\t<\/div>\n\t\t<\/div>\n\t\t\t\t<div class=\"elementor-column elementor-col-33 elementor-top-column elementor-element elementor-element-ab94583\" data-id=\"ab94583\" data-element_type=\"column\">\n\t\t\t<div class=\"elementor-widget-wrap elementor-element-populated\">\n\t\t\t\t\t\t<div class=\"elementor-element elementor-element-35e2b79 elementor-widget__width-inherit elementor-widget elementor-widget-html\" data-id=\"35e2b79\" data-element_type=\"widget\" data-widget_type=\"html.default\">\n\t\t\t\t<div class=\"elementor-widget-container\">\n\t\t\t\t\t<div style=\"display: flex; justify-content: center; align-items: center; align-content; background: #F5F0EA; width: 70px; height: 70px; padding: 10px; border-radius: 50%; margin: 0 auto;\">\n    <img decoding=\"async\" style=\"width: 70%\" src=\"\/wp-content\/uploads\/2023\/07\/chat.png\"\/>\n<\/div>\t\t\t\t<\/div>\n\t\t\t\t<\/div>\n\t\t\t\t<div class=\"elementor-element elementor-element-98dc420 elementor-widget elementor-widget-heading\" data-id=\"98dc420\" data-element_type=\"widget\" data-widget_type=\"heading.default\">\n\t\t\t\t<div class=\"elementor-widget-container\">\n\t\t\t\t\t<p class=\"elementor-heading-title elementor-size-default\">E-mail address<\/p>\t\t\t\t<\/div>\n\t\t\t\t<\/div>\n\t\t\t\t<div class=\"elementor-element elementor-element-5f5e6fe elementor-widget elementor-widget-text-editor\" data-id=\"5f5e6fe\" data-element_type=\"widget\" data-widget_type=\"text-editor.default\">\n\t\t\t\t<div class=\"elementor-widget-container\">\n\t\t\t\t\t\t\t\t\t<p><span style=\"color: #008000;\"><a style=\"color: #008000;\" href=\"mailto:kontakt@womanature.pl\">kontakt@womanature.pl<\/a><\/span><\/p>\t\t\t\t\t\t\t\t<\/div>\n\t\t\t\t<\/div>\n\t\t\t\t\t<\/div>\n\t\t<\/div>\n\t\t\t\t\t<\/div>\n\t\t<\/section>\n\t\t\t\t<section class=\"elementor-section elementor-top-section elementor-element elementor-element-dcdb0b5 elementor-section-boxed elementor-section-height-default elementor-section-height-default\" data-id=\"dcdb0b5\" data-element_type=\"section\">\n\t\t\t\t\t\t<div class=\"elementor-container elementor-column-gap-default\">\n\t\t\t\t\t<div class=\"elementor-column elementor-col-100 elementor-top-column elementor-element elementor-element-2b55a73\" data-id=\"2b55a73\" data-element_type=\"column\">\n\t\t\t<div class=\"elementor-widget-wrap\">\n\t\t\t\t\t\t\t<\/div>\n\t\t<\/div>\n\t\t\t\t\t<\/div>\n\t\t<\/section>\n\t\t\t\t<section class=\"elementor-section elementor-top-section elementor-element elementor-element-c0072ca elementor-hidden-desktop elementor-hidden-tablet elementor-hidden-mobile elementor-section-boxed elementor-section-height-default elementor-section-height-default\" data-id=\"c0072ca\" data-element_type=\"section\">\n\t\t\t\t\t\t<div class=\"elementor-container elementor-column-gap-no\">\n\t\t\t\t\t<div class=\"elementor-column elementor-col-50 elementor-top-column elementor-element elementor-element-348c1bd\" data-id=\"348c1bd\" data-element_type=\"column\">\n\t\t\t<div class=\"elementor-widget-wrap elementor-element-populated\">\n\t\t\t\t\t\t<div class=\"elementor-element elementor-element-773f590 elementor-widget elementor-widget-image\" data-id=\"773f590\" data-element_type=\"widget\" data-widget_type=\"image.default\">\n\t\t\t\t<div class=\"elementor-widget-container\">\n\t\t\t\t\t\t\t\t\t\t\t\t\t\t\t<img decoding=\"async\" width=\"800\" height=\"713\" src=\"https:\/\/womanature.pl\/wp-content\/uploads\/2023\/08\/produkty_1-1024x913.png\" class=\"attachment-large size-large wp-image-901\" alt=\"\" srcset=\"https:\/\/womanature.pl\/wp-content\/uploads\/2023\/08\/produkty_1-1024x913.png 1024w, https:\/\/womanature.pl\/wp-content\/uploads\/2023\/08\/produkty_1-300x268.png 300w, https:\/\/womanature.pl\/wp-content\/uploads\/2023\/08\/produkty_1-768x685.png 768w, https:\/\/womanature.pl\/wp-content\/uploads\/2023\/08\/produkty_1-600x535.png 600w, https:\/\/womanature.pl\/wp-content\/uploads\/2023\/08\/produkty_1.png 1118w\" sizes=\"(max-width: 800px) 100vw, 800px\" \/>\t\t\t\t\t\t\t\t\t\t\t\t\t\t\t<\/div>\n\t\t\t\t<\/div>\n\t\t\t\t\t<\/div>\n\t\t<\/div>\n\t\t\t\t<div class=\"elementor-column elementor-col-50 elementor-top-column elementor-element elementor-element-9cd4b3b\" data-id=\"9cd4b3b\" data-element_type=\"column\" data-settings=\"{&quot;background_background&quot;:&quot;classic&quot;}\">\n\t\t\t<div class=\"elementor-widget-wrap elementor-element-populated\">\n\t\t\t\t\t\t<div class=\"elementor-element elementor-element-422e175 elementor-widget elementor-widget-heading\" data-id=\"422e175\" data-element_type=\"widget\" data-widget_type=\"heading.default\">\n\t\t\t\t<div class=\"elementor-widget-container\">\n\t\t\t\t\t<h1 class=\"elementor-heading-title elementor-size-default\">Ask the specialists for details!<\/h1>\t\t\t\t<\/div>\n\t\t\t\t<\/div>\n\t\t\t\t<div class=\"elementor-element elementor-element-36ef31d elementor-button-align-stretch elementor-widget elementor-widget-form\" data-id=\"36ef31d\" data-element_type=\"widget\" data-settings=\"{&quot;step_next_label&quot;:&quot;Next&quot;,&quot;step_previous_label&quot;:&quot;Previous&quot;,&quot;button_width&quot;:&quot;100&quot;,&quot;step_type&quot;:&quot;number_text&quot;,&quot;step_icon_shape&quot;:&quot;circle&quot;}\" data-widget_type=\"form.default\">\n\t\t\t\t<div class=\"elementor-widget-container\">\n\t\t\t\t\t\t\t<form class=\"elementor-form\" method=\"post\" name=\"New Form\" aria-label=\"New Form\" action=\"\">\n\t\t\t<input type=\"hidden\" name=\"post_id\" value=\"81\"\/>\n\t\t\t<input type=\"hidden\" name=\"form_id\" value=\"36ef31d\"\/>\n\t\t\t<input type=\"hidden\" name=\"referer_title\" value=\"\" \/>\n\n\t\t\t\n\t\t\t<div class=\"elementor-form-fields-wrapper elementor-labels-above\">\n\t\t\t\t\t\t\t\t<div class=\"elementor-field-type-text elementor-field-group elementor-column elementor-field-group-name elementor-col-100\">\n\t\t\t\t\t\t\t\t\t\t\t\t\t<input size=\"1\" type=\"text\" name=\"form_fields[name]\" id=\"form-field-name\" class=\"elementor-field elementor-size-sm  elementor-field-textual\" placeholder=\"Name\">\n\t\t\t\t\t\t\t\t\t\t\t<\/div>\n\t\t\t\t\t\t\t\t<div class=\"elementor-field-type-email elementor-field-group elementor-column elementor-field-group-email elementor-col-100 elementor-field-required\">\n\t\t\t\t\t\t\t\t\t\t\t\t\t<input size=\"1\" type=\"email\" name=\"form_fields[email]\" id=\"form-field-email\" class=\"elementor-field elementor-size-sm  elementor-field-textual\" placeholder=\"E-mail address\" required=\"required\">\n\t\t\t\t\t\t\t\t\t\t\t<\/div>\n\t\t\t\t\t\t\t\t<div class=\"elementor-field-type-select elementor-field-group elementor-column elementor-field-group-field_f221af2 elementor-col-100\">\n\t\t\t\t\t\t\t<div class=\"elementor-field elementor-select-wrapper remove-before\">\n\t\t\t<div class=\"select-caret-down-wrapper\">\n\t\t\t\t<i aria-hidden=\"true\" class=\"eicon-caret-down\"><\/i>\t\t\t<\/div>\n\t\t\t<select name=\"form_fields[field_f221af2]\" id=\"form-field-field_f221af2\" class=\"elementor-field-textual elementor-size-sm\">\n\t\t\t\t\t\t\t\t\t<option value=\"Namoi\">Namoi<\/option>\n\t\t\t\t\t\t\t\t\t<option value=\"O\u015brodek badawczy\">Research centre<\/option>\n\t\t\t\t\t\t\t\t\t<option value=\"Centrum szkole\u0144\">Training centre<\/option>\n\t\t\t\t\t\t\t\t\t<option value=\"Inne\">Other<\/option>\n\t\t\t\t\t\t\t<\/select>\n\t\t<\/div>\n\t\t\t\t\t\t<\/div>\n\t\t\t\t\t\t\t\t<div class=\"elementor-field-type-textarea elementor-field-group elementor-column elementor-field-group-message elementor-col-100\">\n\t\t\t\t\t<textarea class=\"elementor-field-textual elementor-field  elementor-size-sm\" name=\"form_fields[message]\" id=\"form-field-message\" rows=\"4\" placeholder=\"Your message...\"><\/textarea>\t\t\t\t<\/div>\n\t\t\t\t\t\t\t\t<div class=\"elementor-field-type-checkbox elementor-field-group elementor-column elementor-field-group-field_244b485 elementor-col-100\">\n\t\t\t\t\t<div class=\"elementor-field-subgroup\"><span class=\"elementor-field-option\"><input type=\"checkbox\" value=\"Wyra\u017cam zgod\u0119 na przetwarzanie moich danych osobowych zgodnie z ustaw\u0105 o ochronie danych osobowych w zwi\u0105zku z realizacj\u0105 zg\u0142oszenia.\" id=\"form-field-field_244b485-0\" name=\"form_fields[field_244b485]\"> <label for=\"form-field-field_244b485-0\">I consent to the processing of my personal data in accordance with the Data Protection Act in connection with the application.<\/label><\/span><\/div>\t\t\t\t<\/div>\n\t\t\t\t\t\t\t\t<div class=\"elementor-field-group elementor-column elementor-field-type-submit elementor-col-100 e-form__buttons\">\n\t\t\t\t\t<button class=\"elementor-button elementor-size-sm\" type=\"submit\">\n\t\t\t\t\t\t<span class=\"elementor-button-content-wrapper\">\n\t\t\t\t\t\t\t\t\t\t\t\t\t\t\t\t\t\t\t\t\t\t<span class=\"elementor-button-text\">Send a message<\/span>\n\t\t\t\t\t\t\t\t\t\t\t\t\t<\/span>\n\t\t\t\t\t<\/button>\n\t\t\t\t<\/div>\n\t\t\t<\/div>\n\t\t<input type=\"hidden\" name=\"trp-form-language\" value=\"en\"\/><\/form>\n\t\t\t\t\t\t<\/div>\n\t\t\t\t<\/div>\n\t\t\t\t\t<\/div>\n\t\t<\/div>\n\t\t\t\t\t<\/div>\n\t\t<\/section>\n\t\t\t\t<section class=\"elementor-section elementor-top-section elementor-element elementor-element-0f6f998 elementor-section-full_width elementor-section-height-default elementor-section-height-default\" data-id=\"0f6f998\" data-element_type=\"section\">\n\t\t\t\t\t\t<div class=\"elementor-container elementor-column-gap-no\">\n\t\t\t\t\t<div class=\"elementor-column elementor-col-100 elementor-top-column elementor-element elementor-element-983565b\" data-id=\"983565b\" data-element_type=\"column\">\n\t\t\t<div class=\"elementor-widget-wrap elementor-element-populated\">\n\t\t\t\t\t\t<div class=\"elementor-element elementor-element-8e096c6 elementor-widget elementor-widget-google_maps\" data-id=\"8e096c6\" data-element_type=\"widget\" data-widget_type=\"google_maps.default\">\n\t\t\t\t<div class=\"elementor-widget-container\">\n\t\t\t\t\t\t\t<div class=\"elementor-custom-embed\">\n\t\t\t<iframe loading=\"lazy\"\n\t\t\t\t\tsrc=\"https:\/\/maps.google.com\/maps?q=Nowogrodzka%2056A%2C%2000-695%20Warszawa&#038;t=m&#038;z=12&#038;output=embed&#038;iwloc=near\"\n\t\t\t\t\ttitle=\"Nowogrodzka 56A, 00-695 Warsaw\"\n\t\t\t\t\taria-label=\"Nowogrodzka 56A, 00-695 Warsaw\"\n\t\t\t><\/iframe>\n\t\t<\/div>\n\t\t\t\t\t\t<\/div>\n\t\t\t\t<\/div>\n\t\t\t\t\t<\/div>\n\t\t<\/div>\n\t\t\t\t\t<\/div>\n\t\t<\/section>\n\t\t\t\t<\/div>","protected":false},"excerpt":{"rendered":"<p>Contact us We are happy to answer all your questions and help you find the best solutions for your needs. Contact us to find out more about our services and products. \ud83d\udceb Address: Nowogrodzka 56A, 00-695 Warsaw \ud83d\udcde Phone: +48 667 712 372 \ud83d\udc8c Email: kontakt@womanature.pl Would you like to keep up to date with the latest trends in cosmetics, [...]<\/p>","protected":false},"author":3,"featured_media":0,"parent":0,"menu_order":0,"comment_status":"closed","ping_status":"closed","template":"","meta":{"inline_featured_image":false,"footnotes":""},"class_list":["post-81","page","type-page","status-publish","hentry"],"aioseo_notices":[],"_links":{"self":[{"href":"https:\/\/womanature.pl\/en\/wp-json\/wp\/v2\/pages\/81","targetHints":{"allow":["GET"]}}],"collection":[{"href":"https:\/\/womanature.pl\/en\/wp-json\/wp\/v2\/pages"}],"about":[{"href":"https:\/\/womanature.pl\/en\/wp-json\/wp\/v2\/types\/page"}],"author":[{"embeddable":true,"href":"https:\/\/womanature.pl\/en\/wp-json\/wp\/v2\/users\/3"}],"replies":[{"embeddable":true,"href":"https:\/\/womanature.pl\/en\/wp-json\/wp\/v2\/comments?post=81"}],"version-history":[{"count":15,"href":"https:\/\/womanature.pl\/en\/wp-json\/wp\/v2\/pages\/81\/revisions"}],"predecessor-version":[{"id":2215,"href":"https:\/\/womanature.pl\/en\/wp-json\/wp\/v2\/pages\/81\/revisions\/2215"}],"wp:attachment":[{"href":"https:\/\/womanature.pl\/en\/wp-json\/wp\/v2\/media?parent=81"}],"curies":[{"name":"wp","href":"https:\/\/api.w.org\/{rel}","templated":true}]}}