{"id":1508,"date":"2024-06-28T19:44:00","date_gmt":"2024-06-28T19:44:00","guid":{"rendered":"https:\/\/womanature.pl\/?page_id=1508"},"modified":"2024-08-08T21:11:53","modified_gmt":"2024-08-08T21:11:53","slug":"analyse-de-la-peau","status":"publish","type":"page","link":"https:\/\/womanature.pl\/fr\/analyse-de-la-peau\/","title":{"rendered":"Analyse de votre peau"},"content":{"rendered":"<div data-elementor-type=\"wp-page\" data-elementor-id=\"1508\" class=\"elementor elementor-1508\" data-elementor-post-type=\"page\">\n\t\t\t\t\t\t<section class=\"elementor-section elementor-top-section elementor-element elementor-element-5a7536f elementor-section-boxed elementor-section-height-default elementor-section-height-default\" data-id=\"5a7536f\" data-element_type=\"section\" data-settings=\"{&quot;background_background&quot;:&quot;classic&quot;}\">\n\t\t\t\t\t\t\t<div class=\"elementor-background-overlay\"><\/div>\n\t\t\t\t\t\t\t<div class=\"elementor-container elementor-column-gap-no\">\n\t\t\t\t\t<div class=\"elementor-column elementor-col-100 elementor-top-column elementor-element elementor-element-86438d3\" data-id=\"86438d3\" data-element_type=\"column\">\n\t\t\t<div class=\"elementor-widget-wrap elementor-element-populated\">\n\t\t\t\t\t\t<div class=\"elementor-element elementor-element-3632ddd elementor-widget elementor-widget-heading\" data-id=\"3632ddd\" data-element_type=\"widget\" data-widget_type=\"heading.default\">\n\t\t\t\t<div class=\"elementor-widget-container\">\n\t\t\t\t\t<h2 class=\"elementor-heading-title elementor-size-default\">Nous proposons des tests cutan\u00e9s de pr\u00e9cision,\nsur la base de 8 mesures au maximum :<\/h2>\t\t\t\t<\/div>\n\t\t\t\t<\/div>\n\t\t\t\t<div class=\"elementor-element elementor-element-b2c6ea0 elementor-widget elementor-widget-text-editor\" data-id=\"b2c6ea0\" data-element_type=\"widget\" data-widget_type=\"text-editor.default\">\n\t\t\t\t<div class=\"elementor-widget-container\">\n\t\t\t\t\t\t\t\t\t<p><span style=\"font-weight: 400;\">Gr\u00e2ce \u00e0 ces param\u00e8tres, il est possible de proc\u00e9der \u00e0 une \u00e9valuation compl\u00e8te de l'\u00e9tat de la peau, ce qui permet de choisir avec pr\u00e9cision les soins de la peau et les traitements th\u00e9rapeutiques.<\/span><\/p>\t\t\t\t\t\t\t\t<\/div>\n\t\t\t\t<\/div>\n\t\t\t\t<div class=\"elementor-element elementor-element-657263c elementor-widget elementor-widget-ucaddon_two_column_product_bullets\" data-id=\"657263c\" data-element_type=\"widget\" data-widget_type=\"ucaddon_two_column_product_bullets.default\">\n\t\t\t\t<div class=\"elementor-widget-container\">\n\t\t\t\t\t\n<!-- start Product Highlights -->\n\t\t<link id='font-awesome-css' href='https:\/\/womanature.pl\/wp-content\/plugins\/unlimited-elements-for-elementor-premium\/assets_libraries\/font-awesome6\/fontawesome-all.min.css' type='text\/css' rel='stylesheet' >\n\t\t<link id='font-awesome-4-shim-css' href='https:\/\/womanature.pl\/wp-content\/plugins\/unlimited-elements-for-elementor-premium\/assets_libraries\/font-awesome6\/fontawesome-v4-shims.min.css' type='text\/css' rel='stylesheet' >\n\n<style>\/* widget: Product Highlights *\/\n\n.uc_clean_bullets *{\n\tmargin:0;\n\tpadding:0;\n\tbox-sizing: border-box;\n}\n\n.uc_clean_bullets .uc_clean_bullets_figure img\n{\n\twidth:100%;\n}\n\n#uc_two_column_product_bullets_elementor_657263c .uc_container_holder\n{\n  display:flex;\n  align-items:center;\n}\n\n#uc_two_column_product_bullets_elementor_657263c .uc_container_holder > div\n{\n  flex:1;\n}\n\n#uc_two_column_product_bullets_elementor_657263c small\n{\n  \n  background-color:#E2BB53;\n  display:block;\n  flex: 0 1 auto;\n}\n\n#uc_two_column_product_bullets_elementor_657263c h3\n{\n  display:flex;\n  align-items:center;\n  font-size:18px;\n  color:#275C53;\n}\n\n#uc_two_column_product_bullets_elementor_657263c h3 span\n{\n  flex: 0 1 auto;\n}\n\n#uc_two_column_product_bullets_elementor_657263c h3 div.line\n{\n  background-color:#E2BB53;\n  flex-grow: 1;\n  margin:10px;\n  \n}\n\n#uc_two_column_product_bullets_elementor_657263c .uc_content p\n{\n  color:#565656;\n  line-height:1.5em;\n}\n\n#uc_two_column_product_bullets_elementor_657263c .uc_last_child\n{\n  text-align:right;\n}\n\n#uc_two_column_product_bullets_elementor_657263c .uc_last_child h3\n{\n  flex-direction: row-reverse;\n}\n\n\n\t\n\n@media only screen and (max-width: 800px) {\n  #uc_two_column_product_bullets_elementor_657263c .uc_container_holder\n  {\n    flex-direction: column;\n  }\n  \n  #uc_two_column_product_bullets_elementor_657263c .uc_last_child h3\n{\n  flex-direction: row;\n}\n  \n  #uc_two_column_product_bullets_elementor_657263c .uc_last_child\n{\n  text-align:left;\n}\n  \n  \t\n  \n  \n}\n\n<\/style>\n\n<div class=\"uc_clean_bullets\" id=\"uc_two_column_product_bullets_elementor_657263c\" style=\"direction:ltr;\">   \t\n    \t<div class=\"uc_container_holder\">\n          \t<div class=\"uc_clean_bullets_column\">\n                 <div class=\"uc_content\">\t\n  <h3>\n   <span class=\"two_column_bullet_title\">Texture de la peau<\/span>\n    <div class=\"line\"><\/div>\n    <em><small><\/small>\n    <\/em> \n  <\/h3>\n  <p class=\"two_column_bullet_description\">La mesure d\u00e9termine la texture de la surface de l'\u00e9piderme, son relief et son niveau de douceur, qui refl\u00e8tent la densit\u00e9, la tonicit\u00e9 et la fermet\u00e9 de la peau.<\/p>\n<\/div>\n<div class=\"uc_content\">\t\n  <h3>\n   <span class=\"two_column_bullet_title\">Degr\u00e9 de lubrification<\/span>\n    <div class=\"line\"><\/div>\n    <em><small><\/small>\n    <\/em> \n  <\/h3>\n  <p class=\"two_column_bullet_description\">La mesure permet d'analyser le taux de s\u00e9bum de la peau et de d\u00e9terminer la qualit\u00e9 du manteau hydro-lipidique, qui prot\u00e8ge la peau de la perte d'humidit\u00e9 et des facteurs externes.<\/p>\n<\/div>\n<div class=\"uc_content\">\t\n  <h3>\n   <span class=\"two_column_bullet_title\">Niveau d'exfoliation<\/span>\n    <div class=\"line\"><\/div>\n    <em><small><\/small>\n    <\/em> \n  <\/h3>\n  <p class=\"two_column_bullet_description\">L'\u00e9valuation du degr\u00e9 d'exfoliation de la couche corn\u00e9e permet de suivre le processus de k\u00e9ratinisation de la peau et de d\u00e9tecter d'\u00e9ventuels troubles de ce processus.<\/p>\n<\/div>\n<div class=\"uc_content\">\t\n  <h3>\n   <span class=\"two_column_bullet_title\">Taille des pores<\/span>\n    <div class=\"line\"><\/div>\n    <em><small><\/small>\n    <\/em> \n  <\/h3>\n  <p class=\"two_column_bullet_description\">En mesurant la taille des pores, il est possible d'\u00e9valuer leur taille et leur \u00e9tat, de savoir s'ils sont obstru\u00e9s et de prendre des mesures pour les r\u00e9duire si n\u00e9cessaire.<\/p>\n<\/div>\n \n            <\/div>\n            \n            <div class=\"uc_clean_bullets_figure\">\n                <img decoding=\"async\" src=\"https:\/\/womanature.pl\/wp-content\/uploads\/2024\/03\/4-1.png\" alt=\"\">\n            <\/div>\n          \t<div class=\"uc_clean_bullets_column uc_last_child\">\n              \t<div class=\"uc_content\">\t\n  <h3> \n    <span class=\"two_column_bullet_title\">Largeur et profondeur des rides<\/span>\n    <div class=\"line\"><\/div>\n    <em><small><\/small><\/em>\t\n  <\/h3>\n  <p class=\"two_column_bullet_description\">En mesurant la largeur et la profondeur des rides, il est possible de d\u00e9terminer l'ampleur du vieillissement de la peau et de suivre l'\u00e9volution des traitements de rajeunissement.<\/p>\n<\/div>\n<div class=\"uc_content\">\t\n  <h3> \n    <span class=\"two_column_bullet_title\">Vascularisation de la peau<\/span>\n    <div class=\"line\"><\/div>\n    <em><small><\/small><\/em>\t\n  <\/h3>\n  <p class=\"two_column_bullet_description\">Une analyse de la peau permet d'\u00e9valuer l'\u00e9tat des vaisseaux sanguins, leur \u00e9lasticit\u00e9 et les \u00e9ventuels probl\u00e8mes li\u00e9s \u00e0 leur visibilit\u00e9 ou \u00e0 leur \u00e9clatement.<\/p>\n<\/div>\n<div class=\"uc_content\">\t\n  <h3> \n    <span class=\"two_column_bullet_title\">D\u00e9coloration de la peau<\/span>\n    <div class=\"line\"><\/div>\n    <em><small><\/small><\/em>\t\n  <\/h3>\n  <p class=\"two_column_bullet_description\">L'\u00e9valuation de l'hyperpigmentation permet d'identifier la coloration non uniforme de la peau et de prendre des mesures pour la traiter ou la r\u00e9duire.<\/p>\n<\/div>\n<div class=\"uc_content\">\t\n  <h3> \n    <span class=\"two_column_bullet_title\">Degr\u00e9 d'hydratation<\/span>\n    <div class=\"line\"><\/div>\n    <em><small><\/small><\/em>\t\n  <\/h3>\n  <p class=\"two_column_bullet_description\">La mesure des niveaux d'hydratation de la peau et l'\u00e9valuation de la fonction du facteur naturel d'hydratation (NMF) permettent de comprendre les besoins de la peau et d'adapter les soins en cons\u00e9quence.<\/p>\n<\/div>\n\n          \t<\/div>\n        <\/div>\n    <\/div>\n<!-- end Product Highlights -->\t\t\t\t<\/div>\n\t\t\t\t<\/div>\n\t\t\t\t\t<\/div>\n\t\t<\/div>\n\t\t\t\t\t<\/div>\n\t\t<\/section>\n\t\t\t\t<section class=\"elementor-section elementor-top-section elementor-element elementor-element-24389c7 elementor-section-boxed elementor-section-height-default elementor-section-height-default\" data-id=\"24389c7\" data-element_type=\"section\" data-settings=\"{&quot;background_background&quot;:&quot;classic&quot;}\">\n\t\t\t\t\t\t<div class=\"elementor-container elementor-column-gap-no\">\n\t\t\t\t\t<div class=\"elementor-column elementor-col-50 elementor-top-column elementor-element elementor-element-729fa04\" data-id=\"729fa04\" data-element_type=\"column\">\n\t\t\t<div class=\"elementor-widget-wrap elementor-element-populated\">\n\t\t\t\t\t\t<div class=\"elementor-element elementor-element-f9be035 elementor-widget elementor-widget-text-editor\" data-id=\"f9be035\" data-element_type=\"widget\" data-widget_type=\"text-editor.default\">\n\t\t\t\t<div class=\"elementor-widget-container\">\n\t\t\t\t\t\t\t\t\t<p>LA PERSONNALISATION, MOT-CL\u00c9 DU 21E SI\u00c8CLE<\/p>\t\t\t\t\t\t\t\t<\/div>\n\t\t\t\t<\/div>\n\t\t\t\t<div class=\"elementor-element elementor-element-2ab5534 elementor-widget elementor-widget-heading\" data-id=\"2ab5534\" data-element_type=\"widget\" data-widget_type=\"heading.default\">\n\t\t\t\t<div class=\"elementor-widget-container\">\n\t\t\t\t\t<h1 class=\"elementor-heading-title elementor-size-default\"><span style=\"color: #E2BB53\">Analyse<\/span> peaux<\/h1>\t\t\t\t<\/div>\n\t\t\t\t<\/div>\n\t\t\t\t<div class=\"elementor-element elementor-element-828c96a elementor-widget elementor-widget-image\" data-id=\"828c96a\" data-element_type=\"widget\" data-widget_type=\"image.default\">\n\t\t\t\t<div class=\"elementor-widget-container\">\n\t\t\t\t\t\t\t\t\t\t\t\t\t\t\t<img fetchpriority=\"high\" decoding=\"async\" width=\"800\" height=\"800\" src=\"https:\/\/womanature.pl\/wp-content\/uploads\/2024\/03\/szkolenie-analiza-skory-e1710185004628-1024x1024.png\" class=\"attachment-large size-large wp-image-1289\" alt=\"\" srcset=\"https:\/\/womanature.pl\/wp-content\/uploads\/2024\/03\/szkolenie-analiza-skory-e1710185004628-1024x1024.png 1024w, https:\/\/womanature.pl\/wp-content\/uploads\/2024\/03\/szkolenie-analiza-skory-e1710185004628-300x300.png 300w, https:\/\/womanature.pl\/wp-content\/uploads\/2024\/03\/szkolenie-analiza-skory-e1710185004628-150x150.png 150w, https:\/\/womanature.pl\/wp-content\/uploads\/2024\/03\/szkolenie-analiza-skory-e1710185004628-768x768.png 768w, https:\/\/womanature.pl\/wp-content\/uploads\/2024\/03\/szkolenie-analiza-skory-e1710185004628-1536x1536.png 1536w, https:\/\/womanature.pl\/wp-content\/uploads\/2024\/03\/szkolenie-analiza-skory-e1710185004628-2048x2048.png 2048w, https:\/\/womanature.pl\/wp-content\/uploads\/2024\/03\/szkolenie-analiza-skory-e1710185004628-12x12.png 12w, https:\/\/womanature.pl\/wp-content\/uploads\/2024\/03\/szkolenie-analiza-skory-e1710185004628-600x600.png 600w, https:\/\/womanature.pl\/wp-content\/uploads\/2024\/03\/szkolenie-analiza-skory-e1710185004628-100x100.png 100w\" sizes=\"(max-width: 800px) 100vw, 800px\" \/>\t\t\t\t\t\t\t\t\t\t\t\t\t\t\t<\/div>\n\t\t\t\t<\/div>\n\t\t\t\t\t<\/div>\n\t\t<\/div>\n\t\t\t\t<div class=\"elementor-column elementor-col-50 elementor-top-column elementor-element elementor-element-c6a62ed\" data-id=\"c6a62ed\" data-element_type=\"column\">\n\t\t\t<div class=\"elementor-widget-wrap elementor-element-populated\">\n\t\t\t\t\t\t<div class=\"elementor-element elementor-element-c628590 elementor-widget elementor-widget-text-editor\" data-id=\"c628590\" data-element_type=\"widget\" data-widget_type=\"text-editor.default\">\n\t\t\t\t<div class=\"elementor-widget-container\">\n\t\t\t\t\t\t\t\t\t<p><span style=\"font-weight: 400;\">L'appareil permet une analyse compl\u00e8te de la peau et fournit les informations d\u00e9taill\u00e9es n\u00e9cessaires pour personnaliser les traitements et les soins de la peau.<\/span><\/p>\t\t\t\t\t\t\t\t<\/div>\n\t\t\t\t<\/div>\n\t\t\t\t<div class=\"elementor-element elementor-element-99bd6b3 elementor-widget elementor-widget-text-editor\" data-id=\"99bd6b3\" data-element_type=\"widget\" data-widget_type=\"text-editor.default\">\n\t\t\t\t<div class=\"elementor-widget-container\">\n\t\t\t\t\t\t\t\t\t<p><span style=\"font-weight: 400;\">Fonctionnement : l'analyseur est \u00e9quip\u00e9 de syst\u00e8mes d'imagerie avanc\u00e9s qui permettent d'examiner la peau avec pr\u00e9cision sous diff\u00e9rents angles et dans diff\u00e9rentes gammes de lumi\u00e8re (par exemple, lumi\u00e8re visible, UV). Il est ainsi possible d'\u00e9valuer l'\u00e9tat de la peau, notamment les rides, la d\u00e9coloration, les irr\u00e9gularit\u00e9s ou l'hydratation.<\/span><\/p>\t\t\t\t\t\t\t\t<\/div>\n\t\t\t\t<\/div>\n\t\t\t\t<div class=\"elementor-element elementor-element-b02d59d elementor-widget elementor-widget-text-editor\" data-id=\"b02d59d\" data-element_type=\"widget\" data-widget_type=\"text-editor.default\">\n\t\t\t\t<div class=\"elementor-widget-container\">\n\t\t\t\t\t\t\t\t\t<p><span style=\"font-weight: 400;\">Objet : L'appareil est utilis\u00e9 pour \u00e9valuer divers param\u00e8tres de la peau tels que le niveau d'hydratation, l'\u00e9lasticit\u00e9, la texture et la pr\u00e9sence de changements pathologiques. Il permet \u00e9galement de surveiller les effets des traitements cosm\u00e9tiques et dermatologiques.<\/span><\/p>\t\t\t\t\t\t\t\t<\/div>\n\t\t\t\t<\/div>\n\t\t\t\t<div class=\"elementor-element elementor-element-dd33d7e elementor-widget elementor-widget-text-editor\" data-id=\"dd33d7e\" data-element_type=\"widget\" data-widget_type=\"text-editor.default\">\n\t\t\t\t<div class=\"elementor-widget-container\">\n\t\t\t\t\t\t\t\t\t<p><span style=\"font-weight: 400;\">Avantages : L'analyse fournit des donn\u00e9es pr\u00e9cises qui permettent de s\u00e9lectionner les produits de soins de la peau appropri\u00e9s et de planifier le traitement. Il s'agit d'un outil extr\u00eamement utile pour les diagnostics pr\u00e9alables aux traitements esth\u00e9tiques et pour le suivi de l'\u00e9volution des traitements.<\/span><\/p>\t\t\t\t\t\t\t\t<\/div>\n\t\t\t\t<\/div>\n\t\t\t\t\t<\/div>\n\t\t<\/div>\n\t\t\t\t\t<\/div>\n\t\t<\/section>\n\t\t\t\t<section class=\"elementor-section elementor-top-section elementor-element elementor-element-7e752ea elementor-section-boxed elementor-section-height-default elementor-section-height-default\" data-id=\"7e752ea\" data-element_type=\"section\" data-settings=\"{&quot;background_background&quot;:&quot;classic&quot;}\">\n\t\t\t\t\t\t\t<div class=\"elementor-background-overlay\"><\/div>\n\t\t\t\t\t\t\t<div class=\"elementor-container elementor-column-gap-no\">\n\t\t\t\t\t<div class=\"elementor-column elementor-col-100 elementor-top-column elementor-element elementor-element-54aced8\" data-id=\"54aced8\" data-element_type=\"column\">\n\t\t\t<div class=\"elementor-widget-wrap elementor-element-populated\">\n\t\t\t\t\t\t<div class=\"elementor-element elementor-element-e0aed39 elementor-widget elementor-widget-heading\" data-id=\"e0aed39\" data-element_type=\"widget\" data-widget_type=\"heading.default\">\n\t\t\t\t<div class=\"elementor-widget-container\">\n\t\t\t\t\t<h1 class=\"elementor-heading-title elementor-size-default\">V\u00e9rifiez votre <span style=\"color: #E2BB53\">peau<\/span>choisir les bons soins<\/h1>\t\t\t\t<\/div>\n\t\t\t\t<\/div>\n\t\t\t\t<div class=\"elementor-element elementor-element-0ce49f7 elementor-widget elementor-widget-text-editor\" data-id=\"0ce49f7\" data-element_type=\"widget\" data-widget_type=\"text-editor.default\">\n\t\t\t\t<div class=\"elementor-widget-container\">\n\t\t\t\t\t\t\t\t\tLes r\u00e9sultats de toutes les mesures permettent une analyse globale de l'\u00e9tat de la peau et offrent la possibilit\u00e9 de choisir avec pr\u00e9cision les produits cosm\u00e9tiques et les traitements appropri\u00e9s.   Le rapport remis au client d\u00e9crit l'\u00e9tat de sa peau et contient des indications d\u00e9taill\u00e9es sur les soins \u00e0 apporter \u00e0 domicile et en cabinet.\n\t\t\t\t\t\t\t\t<\/div>\n\t\t\t\t<\/div>\n\t\t\t\t<section class=\"elementor-section elementor-inner-section elementor-element elementor-element-5366e77 elementor-section-full_width elementor-section-height-default elementor-section-height-default\" data-id=\"5366e77\" data-element_type=\"section\">\n\t\t\t\t\t\t<div class=\"elementor-container elementor-column-gap-default\">\n\t\t\t\t\t<div class=\"elementor-column elementor-col-33 elementor-inner-column elementor-element elementor-element-f9649b4\" data-id=\"f9649b4\" data-element_type=\"column\">\n\t\t\t<div class=\"elementor-widget-wrap elementor-element-populated\">\n\t\t\t\t\t\t<div class=\"elementor-element elementor-element-96f8a87 elementor-position-top elementor-widget elementor-widget-image-box\" data-id=\"96f8a87\" data-element_type=\"widget\" data-widget_type=\"image-box.default\">\n\t\t\t\t<div class=\"elementor-widget-container\">\n\t\t\t\t\t<div class=\"elementor-image-box-wrapper\"><figure class=\"elementor-image-box-img\"><img decoding=\"async\" width=\"64\" height=\"64\" src=\"https:\/\/womanature.pl\/wp-content\/uploads\/2023\/07\/skin-cell.png\" class=\"attachment-full size-full wp-image-186\" alt=\"\" \/><\/figure><div class=\"elementor-image-box-content\"><h3 class=\"elementor-image-box-title\">Texture de la peau <\/h3><p class=\"elementor-image-box-description\">La mesure d\u00e9termine la texture de la surface de l'\u00e9piderme, son relief et son niveau de douceur, qui refl\u00e8tent la densit\u00e9, la tonicit\u00e9 et la fermet\u00e9 de la peau.<\/p><\/div><\/div>\t\t\t\t<\/div>\n\t\t\t\t<\/div>\n\t\t\t\t\t<\/div>\n\t\t<\/div>\n\t\t\t\t<div class=\"elementor-column elementor-col-33 elementor-inner-column elementor-element elementor-element-86196bd\" data-id=\"86196bd\" data-element_type=\"column\">\n\t\t\t<div class=\"elementor-widget-wrap elementor-element-populated\">\n\t\t\t\t\t\t<div class=\"elementor-element elementor-element-1f41761 elementor-position-top elementor-widget elementor-widget-image-box\" data-id=\"1f41761\" data-element_type=\"widget\" data-widget_type=\"image-box.default\">\n\t\t\t\t<div class=\"elementor-widget-container\">\n\t\t\t\t\t<div class=\"elementor-image-box-wrapper\"><figure class=\"elementor-image-box-img\"><img decoding=\"async\" width=\"64\" height=\"64\" src=\"https:\/\/womanature.pl\/wp-content\/uploads\/2023\/07\/skin.png\" class=\"attachment-full size-full wp-image-189\" alt=\"\" \/><\/figure><div class=\"elementor-image-box-content\"><h3 class=\"elementor-image-box-title\">Taille des pores<\/h3><p class=\"elementor-image-box-description\">La mesure de la taille des pores permet d'\u00e9valuer la taille des pores, de v\u00e9rifier si elle est normale et \u00e9ventuellement de prendre des mesures pour la r\u00e9duire. \n<\/p><\/div><\/div>\t\t\t\t<\/div>\n\t\t\t\t<\/div>\n\t\t\t\t\t<\/div>\n\t\t<\/div>\n\t\t\t\t<div class=\"elementor-column elementor-col-33 elementor-inner-column elementor-element elementor-element-c93534a\" data-id=\"c93534a\" data-element_type=\"column\">\n\t\t\t<div class=\"elementor-widget-wrap elementor-element-populated\">\n\t\t\t\t\t\t<div class=\"elementor-element elementor-element-ae063af elementor-position-top elementor-widget elementor-widget-image-box\" data-id=\"ae063af\" data-element_type=\"widget\" data-widget_type=\"image-box.default\">\n\t\t\t\t<div class=\"elementor-widget-container\">\n\t\t\t\t\t<div class=\"elementor-image-box-wrapper\"><figure class=\"elementor-image-box-img\"><img loading=\"lazy\" decoding=\"async\" width=\"64\" height=\"64\" src=\"https:\/\/womanature.pl\/wp-content\/uploads\/2023\/07\/dry-skin.png\" class=\"attachment-full size-full wp-image-190\" alt=\"\" \/><\/figure><div class=\"elementor-image-box-content\"><h3 class=\"elementor-image-box-title\">Largeur et profondeur des rides<\/h3><p class=\"elementor-image-box-description\">La mesure des rides permet de d\u00e9terminer la progression du vieillissement de la peau et d'observer la progression des traitements de rajeunissement.\n<\/p><\/div><\/div>\t\t\t\t<\/div>\n\t\t\t\t<\/div>\n\t\t\t\t\t<\/div>\n\t\t<\/div>\n\t\t\t\t\t<\/div>\n\t\t<\/section>\n\t\t\t\t<section class=\"elementor-section elementor-inner-section elementor-element elementor-element-3d3834b elementor-section-full_width elementor-section-height-default elementor-section-height-default\" data-id=\"3d3834b\" data-element_type=\"section\">\n\t\t\t\t\t\t<div class=\"elementor-container elementor-column-gap-default\">\n\t\t\t\t\t<div class=\"elementor-column elementor-col-33 elementor-inner-column elementor-element elementor-element-a9426e7\" data-id=\"a9426e7\" data-element_type=\"column\">\n\t\t\t<div class=\"elementor-widget-wrap elementor-element-populated\">\n\t\t\t\t\t\t<div class=\"elementor-element elementor-element-9510c80 elementor-position-top elementor-widget elementor-widget-image-box\" data-id=\"9510c80\" data-element_type=\"widget\" data-widget_type=\"image-box.default\">\n\t\t\t\t<div class=\"elementor-widget-container\">\n\t\t\t\t\t<div class=\"elementor-image-box-wrapper\"><figure class=\"elementor-image-box-img\"><img loading=\"lazy\" decoding=\"async\" width=\"64\" height=\"64\" src=\"https:\/\/womanature.pl\/wp-content\/uploads\/2023\/07\/skincare.png\" class=\"attachment-full size-full wp-image-187\" alt=\"\" \/><\/figure><div class=\"elementor-image-box-content\"><h3 class=\"elementor-image-box-title\">Degr\u00e9 de lubrification<\/h3><p class=\"elementor-image-box-description\">La mesure permet d'analyser le taux de s\u00e9bum de la peau et de d\u00e9terminer la qualit\u00e9 du manteau hydro-lipidique de la peau.\n<\/p><\/div><\/div>\t\t\t\t<\/div>\n\t\t\t\t<\/div>\n\t\t\t\t\t<\/div>\n\t\t<\/div>\n\t\t\t\t<div class=\"elementor-column elementor-col-33 elementor-inner-column elementor-element elementor-element-7d5ace8\" data-id=\"7d5ace8\" data-element_type=\"column\">\n\t\t\t<div class=\"elementor-widget-wrap elementor-element-populated\">\n\t\t\t\t\t\t<div class=\"elementor-element elementor-element-1ecb6be elementor-position-top elementor-widget elementor-widget-image-box\" data-id=\"1ecb6be\" data-element_type=\"widget\" data-widget_type=\"image-box.default\">\n\t\t\t\t<div class=\"elementor-widget-container\">\n\t\t\t\t\t<div class=\"elementor-image-box-wrapper\"><figure class=\"elementor-image-box-img\"><img loading=\"lazy\" decoding=\"async\" width=\"64\" height=\"64\" src=\"https:\/\/womanature.pl\/wp-content\/uploads\/2023\/07\/depilation.png\" class=\"attachment-full size-full wp-image-188\" alt=\"\" \/><\/figure><div class=\"elementor-image-box-content\"><h3 class=\"elementor-image-box-title\">Niveau d'exfoliation<\/h3><p class=\"elementor-image-box-description\">L'\u00e9valuation de la quantit\u00e9 d'\u00e9piderme exfoli\u00e9 dans la couche corn\u00e9e permet de d\u00e9tecter les troubles du processus de k\u00e9ratinisation.\n<\/p><\/div><\/div>\t\t\t\t<\/div>\n\t\t\t\t<\/div>\n\t\t\t\t\t<\/div>\n\t\t<\/div>\n\t\t\t\t<div class=\"elementor-column elementor-col-33 elementor-inner-column elementor-element elementor-element-57f8fe6\" data-id=\"57f8fe6\" data-element_type=\"column\">\n\t\t\t<div class=\"elementor-widget-wrap elementor-element-populated\">\n\t\t\t\t\t\t<div class=\"elementor-element elementor-element-da061f2 elementor-position-top elementor-widget elementor-widget-image-box\" data-id=\"da061f2\" data-element_type=\"widget\" data-widget_type=\"image-box.default\">\n\t\t\t\t<div class=\"elementor-widget-container\">\n\t\t\t\t\t<div class=\"elementor-image-box-wrapper\"><figure class=\"elementor-image-box-img\"><img loading=\"lazy\" decoding=\"async\" width=\"64\" height=\"64\" src=\"https:\/\/womanature.pl\/wp-content\/uploads\/2023\/07\/oily.png\" class=\"attachment-full size-full wp-image-191\" alt=\"\" \/><\/figure><div class=\"elementor-image-box-content\"><h3 class=\"elementor-image-box-title\">Degr\u00e9 d'hydratation<\/h3><p class=\"elementor-image-box-description\">L'\u00e9valuation de la fonction, du niveau d'hydratation et de la qualit\u00e9 du NMF est possible \u00e0 l'aide d'un capteur de mesure de l'humidit\u00e9.\n<\/p><\/div><\/div>\t\t\t\t<\/div>\n\t\t\t\t<\/div>\n\t\t\t\t\t<\/div>\n\t\t<\/div>\n\t\t\t\t\t<\/div>\n\t\t<\/section>\n\t\t\t\t\t<\/div>\n\t\t<\/div>\n\t\t\t\t\t<\/div>\n\t\t<\/section>\n\t\t\t\t<\/div>","protected":false},"excerpt":{"rendered":"<p>Nous proposons des examens pr\u00e9cis de la peau bas\u00e9s sur huit mesures : Gr\u00e2ce \u00e0 ces param\u00e8tres, il est possible d'obtenir une \u00e9valuation compl\u00e8te de l'\u00e9tat de la peau, ce qui permet de choisir avec pr\u00e9cision les soins et les traitements th\u00e9rapeutiques. Texture de la peau La mesure d\u00e9termine la structure de la surface de l'\u00e9piderme, son relief et son niveau de douceur, qui refl\u00e8tent la densit\u00e9, la tonicit\u00e9 et la fermet\u00e9 de la peau. Degr\u00e9 de gras La mesure permet d'analyser le degr\u00e9 de gras de la peau et [...]<\/p>","protected":false},"author":3,"featured_media":0,"parent":0,"menu_order":0,"comment_status":"closed","ping_status":"closed","template":"","meta":{"inline_featured_image":false,"footnotes":""},"class_list":["post-1508","page","type-page","status-publish","hentry"],"aioseo_notices":[],"_links":{"self":[{"href":"https:\/\/womanature.pl\/fr\/wp-json\/wp\/v2\/pages\/1508","targetHints":{"allow":["GET"]}}],"collection":[{"href":"https:\/\/womanature.pl\/fr\/wp-json\/wp\/v2\/pages"}],"about":[{"href":"https:\/\/womanature.pl\/fr\/wp-json\/wp\/v2\/types\/page"}],"author":[{"embeddable":true,"href":"https:\/\/womanature.pl\/fr\/wp-json\/wp\/v2\/users\/3"}],"replies":[{"embeddable":true,"href":"https:\/\/womanature.pl\/fr\/wp-json\/wp\/v2\/comments?post=1508"}],"version-history":[{"count":0,"href":"https:\/\/womanature.pl\/fr\/wp-json\/wp\/v2\/pages\/1508\/revisions"}],"wp:attachment":[{"href":"https:\/\/womanature.pl\/fr\/wp-json\/wp\/v2\/media?parent=1508"}],"curies":[{"name":"wp","href":"https:\/\/api.w.org\/{rel}","templated":true}]}}