{"id":1999,"date":"2024-08-16T15:49:50","date_gmt":"2024-08-16T15:49:50","guid":{"rendered":"https:\/\/womanature.pl\/?page_id=1999"},"modified":"2024-08-16T15:49:50","modified_gmt":"2024-08-16T15:49:50","slug":"expedition","status":"publish","type":"page","link":"https:\/\/womanature.pl\/fr\/expedition\/","title":{"rendered":"Exp\u00e9dition"},"content":{"rendered":"<p><\/p>\n\n\n\n<p>Livraison<\/p>\n\n\n\n<ol class=\"wp-block-list\">\n<li>Le vendeur est tenu de livrer des biens conformes au contrat (conform\u00e9ment \u00e0 l'art.<br>43b de la loi du 30 mai 2014 relative aux droits des consommateurs (Journal officiel 2014, pos. 827 du<br>tel que modifi\u00e9).<\/li>\n\n\n\n<li>Le d\u00e9lai d'ex\u00e9cution est compris entre 1 et 14 jours ouvrables.<\/li>\n\n\n\n<li>Le vendeur traitera la commande une fois qu'elle aura \u00e9t\u00e9 pay\u00e9e par l'acheteur.<\/li>\n\n\n\n<li>Les marchandises sont livr\u00e9es exclusivement sur le territoire de la R\u00e9publique de Pologne et en dehors du territoire de l'Union europ\u00e9enne.<br>fronti\u00e8res de la R\u00e9publique de Pologne.<\/li>\n\n\n\n<li>Les marchandises achet\u00e9es dans le magasin sont livr\u00e9es par le service de messagerie de l'UPC.<br>Soins de sant\u00e9 \u00e0 temp\u00e9rature contr\u00f4l\u00e9e ou InPost.<\/li>\n<\/ol>\n\n\n\n<p><\/p>","protected":false},"excerpt":{"rendered":"<p>Livraison<\/p>","protected":false},"author":3,"featured_media":0,"parent":0,"menu_order":0,"comment_status":"closed","ping_status":"closed","template":"","meta":{"inline_featured_image":false,"footnotes":""},"class_list":["post-1999","page","type-page","status-publish","hentry"],"aioseo_notices":[],"_links":{"self":[{"href":"https:\/\/womanature.pl\/fr\/wp-json\/wp\/v2\/pages\/1999","targetHints":{"allow":["GET"]}}],"collection":[{"href":"https:\/\/womanature.pl\/fr\/wp-json\/wp\/v2\/pages"}],"about":[{"href":"https:\/\/womanature.pl\/fr\/wp-json\/wp\/v2\/types\/page"}],"author":[{"embeddable":true,"href":"https:\/\/womanature.pl\/fr\/wp-json\/wp\/v2\/users\/3"}],"replies":[{"embeddable":true,"href":"https:\/\/womanature.pl\/fr\/wp-json\/wp\/v2\/comments?post=1999"}],"version-history":[{"count":0,"href":"https:\/\/womanature.pl\/fr\/wp-json\/wp\/v2\/pages\/1999\/revisions"}],"wp:attachment":[{"href":"https:\/\/womanature.pl\/fr\/wp-json\/wp\/v2\/media?parent=1999"}],"curies":[{"name":"wp","href":"https:\/\/api.w.org\/{rel}","templated":true}]}}