{"id":1138,"date":"2024-02-26T17:43:22","date_gmt":"2024-02-26T17:43:22","guid":{"rendered":"http:\/\/womanature.pl\/?page_id=1138"},"modified":"2024-08-17T15:55:59","modified_gmt":"2024-08-17T15:55:59","slug":"syndroom","status":"publish","type":"page","link":"https:\/\/womanature.pl\/nl\/syndroom\/","title":{"rendered":"Team"},"content":{"rendered":"<div data-elementor-type=\"wp-page\" data-elementor-id=\"1138\" class=\"elementor elementor-1138\" data-elementor-post-type=\"page\">\n\t\t\t\t\t\t<section class=\"elementor-section elementor-top-section elementor-element elementor-element-92f6108 elementor-section-boxed elementor-section-height-default elementor-section-height-default\" data-id=\"92f6108\" data-element_type=\"section\" data-settings=\"{&quot;background_background&quot;:&quot;classic&quot;}\">\n\t\t\t\t\t\t<div class=\"elementor-container elementor-column-gap-no\">\n\t\t\t\t\t<div class=\"elementor-column elementor-col-100 elementor-top-column elementor-element elementor-element-2f022d7\" data-id=\"2f022d7\" data-element_type=\"column\">\n\t\t\t<div class=\"elementor-widget-wrap elementor-element-populated\">\n\t\t\t\t\t\t<div class=\"elementor-element elementor-element-107bdd5 elementor-widget elementor-widget-heading\" data-id=\"107bdd5\" data-element_type=\"widget\" data-widget_type=\"heading.default\">\n\t\t\t\t<div class=\"elementor-widget-container\">\n\t\t\t\t\t<h1 class=\"elementor-heading-title elementor-size-default\">Onze missie<\/h1>\t\t\t\t<\/div>\n\t\t\t\t<\/div>\n\t\t\t\t<div class=\"elementor-element elementor-element-4395ccf elementor-widget elementor-widget-text-editor\" data-id=\"4395ccf\" data-element_type=\"widget\" data-widget_type=\"text-editor.default\">\n\t\t\t\t<div class=\"elementor-widget-container\">\n\t\t\t\t\t\t\t\t\t<p style=\"text-align: center;\">Ons doel is om klanten onderzoeks- en onderwijsdiensten van de hoogste kwaliteit te bieden, gebaseerd op gedegen kennis en ervaring.<br \/>We streven ernaar onze methoden en technologie\u00ebn voortdurend te verbeteren om te voldoen aan de eisen van de snel veranderende cosmeticamarkt.<\/p>\t\t\t\t\t\t\t\t<\/div>\n\t\t\t\t<\/div>\n\t\t\t\t\t<\/div>\n\t\t<\/div>\n\t\t\t\t\t<\/div>\n\t\t<\/section>\n\t\t\t\t<section class=\"elementor-section elementor-top-section elementor-element elementor-element-916340c elementor-reverse-mobile elementor-section-boxed elementor-section-height-default elementor-section-height-default\" data-id=\"916340c\" data-element_type=\"section\" data-settings=\"{&quot;background_background&quot;:&quot;classic&quot;}\">\n\t\t\t\t\t\t<div class=\"elementor-container elementor-column-gap-no\">\n\t\t\t\t\t<div class=\"elementor-column elementor-col-50 elementor-top-column elementor-element elementor-element-12611a7\" data-id=\"12611a7\" data-element_type=\"column\">\n\t\t\t<div class=\"elementor-widget-wrap elementor-element-populated\">\n\t\t\t\t\t\t<div class=\"elementor-element elementor-element-22a7334 elementor-widget elementor-widget-heading\" data-id=\"22a7334\" data-element_type=\"widget\" data-widget_type=\"heading.default\">\n\t\t\t\t<div class=\"elementor-widget-container\">\n\t\t\t\t\t<h1 class=\"elementor-heading-title elementor-size-default\">Daria<\/h1>\t\t\t\t<\/div>\n\t\t\t\t<\/div>\n\t\t\t\t<div class=\"elementor-element elementor-element-88c17b7 elementor-widget elementor-widget-text-editor\" data-id=\"88c17b7\" data-element_type=\"widget\" data-widget_type=\"text-editor.default\">\n\t\t\t\t<div class=\"elementor-widget-container\">\n\t\t\t\t\t\t\t\t\t<p>Zij is het hart en de ziel van WomaNature, als oprichter en hoofd productontwikkeling. Als afgestudeerde aan de gerenommeerde Technische Universiteit van Warschau, gespecialiseerd in management, productietechniek en kwaliteit, brengt ze niet alleen theoretische kennis maar ook een schat aan praktische ervaring mee naar het bedrijf.<\/p><p><strong>Daria is verantwoordelijk voor:<\/strong><\/p><p>Productinnovatie: Geeft leiding aan het onderzoeksteam en zorgt ervoor dat elk nieuw product in lijn is met de nieuwste ontwikkelingen in wetenschap en technologie.\u00a0<\/p><p>\u2705 Procesoptimalisatie: De expertise in het optimaliseren van productieprocessen zorgt ervoor dat onze producten niet alleen effectief zijn, maar ook volgens de hoogste kwaliteitsnormen worden vervaardigd.\u00a0<\/p><p>\u2705 Klantrelaties: Daria gaat persoonlijk met klanten om en helpt hen de beste producten en behandelingen te kiezen die passen bij hun individuele behoeften.<\/p><p>\u2705 Educatie: Ze geeft educatieve workshops en deelt haar kennis en passie, wat resulteert in een beter begrip en effectieve huidverzorging. Dankzij haar toewijding en visie kan WomaNature voortdurend groeien en klanten voorzien van producten van de hoogste kwaliteit.<\/p>\t\t\t\t\t\t\t\t<\/div>\n\t\t\t\t<\/div>\n\t\t\t\t\t<\/div>\n\t\t<\/div>\n\t\t\t\t<div class=\"elementor-column elementor-col-50 elementor-top-column elementor-element elementor-element-ebe2588\" data-id=\"ebe2588\" data-element_type=\"column\" data-settings=\"{&quot;motion_fx_motion_fx_scrolling&quot;:&quot;yes&quot;,&quot;motion_fx_translateY_effect&quot;:&quot;yes&quot;,&quot;motion_fx_translateY_direction&quot;:&quot;negative&quot;,&quot;motion_fx_translateY_affectedRange&quot;:{&quot;unit&quot;:&quot;%&quot;,&quot;size&quot;:&quot;&quot;,&quot;sizes&quot;:{&quot;start&quot;:30,&quot;end&quot;:50}},&quot;motion_fx_translateY_speed&quot;:{&quot;unit&quot;:&quot;px&quot;,&quot;size&quot;:4,&quot;sizes&quot;:[]},&quot;motion_fx_devices&quot;:[&quot;desktop&quot;,&quot;tablet&quot;,&quot;mobile&quot;]}\">\n\t\t\t<div class=\"elementor-widget-wrap elementor-element-populated\">\n\t\t\t\t\t\t<div class=\"elementor-element elementor-element-0e8940d elementor-widget elementor-widget-image\" data-id=\"0e8940d\" data-element_type=\"widget\" data-widget_type=\"image.default\">\n\t\t\t\t<div class=\"elementor-widget-container\">\n\t\t\t\t\t\t\t\t\t\t\t\t\t\t\t<img fetchpriority=\"high\" decoding=\"async\" width=\"2560\" height=\"1443\" src=\"https:\/\/womanature.pl\/wp-content\/uploads\/2024\/03\/image_6483441-3-scaled.jpg\" class=\"attachment-full size-full wp-image-1203\" alt=\"\" srcset=\"https:\/\/womanature.pl\/wp-content\/uploads\/2024\/03\/image_6483441-3-scaled.jpg 2560w, https:\/\/womanature.pl\/wp-content\/uploads\/2024\/03\/image_6483441-3-300x169.jpg 300w, https:\/\/womanature.pl\/wp-content\/uploads\/2024\/03\/image_6483441-3-1024x577.jpg 1024w, https:\/\/womanature.pl\/wp-content\/uploads\/2024\/03\/image_6483441-3-768x433.jpg 768w, https:\/\/womanature.pl\/wp-content\/uploads\/2024\/03\/image_6483441-3-1536x866.jpg 1536w, https:\/\/womanature.pl\/wp-content\/uploads\/2024\/03\/image_6483441-3-2048x1154.jpg 2048w, https:\/\/womanature.pl\/wp-content\/uploads\/2024\/03\/image_6483441-3-18x10.jpg 18w, https:\/\/womanature.pl\/wp-content\/uploads\/2024\/03\/image_6483441-3-600x338.jpg 600w\" sizes=\"(max-width: 2560px) 100vw, 2560px\" \/>\t\t\t\t\t\t\t\t\t\t\t\t\t\t\t<\/div>\n\t\t\t\t<\/div>\n\t\t\t\t\t<\/div>\n\t\t<\/div>\n\t\t\t\t\t<\/div>\n\t\t<\/section>\n\t\t\t\t<section class=\"elementor-section elementor-top-section elementor-element elementor-element-a25afd7 elementor-section-boxed elementor-section-height-default elementor-section-height-default\" data-id=\"a25afd7\" data-element_type=\"section\" data-settings=\"{&quot;background_background&quot;:&quot;classic&quot;}\">\n\t\t\t\t\t\t<div class=\"elementor-container elementor-column-gap-no\">\n\t\t\t\t\t<div class=\"elementor-column elementor-col-50 elementor-top-column elementor-element elementor-element-80cce09\" data-id=\"80cce09\" data-element_type=\"column\" data-settings=\"{&quot;motion_fx_motion_fx_scrolling&quot;:&quot;yes&quot;,&quot;motion_fx_translateY_effect&quot;:&quot;yes&quot;,&quot;motion_fx_translateY_direction&quot;:&quot;negative&quot;,&quot;motion_fx_translateY_affectedRange&quot;:{&quot;unit&quot;:&quot;%&quot;,&quot;size&quot;:&quot;&quot;,&quot;sizes&quot;:{&quot;start&quot;:30,&quot;end&quot;:50}},&quot;motion_fx_translateY_speed&quot;:{&quot;unit&quot;:&quot;px&quot;,&quot;size&quot;:4,&quot;sizes&quot;:[]},&quot;motion_fx_devices&quot;:[&quot;desktop&quot;,&quot;tablet&quot;,&quot;mobile&quot;]}\">\n\t\t\t<div class=\"elementor-widget-wrap elementor-element-populated\">\n\t\t\t\t\t\t<div class=\"elementor-element elementor-element-414066c elementor-widget elementor-widget-image\" data-id=\"414066c\" data-element_type=\"widget\" data-widget_type=\"image.default\">\n\t\t\t\t<div class=\"elementor-widget-container\">\n\t\t\t\t\t\t\t\t\t\t\t\t\t\t\t<img decoding=\"async\" width=\"2560\" height=\"1707\" src=\"https:\/\/womanature.pl\/wp-content\/uploads\/2024\/02\/foto-Wojtek-scaled.jpg\" class=\"attachment-full size-full wp-image-1145\" alt=\"\" srcset=\"https:\/\/womanature.pl\/wp-content\/uploads\/2024\/02\/foto-Wojtek-scaled.jpg 2560w, https:\/\/womanature.pl\/wp-content\/uploads\/2024\/02\/foto-Wojtek-300x200.jpg 300w, https:\/\/womanature.pl\/wp-content\/uploads\/2024\/02\/foto-Wojtek-1024x683.jpg 1024w, https:\/\/womanature.pl\/wp-content\/uploads\/2024\/02\/foto-Wojtek-768x512.jpg 768w, https:\/\/womanature.pl\/wp-content\/uploads\/2024\/02\/foto-Wojtek-1536x1024.jpg 1536w, https:\/\/womanature.pl\/wp-content\/uploads\/2024\/02\/foto-Wojtek-2048x1366.jpg 2048w, https:\/\/womanature.pl\/wp-content\/uploads\/2024\/02\/foto-Wojtek-18x12.jpg 18w, https:\/\/womanature.pl\/wp-content\/uploads\/2024\/02\/foto-Wojtek-600x400.jpg 600w\" sizes=\"(max-width: 2560px) 100vw, 2560px\" \/>\t\t\t\t\t\t\t\t\t\t\t\t\t\t\t<\/div>\n\t\t\t\t<\/div>\n\t\t\t\t\t<\/div>\n\t\t<\/div>\n\t\t\t\t<div class=\"elementor-column elementor-col-50 elementor-top-column elementor-element elementor-element-f5640a6\" data-id=\"f5640a6\" data-element_type=\"column\">\n\t\t\t<div class=\"elementor-widget-wrap elementor-element-populated\">\n\t\t\t\t\t\t<div class=\"elementor-element elementor-element-2655d12 elementor-widget elementor-widget-heading\" data-id=\"2655d12\" data-element_type=\"widget\" data-widget_type=\"heading.default\">\n\t\t\t\t<div class=\"elementor-widget-container\">\n\t\t\t\t\t<h1 class=\"elementor-heading-title elementor-size-default\">Wojciech<\/h1>\t\t\t\t<\/div>\n\t\t\t\t<\/div>\n\t\t\t\t<div class=\"elementor-element elementor-element-82cab4a elementor-widget elementor-widget-text-editor\" data-id=\"82cab4a\" data-element_type=\"widget\" data-widget_type=\"text-editor.default\">\n\t\t\t\t<div class=\"elementor-widget-container\">\n\t\t\t\t\t\t\t\t\t<p>Hij speelt een sleutelrol in het beheer van de investeringsprojecten en strategische ontwikkeling van WomaNature. Zijn passie voor geavanceerde technologie en jarenlange ervaring in projectmanagement zorgen ervoor dat het bedrijf snel groeit.<\/p><p><strong> Wojciech is verantwoordelijk voor:<\/strong><\/p><p>\u2705 Investeringsprojecten: Beheert investeringen waarmee het bedrijf innovatieve oplossingen en technologie\u00ebn kan introduceren.<\/p><p>Onderzoek en ontwikkeling: Werkt samen met het onderzoeksteam om ervoor te zorgen dat onze producten niet alleen innovatief, maar ook effectief en veilig zijn.<\/p><p>Opleiding: Geeft trainingspanels voor leerlingen en studenten om hen te helpen hun kennis over de invloed van verschillende ingredi\u00ebnten in huidverzorging te begrijpen en toe te passen.<\/p><p>\u2705 Klantenondersteuning: Staat in direct contact met klanten en helpt hen de meest geschikte producten en diensten te kiezen.<\/p><p>Dankzij Wojciech blijft WomaNature zijn normen verhogen en klanten innovatieve, effectieve huidverzorgingsoplossingen bieden.<\/p>\t\t\t\t\t\t\t\t<\/div>\n\t\t\t\t<\/div>\n\t\t\t\t\t<\/div>\n\t\t<\/div>\n\t\t\t\t\t<\/div>\n\t\t<\/section>\n\t\t\t\t<section class=\"elementor-section elementor-top-section elementor-element elementor-element-ec9ccf3 elementor-section-boxed elementor-section-height-default elementor-section-height-default\" data-id=\"ec9ccf3\" data-element_type=\"section\" data-settings=\"{&quot;background_background&quot;:&quot;classic&quot;}\">\n\t\t\t\t\t\t<div class=\"elementor-container elementor-column-gap-no\">\n\t\t\t\t\t<div class=\"elementor-column elementor-col-100 elementor-top-column elementor-element elementor-element-e129eff\" data-id=\"e129eff\" data-element_type=\"column\">\n\t\t\t<div class=\"elementor-widget-wrap elementor-element-populated\">\n\t\t\t\t\t\t<div class=\"elementor-element elementor-element-7933fee elementor-widget elementor-widget-heading\" data-id=\"7933fee\" data-element_type=\"widget\" data-widget_type=\"heading.default\">\n\t\t\t\t<div class=\"elementor-widget-container\">\n\t\t\t\t\t<h1 class=\"elementor-heading-title elementor-size-default\">Team<\/h1>\t\t\t\t<\/div>\n\t\t\t\t<\/div>\n\t\t\t\t<div class=\"elementor-element elementor-element-bd6cae4 elementor-widget elementor-widget-text-editor\" data-id=\"bd6cae4\" data-element_type=\"widget\" data-widget_type=\"text-editor.default\">\n\t\t\t\t<div class=\"elementor-widget-container\">\n\t\t\t\t\t\t\t\t\t<p>WomaNature is niet alleen Daria en Wojciech - het is ook een team van hooggekwalificeerde specialisten in chemie, dermatologie, cosmetologie en andere gerelateerde wetenschappen. Elk lid van ons team brengt unieke vaardigheden en ervaring mee die bijdragen aan het succes van ons bedrijf en de tevredenheid van onze klanten.<\/p><p><strong>Kwalificaties en inzet:<\/strong><\/p><p>Specialisten in hun vakgebied: Onze medewerkers zijn experts die hun kwalificaties voortdurend verbeteren door trainingen en brancheconferenties te volgen.<\/p><p>Passie voor cosmetologie: Elk lid van het team is toegewijd aan hun werk en gepassioneerd door natuurlijke huidverzorging, wat zich vertaalt in de kwaliteit van onze diensten en producten.<\/p><p>\u2705 Gepersonaliseerde aanpak: we streven ernaar om elke samenwerking met een klant uniek te maken, daarom richt ons team zich op een gepersonaliseerde aanpak en gepersonaliseerde oplossingen.<\/p><p>\u00a0<\/p><p>Word lid van onze WomaNature community en ontdek hoe we je kunnen helpen succesvol te zijn in onderzoek, training en huidverzorging. Wij zijn de plek waar innovatie, passie en professionaliteit samenkomen om een synergetisch geheel te cre\u00ebren dat zich vertaalt in superieure zorg en schoonheid voor je huid.<\/p><p>We nodigen je uit om met ons samen te werken en je aan te sluiten bij de tevreden klanten van WomaNature. Samen kunnen we meer bereiken!<\/p>\t\t\t\t\t\t\t\t<\/div>\n\t\t\t\t<\/div>\n\t\t\t\t\t<\/div>\n\t\t<\/div>\n\t\t\t\t\t<\/div>\n\t\t<\/section>\n\t\t\t\t<\/div>","protected":false},"excerpt":{"rendered":"<p>Nasza Misja Naszym celem jest zapewnienie klientom najwy\u017cszej jako\u015bci us\u0142ug badawczych oraz edukacyjnych, opartych na solidnej wiedzy i do\u015bwiadczeniu.D\u0105\u017cymy do ci\u0105g\u0142ego doskonalenia naszych metod i technologii, aby sprosta\u0107 wymaganiom dynamicznie zmieniaj\u0105cego si\u0119 rynku kosmetycznego. Daria Jest sercem i dusz\u0105 WomaNature, pe\u0142ni\u0105c rol\u0119 za\u0142o\u017cycielki oraz g\u0142\u00f3wnego specjalisty ds. rozwoju produkt\u00f3w. Absolwentka renomowanej Politechniki Warszawskiej, specjalizuj\u0105ca si\u0119 [&hellip;]<\/p>","protected":false},"author":3,"featured_media":0,"parent":0,"menu_order":0,"comment_status":"closed","ping_status":"closed","template":"","meta":{"inline_featured_image":false,"footnotes":""},"class_list":["post-1138","page","type-page","status-publish","hentry"],"aioseo_notices":[],"_links":{"self":[{"href":"https:\/\/womanature.pl\/nl\/wp-json\/wp\/v2\/pages\/1138","targetHints":{"allow":["GET"]}}],"collection":[{"href":"https:\/\/womanature.pl\/nl\/wp-json\/wp\/v2\/pages"}],"about":[{"href":"https:\/\/womanature.pl\/nl\/wp-json\/wp\/v2\/types\/page"}],"author":[{"embeddable":true,"href":"https:\/\/womanature.pl\/nl\/wp-json\/wp\/v2\/users\/3"}],"replies":[{"embeddable":true,"href":"https:\/\/womanature.pl\/nl\/wp-json\/wp\/v2\/comments?post=1138"}],"version-history":[{"count":0,"href":"https:\/\/womanature.pl\/nl\/wp-json\/wp\/v2\/pages\/1138\/revisions"}],"wp:attachment":[{"href":"https:\/\/womanature.pl\/nl\/wp-json\/wp\/v2\/media?parent=1138"}],"curies":[{"name":"wp","href":"https:\/\/api.w.org\/{rel}","templated":true}]}}