{"id":1508,"date":"2024-06-28T19:44:00","date_gmt":"2024-06-28T19:44:00","guid":{"rendered":"https:\/\/womanature.pl\/?page_id=1508"},"modified":"2024-08-08T21:11:53","modified_gmt":"2024-08-08T21:11:53","slug":"hamer-warmte-koude","status":"publish","type":"page","link":"https:\/\/womanature.pl\/nl\/hamer-warmte-koude\/","title":{"rendered":"Analyse van je huid"},"content":{"rendered":"<div data-elementor-type=\"wp-page\" data-elementor-id=\"1508\" class=\"elementor elementor-1508\" data-elementor-post-type=\"page\">\n\t\t\t\t\t\t<section class=\"elementor-section elementor-top-section elementor-element elementor-element-5a7536f elementor-section-boxed elementor-section-height-default elementor-section-height-default\" data-id=\"5a7536f\" data-element_type=\"section\" data-settings=\"{&quot;background_background&quot;:&quot;classic&quot;}\">\n\t\t\t\t\t\t\t<div class=\"elementor-background-overlay\"><\/div>\n\t\t\t\t\t\t\t<div class=\"elementor-container elementor-column-gap-no\">\n\t\t\t\t\t<div class=\"elementor-column elementor-col-100 elementor-top-column elementor-element elementor-element-86438d3\" data-id=\"86438d3\" data-element_type=\"column\">\n\t\t\t<div class=\"elementor-widget-wrap elementor-element-populated\">\n\t\t\t\t\t\t<div class=\"elementor-element elementor-element-3632ddd elementor-widget elementor-widget-heading\" data-id=\"3632ddd\" data-element_type=\"widget\" data-widget_type=\"heading.default\">\n\t\t\t\t<div class=\"elementor-widget-container\">\n\t\t\t\t\t<h2 class=\"elementor-heading-title elementor-size-default\">Wij bieden nauwkeurige huidtests,\ngebaseerd op maximaal 8 metingen:<\/h2>\t\t\t\t<\/div>\n\t\t\t\t<\/div>\n\t\t\t\t<div class=\"elementor-element elementor-element-b2c6ea0 elementor-widget elementor-widget-text-editor\" data-id=\"b2c6ea0\" data-element_type=\"widget\" data-widget_type=\"text-editor.default\">\n\t\t\t\t<div class=\"elementor-widget-container\">\n\t\t\t\t\t\t\t\t\t<p><span style=\"font-weight: 400;\">Met deze parameters is een uitgebreide beoordeling van de conditie van de huid mogelijk, waardoor een nauwkeurige selectie van huidverzorging en therapeutische behandelingen mogelijk is.<\/span><\/p>\t\t\t\t\t\t\t\t<\/div>\n\t\t\t\t<\/div>\n\t\t\t\t<div class=\"elementor-element elementor-element-657263c elementor-widget elementor-widget-ucaddon_two_column_product_bullets\" data-id=\"657263c\" data-element_type=\"widget\" data-widget_type=\"ucaddon_two_column_product_bullets.default\">\n\t\t\t\t<div class=\"elementor-widget-container\">\n\t\t\t\t\t\n<!-- start Product Highlights -->\n\t\t<link id='font-awesome-css' href='https:\/\/womanature.pl\/wp-content\/plugins\/unlimited-elements-for-elementor-premium\/assets_libraries\/font-awesome6\/fontawesome-all.min.css' type='text\/css' rel='stylesheet' >\n\t\t<link id='font-awesome-4-shim-css' href='https:\/\/womanature.pl\/wp-content\/plugins\/unlimited-elements-for-elementor-premium\/assets_libraries\/font-awesome6\/fontawesome-v4-shims.min.css' type='text\/css' rel='stylesheet' >\n\n<style>\/* widget: Product Highlights *\/\n\n.uc_clean_bullets *{\n\tmargin:0;\n\tpadding:0;\n\tbox-sizing: border-box;\n}\n\n.uc_clean_bullets .uc_clean_bullets_figure img\n{\n\twidth:100%;\n}\n\n#uc_two_column_product_bullets_elementor_657263c .uc_container_holder\n{\n  display:flex;\n  align-items:center;\n}\n\n#uc_two_column_product_bullets_elementor_657263c .uc_container_holder > div\n{\n  flex:1;\n}\n\n#uc_two_column_product_bullets_elementor_657263c small\n{\n  \n  background-color:#E2BB53;\n  display:block;\n  flex: 0 1 auto;\n}\n\n#uc_two_column_product_bullets_elementor_657263c h3\n{\n  display:flex;\n  align-items:center;\n  font-size:18px;\n  color:#275C53;\n}\n\n#uc_two_column_product_bullets_elementor_657263c h3 span\n{\n  flex: 0 1 auto;\n}\n\n#uc_two_column_product_bullets_elementor_657263c h3 div.line\n{\n  background-color:#E2BB53;\n  flex-grow: 1;\n  margin:10px;\n  \n}\n\n#uc_two_column_product_bullets_elementor_657263c .uc_content p\n{\n  color:#565656;\n  line-height:1.5em;\n}\n\n#uc_two_column_product_bullets_elementor_657263c .uc_last_child\n{\n  text-align:right;\n}\n\n#uc_two_column_product_bullets_elementor_657263c .uc_last_child h3\n{\n  flex-direction: row-reverse;\n}\n\n\n\t\n\n@media only screen and (max-width: 800px) {\n  #uc_two_column_product_bullets_elementor_657263c .uc_container_holder\n  {\n    flex-direction: column;\n  }\n  \n  #uc_two_column_product_bullets_elementor_657263c .uc_last_child h3\n{\n  flex-direction: row;\n}\n  \n  #uc_two_column_product_bullets_elementor_657263c .uc_last_child\n{\n  text-align:left;\n}\n  \n  \t\n  \n  \n}\n\n<\/style>\n\n<div class=\"uc_clean_bullets\" id=\"uc_two_column_product_bullets_elementor_657263c\" style=\"direction:ltr;\">   \t\n    \t<div class=\"uc_container_holder\">\n          \t<div class=\"uc_clean_bullets_column\">\n                 <div class=\"uc_content\">\t\n  <h3>\n   <span class=\"two_column_bullet_title\">Huidtextuur<\/span>\n    <div class=\"line\"><\/div>\n    <em><small><\/small>\n    <\/em> \n  <\/h3>\n  <p class=\"two_column_bullet_description\">De meting bepaalt de textuur van het epidermale oppervlak, het reli\u00ebf en de mate van gladheid, die de dichtheid, teint en stevigheid van de huid weerspiegelen.<\/p>\n<\/div>\n<div class=\"uc_content\">\t\n  <h3>\n   <span class=\"two_column_bullet_title\">Mate van smering<\/span>\n    <div class=\"line\"><\/div>\n    <em><small><\/small>\n    <\/em> \n  <\/h3>\n  <p class=\"two_column_bullet_description\">De meting maakt het mogelijk om de vettigheid van de huid te analyseren en de kwaliteit van de hydrolipidemantel te bepalen, die de huid beschermt tegen vochtverlies en externe factoren.<\/p>\n<\/div>\n<div class=\"uc_content\">\t\n  <h3>\n   <span class=\"two_column_bullet_title\">Mate van afschilfering<\/span>\n    <div class=\"line\"><\/div>\n    <em><small><\/small>\n    <\/em> \n  <\/h3>\n  <p class=\"two_column_bullet_description\">Door de hoeveelheid afschilfering in de hoornlaag te beoordelen, kan het keratinisatieproces van de huid worden gevolgd en kunnen mogelijke stoornissen in dit proces worden opgespoord.<\/p>\n<\/div>\n<div class=\"uc_content\">\t\n  <h3>\n   <span class=\"two_column_bullet_title\">Grootte van pori\u00ebn<\/span>\n    <div class=\"line\"><\/div>\n    <em><small><\/small>\n    <\/em> \n  <\/h3>\n  <p class=\"two_column_bullet_description\">Door de grootte van de pori\u00ebn te meten, is het mogelijk om hun grootte en conditie te beoordelen, om te zien of ze verstopt zijn en om actie te ondernemen om ze indien nodig te verkleinen.<\/p>\n<\/div>\n \n            <\/div>\n            \n            <div class=\"uc_clean_bullets_figure\">\n                <img decoding=\"async\" src=\"https:\/\/womanature.pl\/wp-content\/uploads\/2024\/03\/4-1.png\" alt=\"\">\n            <\/div>\n          \t<div class=\"uc_clean_bullets_column uc_last_child\">\n              \t<div class=\"uc_content\">\t\n  <h3> \n    <span class=\"two_column_bullet_title\">Breedte en diepte van rimpels<\/span>\n    <div class=\"line\"><\/div>\n    <em><small><\/small><\/em>\t\n  <\/h3>\n  <p class=\"two_column_bullet_description\">Door de breedte en diepte van rimpels te meten, is het mogelijk om de mate van huidveroudering te bepalen en de voortgang van verjongingsbehandelingen te controleren.<\/p>\n<\/div>\n<div class=\"uc_content\">\t\n  <h3> \n    <span class=\"two_column_bullet_title\">Vascularisatie van de huid<\/span>\n    <div class=\"line\"><\/div>\n    <em><small><\/small><\/em>\t\n  <\/h3>\n  <p class=\"two_column_bullet_description\">Een huidanalyse beoordeelt de conditie van de bloedvaten, hun elasticiteit en eventuele problemen met betrekking tot hun zichtbaarheid of barsten.<\/p>\n<\/div>\n<div class=\"uc_content\">\t\n  <h3> \n    <span class=\"two_column_bullet_title\">Huidverkleuring<\/span>\n    <div class=\"line\"><\/div>\n    <em><small><\/small><\/em>\t\n  <\/h3>\n  <p class=\"two_column_bullet_description\">Het beoordelen van hyperpigmentatie maakt het mogelijk om niet-uniforme huidverkleuring te identificeren en maatregelen te nemen om deze aan te pakken of te verminderen.<\/p>\n<\/div>\n<div class=\"uc_content\">\t\n  <h3> \n    <span class=\"two_column_bullet_title\">Mate van hydratatie<\/span>\n    <div class=\"line\"><\/div>\n    <em><small><\/small><\/em>\t\n  <\/h3>\n  <p class=\"two_column_bullet_description\">Het meten van het hydratatieniveau van de huid en het beoordelen van de functie van de natuurlijke vochtvasthoudende factor (NMF) helpt om de behoeften van de huid te begrijpen en de juiste verzorging op maat te maken.<\/p>\n<\/div>\n\n          \t<\/div>\n        <\/div>\n    <\/div>\n<!-- end Product Highlights -->\t\t\t\t<\/div>\n\t\t\t\t<\/div>\n\t\t\t\t\t<\/div>\n\t\t<\/div>\n\t\t\t\t\t<\/div>\n\t\t<\/section>\n\t\t\t\t<section class=\"elementor-section elementor-top-section elementor-element elementor-element-24389c7 elementor-section-boxed elementor-section-height-default elementor-section-height-default\" data-id=\"24389c7\" data-element_type=\"section\" data-settings=\"{&quot;background_background&quot;:&quot;classic&quot;}\">\n\t\t\t\t\t\t<div class=\"elementor-container elementor-column-gap-no\">\n\t\t\t\t\t<div class=\"elementor-column elementor-col-50 elementor-top-column elementor-element elementor-element-729fa04\" data-id=\"729fa04\" data-element_type=\"column\">\n\t\t\t<div class=\"elementor-widget-wrap elementor-element-populated\">\n\t\t\t\t\t\t<div class=\"elementor-element elementor-element-f9be035 elementor-widget elementor-widget-text-editor\" data-id=\"f9be035\" data-element_type=\"widget\" data-widget_type=\"text-editor.default\">\n\t\t\t\t<div class=\"elementor-widget-container\">\n\t\t\t\t\t\t\t\t\t<p>PERSONALISATIE SLEUTELWOORD VAN DE 21E EEUW<\/p>\t\t\t\t\t\t\t\t<\/div>\n\t\t\t\t<\/div>\n\t\t\t\t<div class=\"elementor-element elementor-element-2ab5534 elementor-widget elementor-widget-heading\" data-id=\"2ab5534\" data-element_type=\"widget\" data-widget_type=\"heading.default\">\n\t\t\t\t<div class=\"elementor-widget-container\">\n\t\t\t\t\t<h1 class=\"elementor-heading-title elementor-size-default\"><span style=\"color: #E2BB53\">Analyse<\/span> huiden<\/h1>\t\t\t\t<\/div>\n\t\t\t\t<\/div>\n\t\t\t\t<div class=\"elementor-element elementor-element-828c96a elementor-widget elementor-widget-image\" data-id=\"828c96a\" data-element_type=\"widget\" data-widget_type=\"image.default\">\n\t\t\t\t<div class=\"elementor-widget-container\">\n\t\t\t\t\t\t\t\t\t\t\t\t\t\t\t<img fetchpriority=\"high\" decoding=\"async\" width=\"800\" height=\"800\" src=\"https:\/\/womanature.pl\/wp-content\/uploads\/2024\/03\/szkolenie-analiza-skory-e1710185004628-1024x1024.png\" class=\"attachment-large size-large wp-image-1289\" alt=\"\" srcset=\"https:\/\/womanature.pl\/wp-content\/uploads\/2024\/03\/szkolenie-analiza-skory-e1710185004628-1024x1024.png 1024w, https:\/\/womanature.pl\/wp-content\/uploads\/2024\/03\/szkolenie-analiza-skory-e1710185004628-300x300.png 300w, https:\/\/womanature.pl\/wp-content\/uploads\/2024\/03\/szkolenie-analiza-skory-e1710185004628-150x150.png 150w, https:\/\/womanature.pl\/wp-content\/uploads\/2024\/03\/szkolenie-analiza-skory-e1710185004628-768x768.png 768w, https:\/\/womanature.pl\/wp-content\/uploads\/2024\/03\/szkolenie-analiza-skory-e1710185004628-1536x1536.png 1536w, https:\/\/womanature.pl\/wp-content\/uploads\/2024\/03\/szkolenie-analiza-skory-e1710185004628-2048x2048.png 2048w, https:\/\/womanature.pl\/wp-content\/uploads\/2024\/03\/szkolenie-analiza-skory-e1710185004628-12x12.png 12w, https:\/\/womanature.pl\/wp-content\/uploads\/2024\/03\/szkolenie-analiza-skory-e1710185004628-600x600.png 600w, https:\/\/womanature.pl\/wp-content\/uploads\/2024\/03\/szkolenie-analiza-skory-e1710185004628-100x100.png 100w\" sizes=\"(max-width: 800px) 100vw, 800px\" \/>\t\t\t\t\t\t\t\t\t\t\t\t\t\t\t<\/div>\n\t\t\t\t<\/div>\n\t\t\t\t\t<\/div>\n\t\t<\/div>\n\t\t\t\t<div class=\"elementor-column elementor-col-50 elementor-top-column elementor-element elementor-element-c6a62ed\" data-id=\"c6a62ed\" data-element_type=\"column\">\n\t\t\t<div class=\"elementor-widget-wrap elementor-element-populated\">\n\t\t\t\t\t\t<div class=\"elementor-element elementor-element-c628590 elementor-widget elementor-widget-text-editor\" data-id=\"c628590\" data-element_type=\"widget\" data-widget_type=\"text-editor.default\">\n\t\t\t\t<div class=\"elementor-widget-container\">\n\t\t\t\t\t\t\t\t\t<p><span style=\"font-weight: 400;\">Het apparaat maakt een uitgebreide huidanalyse mogelijk en levert de gedetailleerde informatie die nodig is om behandelingen en huidverzorging te personaliseren.<\/span><\/p>\t\t\t\t\t\t\t\t<\/div>\n\t\t\t\t<\/div>\n\t\t\t\t<div class=\"elementor-element elementor-element-99bd6b3 elementor-widget elementor-widget-text-editor\" data-id=\"99bd6b3\" data-element_type=\"widget\" data-widget_type=\"text-editor.default\">\n\t\t\t\t<div class=\"elementor-widget-container\">\n\t\t\t\t\t\t\t\t\t<p><span style=\"font-weight: 400;\">Werking: De analyser is uitgerust met geavanceerde beeldvormingssystemen waarmee de huid nauwkeurig kan worden onderzocht vanuit verschillende hoeken en in verschillende lichtbereiken (bijv. zichtbaar licht, UV). Dit maakt het mogelijk om huidaandoeningen zoals rimpels, verkleuring, oneffenheden of hydratatie te beoordelen.<\/span><\/p>\t\t\t\t\t\t\t\t<\/div>\n\t\t\t\t<\/div>\n\t\t\t\t<div class=\"elementor-element elementor-element-b02d59d elementor-widget elementor-widget-text-editor\" data-id=\"b02d59d\" data-element_type=\"widget\" data-widget_type=\"text-editor.default\">\n\t\t\t\t<div class=\"elementor-widget-container\">\n\t\t\t\t\t\t\t\t\t<p><span style=\"font-weight: 400;\">Doel: Het apparaat wordt gebruikt om verschillende huidparameters te beoordelen, zoals vochtgehalte, elasticiteit, textuur en de aanwezigheid van pathologische veranderingen. Het helpt ook om de effecten van cosmetische en dermatologische behandelingen te controleren.<\/span><\/p>\t\t\t\t\t\t\t\t<\/div>\n\t\t\t\t<\/div>\n\t\t\t\t<div class=\"elementor-element elementor-element-dd33d7e elementor-widget elementor-widget-text-editor\" data-id=\"dd33d7e\" data-element_type=\"widget\" data-widget_type=\"text-editor.default\">\n\t\t\t\t<div class=\"elementor-widget-container\">\n\t\t\t\t\t\t\t\t\t<p><span style=\"font-weight: 400;\">Voordelen: Analyse biedt nauwkeurige gegevens ter ondersteuning van de selectie van geschikte huidverzorgingsproducten en de planning van behandelingen. Het is een uiterst nuttig hulpmiddel bij de diagnostiek voorafgaand aan esthetische behandelingen en bij het bewaken van de voortgang van de behandeling.<\/span><\/p>\t\t\t\t\t\t\t\t<\/div>\n\t\t\t\t<\/div>\n\t\t\t\t\t<\/div>\n\t\t<\/div>\n\t\t\t\t\t<\/div>\n\t\t<\/section>\n\t\t\t\t<section class=\"elementor-section elementor-top-section elementor-element elementor-element-7e752ea elementor-section-boxed elementor-section-height-default elementor-section-height-default\" data-id=\"7e752ea\" data-element_type=\"section\" data-settings=\"{&quot;background_background&quot;:&quot;classic&quot;}\">\n\t\t\t\t\t\t\t<div class=\"elementor-background-overlay\"><\/div>\n\t\t\t\t\t\t\t<div class=\"elementor-container elementor-column-gap-no\">\n\t\t\t\t\t<div class=\"elementor-column elementor-col-100 elementor-top-column elementor-element elementor-element-54aced8\" data-id=\"54aced8\" data-element_type=\"column\">\n\t\t\t<div class=\"elementor-widget-wrap elementor-element-populated\">\n\t\t\t\t\t\t<div class=\"elementor-element elementor-element-e0aed39 elementor-widget elementor-widget-heading\" data-id=\"e0aed39\" data-element_type=\"widget\" data-widget_type=\"heading.default\">\n\t\t\t\t<div class=\"elementor-widget-container\">\n\t\t\t\t\t<h1 class=\"elementor-heading-title elementor-size-default\">Controleer uw <span style=\"color: #E2BB53\">huid<\/span>de juiste zorg kiezen<\/h1>\t\t\t\t<\/div>\n\t\t\t\t<\/div>\n\t\t\t\t<div class=\"elementor-element elementor-element-0ce49f7 elementor-widget elementor-widget-text-editor\" data-id=\"0ce49f7\" data-element_type=\"widget\" data-widget_type=\"text-editor.default\">\n\t\t\t\t<div class=\"elementor-widget-container\">\n\t\t\t\t\t\t\t\t\tDe resultaten van alle metingen maken een holistische analyse van de huidconditie mogelijk en bieden de mogelijkheid om nauwkeurig de juiste cosmetica en behandelingen te selecteren.   In een rapport aan de klant wordt de conditie van de huid beschreven, samen met gedetailleerde aanwijzingen voor thuis- en kantoorverzorging.\n\t\t\t\t\t\t\t\t<\/div>\n\t\t\t\t<\/div>\n\t\t\t\t<section class=\"elementor-section elementor-inner-section elementor-element elementor-element-5366e77 elementor-section-full_width elementor-section-height-default elementor-section-height-default\" data-id=\"5366e77\" data-element_type=\"section\">\n\t\t\t\t\t\t<div class=\"elementor-container elementor-column-gap-default\">\n\t\t\t\t\t<div class=\"elementor-column elementor-col-33 elementor-inner-column elementor-element elementor-element-f9649b4\" data-id=\"f9649b4\" data-element_type=\"column\">\n\t\t\t<div class=\"elementor-widget-wrap elementor-element-populated\">\n\t\t\t\t\t\t<div class=\"elementor-element elementor-element-96f8a87 elementor-position-top elementor-widget elementor-widget-image-box\" data-id=\"96f8a87\" data-element_type=\"widget\" data-widget_type=\"image-box.default\">\n\t\t\t\t<div class=\"elementor-widget-container\">\n\t\t\t\t\t<div class=\"elementor-image-box-wrapper\"><figure class=\"elementor-image-box-img\"><img decoding=\"async\" width=\"64\" height=\"64\" src=\"https:\/\/womanature.pl\/wp-content\/uploads\/2023\/07\/skin-cell.png\" class=\"attachment-full size-full wp-image-186\" alt=\"\" \/><\/figure><div class=\"elementor-image-box-content\"><h3 class=\"elementor-image-box-title\">Huidtextuur <\/h3><p class=\"elementor-image-box-description\">De meting bepaalt de textuur van het epidermale oppervlak, het reli\u00ebf en de mate van gladheid, die de dichtheid, teint en stevigheid van de huid weerspiegelen.<\/p><\/div><\/div>\t\t\t\t<\/div>\n\t\t\t\t<\/div>\n\t\t\t\t\t<\/div>\n\t\t<\/div>\n\t\t\t\t<div class=\"elementor-column elementor-col-33 elementor-inner-column elementor-element elementor-element-86196bd\" data-id=\"86196bd\" data-element_type=\"column\">\n\t\t\t<div class=\"elementor-widget-wrap elementor-element-populated\">\n\t\t\t\t\t\t<div class=\"elementor-element elementor-element-1f41761 elementor-position-top elementor-widget elementor-widget-image-box\" data-id=\"1f41761\" data-element_type=\"widget\" data-widget_type=\"image-box.default\">\n\t\t\t\t<div class=\"elementor-widget-container\">\n\t\t\t\t\t<div class=\"elementor-image-box-wrapper\"><figure class=\"elementor-image-box-img\"><img decoding=\"async\" width=\"64\" height=\"64\" src=\"https:\/\/womanature.pl\/wp-content\/uploads\/2023\/07\/skin.png\" class=\"attachment-full size-full wp-image-189\" alt=\"\" \/><\/figure><div class=\"elementor-image-box-content\"><h3 class=\"elementor-image-box-title\">Grootte van pori\u00ebn<\/h3><p class=\"elementor-image-box-description\">Door de grootte van de pori\u00ebn te meten, is het mogelijk om de grootte van de pori\u00ebn te beoordelen en na te gaan of ze normaal zijn en eventueel stappen te ondernemen om ze te verkleinen. \n<\/p><\/div><\/div>\t\t\t\t<\/div>\n\t\t\t\t<\/div>\n\t\t\t\t\t<\/div>\n\t\t<\/div>\n\t\t\t\t<div class=\"elementor-column elementor-col-33 elementor-inner-column elementor-element elementor-element-c93534a\" data-id=\"c93534a\" data-element_type=\"column\">\n\t\t\t<div class=\"elementor-widget-wrap elementor-element-populated\">\n\t\t\t\t\t\t<div class=\"elementor-element elementor-element-ae063af elementor-position-top elementor-widget elementor-widget-image-box\" data-id=\"ae063af\" data-element_type=\"widget\" data-widget_type=\"image-box.default\">\n\t\t\t\t<div class=\"elementor-widget-container\">\n\t\t\t\t\t<div class=\"elementor-image-box-wrapper\"><figure class=\"elementor-image-box-img\"><img loading=\"lazy\" decoding=\"async\" width=\"64\" height=\"64\" src=\"https:\/\/womanature.pl\/wp-content\/uploads\/2023\/07\/dry-skin.png\" class=\"attachment-full size-full wp-image-190\" alt=\"\" \/><\/figure><div class=\"elementor-image-box-content\"><h3 class=\"elementor-image-box-title\">Breedte en diepte van rimpels<\/h3><p class=\"elementor-image-box-description\">Het meten van rimpels maakt het mogelijk om de progressie van huidveroudering te bepalen en het verloop van verjongingsbehandelingen te observeren.\n<\/p><\/div><\/div>\t\t\t\t<\/div>\n\t\t\t\t<\/div>\n\t\t\t\t\t<\/div>\n\t\t<\/div>\n\t\t\t\t\t<\/div>\n\t\t<\/section>\n\t\t\t\t<section class=\"elementor-section elementor-inner-section elementor-element elementor-element-3d3834b elementor-section-full_width elementor-section-height-default elementor-section-height-default\" data-id=\"3d3834b\" data-element_type=\"section\">\n\t\t\t\t\t\t<div class=\"elementor-container elementor-column-gap-default\">\n\t\t\t\t\t<div class=\"elementor-column elementor-col-33 elementor-inner-column elementor-element elementor-element-a9426e7\" data-id=\"a9426e7\" data-element_type=\"column\">\n\t\t\t<div class=\"elementor-widget-wrap elementor-element-populated\">\n\t\t\t\t\t\t<div class=\"elementor-element elementor-element-9510c80 elementor-position-top elementor-widget elementor-widget-image-box\" data-id=\"9510c80\" data-element_type=\"widget\" data-widget_type=\"image-box.default\">\n\t\t\t\t<div class=\"elementor-widget-container\">\n\t\t\t\t\t<div class=\"elementor-image-box-wrapper\"><figure class=\"elementor-image-box-img\"><img loading=\"lazy\" decoding=\"async\" width=\"64\" height=\"64\" src=\"https:\/\/womanature.pl\/wp-content\/uploads\/2023\/07\/skincare.png\" class=\"attachment-full size-full wp-image-187\" alt=\"\" \/><\/figure><div class=\"elementor-image-box-content\"><h3 class=\"elementor-image-box-title\">Mate van smering<\/h3><p class=\"elementor-image-box-description\">De meting maakt het mogelijk om de vettigheid van de huid te analyseren en de kwaliteit van de hydrolipidemantel van de huid te bepalen.\n<\/p><\/div><\/div>\t\t\t\t<\/div>\n\t\t\t\t<\/div>\n\t\t\t\t\t<\/div>\n\t\t<\/div>\n\t\t\t\t<div class=\"elementor-column elementor-col-33 elementor-inner-column elementor-element elementor-element-7d5ace8\" data-id=\"7d5ace8\" data-element_type=\"column\">\n\t\t\t<div class=\"elementor-widget-wrap elementor-element-populated\">\n\t\t\t\t\t\t<div class=\"elementor-element elementor-element-1ecb6be elementor-position-top elementor-widget elementor-widget-image-box\" data-id=\"1ecb6be\" data-element_type=\"widget\" data-widget_type=\"image-box.default\">\n\t\t\t\t<div class=\"elementor-widget-container\">\n\t\t\t\t\t<div class=\"elementor-image-box-wrapper\"><figure class=\"elementor-image-box-img\"><img loading=\"lazy\" decoding=\"async\" width=\"64\" height=\"64\" src=\"https:\/\/womanature.pl\/wp-content\/uploads\/2023\/07\/depilation.png\" class=\"attachment-full size-full wp-image-188\" alt=\"\" \/><\/figure><div class=\"elementor-image-box-content\"><h3 class=\"elementor-image-box-title\">Mate van afschilfering<\/h3><p class=\"elementor-image-box-description\">Door de hoeveelheid exfoli\u00ebrende opperhuid in de hoornlaag te beoordelen, kunnen stoornissen in het keratinisatieproces worden opgespoord.\n<\/p><\/div><\/div>\t\t\t\t<\/div>\n\t\t\t\t<\/div>\n\t\t\t\t\t<\/div>\n\t\t<\/div>\n\t\t\t\t<div class=\"elementor-column elementor-col-33 elementor-inner-column elementor-element elementor-element-57f8fe6\" data-id=\"57f8fe6\" data-element_type=\"column\">\n\t\t\t<div class=\"elementor-widget-wrap elementor-element-populated\">\n\t\t\t\t\t\t<div class=\"elementor-element elementor-element-da061f2 elementor-position-top elementor-widget elementor-widget-image-box\" data-id=\"da061f2\" data-element_type=\"widget\" data-widget_type=\"image-box.default\">\n\t\t\t\t<div class=\"elementor-widget-container\">\n\t\t\t\t\t<div class=\"elementor-image-box-wrapper\"><figure class=\"elementor-image-box-img\"><img loading=\"lazy\" decoding=\"async\" width=\"64\" height=\"64\" src=\"https:\/\/womanature.pl\/wp-content\/uploads\/2023\/07\/oily.png\" class=\"attachment-full size-full wp-image-191\" alt=\"\" \/><\/figure><div class=\"elementor-image-box-content\"><h3 class=\"elementor-image-box-title\">Mate van hydratatie<\/h3><p class=\"elementor-image-box-description\">Beoordeling van de functie en het hydratatieniveau en de kwaliteit van de NMF is mogelijk met een vochtmeetsensor.\n<\/p><\/div><\/div>\t\t\t\t<\/div>\n\t\t\t\t<\/div>\n\t\t\t\t\t<\/div>\n\t\t<\/div>\n\t\t\t\t\t<\/div>\n\t\t<\/section>\n\t\t\t\t\t<\/div>\n\t\t<\/div>\n\t\t\t\t\t<\/div>\n\t\t<\/section>\n\t\t\t\t<\/div>","protected":false},"excerpt":{"rendered":"<p>Oferujemy precyzyjne badania sk\u00f3ry, opieraj\u0105ce si\u0119 a\u017c na 8 pomiarach: Dzi\u0119ki tym parametrom mo\u017cliwa jest kompleksowa ocena stanu sk\u00f3ry, co umo\u017cliwia precyzyjne dobranie zabieg\u00f3w piel\u0119gnacyjnych i terapeutycznych. Struktur\u0119 sk\u00f3ry Pomiar okre\u015bla struktur\u0119 powierzchni nask\u00f3rka, jej rze\u017ab\u0119 i poziom g\u0142adko\u015bci, kt\u00f3re odzwierciedlaj\u0105 g\u0119sto\u015b\u0107 sk\u00f3ry, napi\u0119cie i j\u0119drno\u015b\u0107. Stopie\u0144 nat\u0142uszczenia Pomiar pozwala na analiz\u0119 nat\u0142uszczenia sk\u00f3ry oraz [&hellip;]<\/p>","protected":false},"author":3,"featured_media":0,"parent":0,"menu_order":0,"comment_status":"closed","ping_status":"closed","template":"","meta":{"inline_featured_image":false,"footnotes":""},"class_list":["post-1508","page","type-page","status-publish","hentry"],"aioseo_notices":[],"_links":{"self":[{"href":"https:\/\/womanature.pl\/nl\/wp-json\/wp\/v2\/pages\/1508","targetHints":{"allow":["GET"]}}],"collection":[{"href":"https:\/\/womanature.pl\/nl\/wp-json\/wp\/v2\/pages"}],"about":[{"href":"https:\/\/womanature.pl\/nl\/wp-json\/wp\/v2\/types\/page"}],"author":[{"embeddable":true,"href":"https:\/\/womanature.pl\/nl\/wp-json\/wp\/v2\/users\/3"}],"replies":[{"embeddable":true,"href":"https:\/\/womanature.pl\/nl\/wp-json\/wp\/v2\/comments?post=1508"}],"version-history":[{"count":0,"href":"https:\/\/womanature.pl\/nl\/wp-json\/wp\/v2\/pages\/1508\/revisions"}],"wp:attachment":[{"href":"https:\/\/womanature.pl\/nl\/wp-json\/wp\/v2\/media?parent=1508"}],"curies":[{"name":"wp","href":"https:\/\/api.w.org\/{rel}","templated":true}]}}